{"id":11265,"date":"2024-04-07T11:41:09","date_gmt":"2024-04-07T11:41:09","guid":{"rendered":"https:\/\/salutieducacioemocional.com\/?page_id=11265"},"modified":"2024-06-08T20:49:39","modified_gmt":"2024-06-08T20:49:39","slug":"aaron-ajoku","status":"publish","type":"page","link":"https:\/\/salutieducacioemocional.com\/ca\/equip\/aaron-ajoku\/","title":{"rendered":"Aaron Ajoku"},"content":{"rendered":"\t\t<div data-elementor-type=\"wp-page\" data-elementor-id=\"11265\" class=\"elementor elementor-11265\" data-elementor-post-type=\"page\">\n\t\t\t\t\t\t<section class=\"elementor-section elementor-top-section elementor-element elementor-element-7aa0848f elementor-section-boxed elementor-section-height-default elementor-section-height-default\" data-id=\"7aa0848f\" data-element_type=\"section\" data-e-type=\"section\">\n\t\t\t\t\t\t<div class=\"elementor-container elementor-column-gap-default\">\n\t\t\t\t\t<div class=\"elementor-column elementor-col-100 elementor-top-column elementor-element elementor-element-261ef59b\" data-id=\"261ef59b\" data-element_type=\"column\" data-e-type=\"column\">\n\t\t\t<div class=\"elementor-widget-wrap elementor-element-populated\">\n\t\t\t\t\t\t<div class=\"elementor-element elementor-element-5e291fa0 elementor-widget elementor-widget-image\" data-id=\"5e291fa0\" data-element_type=\"widget\" data-e-type=\"widget\" data-widget_type=\"image.default\">\n\t\t\t\t<div class=\"elementor-widget-container\">\n\t\t\t\t\t\t\t\t\t\t\t\t\t\t\t<img fetchpriority=\"high\" decoding=\"async\" width=\"300\" height=\"300\" src=\"https:\/\/salutieducacioemocional.com\/wp-content\/uploads\/2024\/04\/SEER-Web-Equip-300x300.png\" class=\"attachment-medium size-medium wp-image-11260\" alt=\"\" srcset=\"https:\/\/salutieducacioemocional.com\/wp-content\/uploads\/2024\/04\/SEER-Web-Equip-300x300.png 300w, https:\/\/salutieducacioemocional.com\/wp-content\/uploads\/2024\/04\/SEER-Web-Equip-1024x1024.png 1024w, https:\/\/salutieducacioemocional.com\/wp-content\/uploads\/2024\/04\/SEER-Web-Equip-150x150.png 150w, https:\/\/salutieducacioemocional.com\/wp-content\/uploads\/2024\/04\/SEER-Web-Equip-768x768.png 768w, https:\/\/salutieducacioemocional.com\/wp-content\/uploads\/2024\/04\/SEER-Web-Equip-600x600.png 600w, https:\/\/salutieducacioemocional.com\/wp-content\/uploads\/2024\/04\/SEER-Web-Equip-100x100.png 100w, https:\/\/salutieducacioemocional.com\/wp-content\/uploads\/2024\/04\/SEER-Web-Equip.png 1080w\" sizes=\"(max-width: 300px) 100vw, 300px\" \/>\t\t\t\t\t\t\t\t\t\t\t\t\t\t\t<\/div>\n\t\t\t\t<\/div>\n\t\t\t\t<div class=\"elementor-element elementor-element-2a975567 elementor-widget elementor-widget-heading\" data-id=\"2a975567\" data-element_type=\"widget\" data-e-type=\"widget\" data-widget_type=\"heading.default\">\n\t\t\t\t<div class=\"elementor-widget-container\">\n\t\t\t\t\t<h1 class=\"elementor-heading-title elementor-size-xl\">Aaron Ajoku<\/h1>\t\t\t\t<\/div>\n\t\t\t\t<\/div>\n\t\t\t\t<div class=\"elementor-element elementor-element-5a4f42cf elementor-widget elementor-widget-heading\" data-id=\"5a4f42cf\" data-element_type=\"widget\" data-e-type=\"widget\" data-widget_type=\"heading.default\">\n\t\t\t\t<div class=\"elementor-widget-container\">\n\t\t\t\t\t<h2 class=\"elementor-heading-title elementor-size-default\">Facilitador<\/h2>\t\t\t\t<\/div>\n\t\t\t\t<\/div>\n\t\t\t\t<div class=\"elementor-element elementor-element-264e8d0b elementor-widget-divider--view-line elementor-widget elementor-widget-divider\" data-id=\"264e8d0b\" data-element_type=\"widget\" data-e-type=\"widget\" data-widget_type=\"divider.default\">\n\t\t\t\t<div class=\"elementor-widget-container\">\n\t\t\t\t\t\t\t<div class=\"elementor-divider\">\n\t\t\t<span class=\"elementor-divider-separator\">\n\t\t\t\t\t\t<\/span>\n\t\t<\/div>\n\t\t\t\t\t\t<\/div>\n\t\t\t\t<\/div>\n\t\t\t\t<div class=\"elementor-element elementor-element-3c39fc15 elementor-widget elementor-widget-text-editor\" data-id=\"3c39fc15\" data-element_type=\"widget\" data-e-type=\"widget\" data-widget_type=\"text-editor.default\">\n\t\t\t\t<div class=\"elementor-widget-container\">\n\t\t\t\t\t\t\t\t\t<p>El gust per l&#8217;educaci\u00f3 m&#8217;ha acompanyat des de molt jove, fent els meus primers passos com a entrenador de futbol sala. En aquest m\u00f3n que barreja esport i educaci\u00f3, vaig trobar una passi\u00f3 per influir en el desenvolupament integral dels joves, tant en l&#8217;\u00e0mbit esportiu com en el seu creixement personal i educatiu.<\/p><p>Format en el grau universitari de Pedagogia, vaig descobrir amb claredat que l&#8217;educaci\u00f3 ha estat sempre el cam\u00ed que he volgut seguir. Complementant aquesta formaci\u00f3 amb el grau superior d&#8217;Educaci\u00f3 Infantil, vaig adquirir eines pr\u00e0ctiques i coneixements especialitzats per a guiar el creixement i l&#8217;aprenentatge dels m\u00e9s petits. Les meves ganes i il\u00b7lusi\u00f3 per continuar formant-me continuen sent una part integral de la meva traject\u00f2ria, impulsant-me constantment a millorar.<\/p><p>La meva profunda passi\u00f3 per l&#8217;educaci\u00f3 i el meu comprom\u00eds d&#8217;impactar positivament en els desajustaments de la nostra societat s\u00f3n els motors que impulsen la meva vida. SEER em dona la possibilitat d&#8217;establir vincles de confian\u00e7a amb nens i joves, brindant-los suport en el seu viatge cap a l&#8217;apoderament emocional i el creixement personal.<\/p>\t\t\t\t\t\t\t\t<\/div>\n\t\t\t\t<\/div>\n\t\t\t\t\t<\/div>\n\t\t<\/div>\n\t\t\t\t\t<\/div>\n\t\t<\/section>\n\t\t\t\t<\/div>\n\t\t","protected":false},"excerpt":{"rendered":"<p>Aaron Ajoku Facilitador El gust per l&#8217;educaci\u00f3 m&#8217;ha acompanyat des de molt jove, fent els meus primers passos com a entrenador de futbol sala. En aquest m\u00f3n que barreja esport i educaci\u00f3, vaig trobar una passi\u00f3 per influir en el desenvolupament integral dels joves, tant en l&#8217;\u00e0mbit esportiu com en el seu creixement personal i [&hellip;]<\/p>\n","protected":false},"author":1,"featured_media":0,"parent":217,"menu_order":0,"comment_status":"closed","ping_status":"closed","template":"","meta":{"footnotes":""},"class_list":["post-11265","page","type-page","status-publish","hentry"],"yoast_head":"<!-- This site is optimized with the Yoast SEO plugin v27.3 - https:\/\/yoast.com\/product\/yoast-seo-wordpress\/ -->\n<title>Aaron Ajoku - SEER<\/title>\n<meta name=\"robots\" content=\"index, follow, max-snippet:-1, max-image-preview:large, max-video-preview:-1\" \/>\n<link rel=\"canonical\" href=\"https:\/\/salutieducacioemocional.com\/equipo\/aaron-ajoku\/\" \/>\n<meta property=\"og:locale\" content=\"ca_ES\" \/>\n<meta property=\"og:type\" content=\"article\" \/>\n<meta property=\"og:title\" content=\"Aaron Ajoku - SEER\" \/>\n<meta property=\"og:description\" content=\"Aaron Ajoku Facilitador El gust per l&#8217;educaci\u00f3 m&#8217;ha acompanyat des de molt jove, fent els meus primers passos com a entrenador de futbol sala. En aquest m\u00f3n que barreja esport i educaci\u00f3, vaig trobar una passi\u00f3 per influir en el desenvolupament integral dels joves, tant en l&#8217;\u00e0mbit esportiu com en el seu creixement personal i [&hellip;]\" \/>\n<meta property=\"og:url\" content=\"https:\/\/salutieducacioemocional.com\/equipo\/aaron-ajoku\/\" \/>\n<meta property=\"og:site_name\" content=\"SEER\" \/>\n<meta property=\"article:publisher\" content=\"https:\/\/www.facebook.com\/equipseer\" \/>\n<meta property=\"article:modified_time\" content=\"2024-06-08T20:49:39+00:00\" \/>\n<meta property=\"og:image\" content=\"https:\/\/salutieducacioemocional.com\/wp-content\/uploads\/2024\/04\/SEER-Web-Equip-300x300.png\" \/>\n<meta name=\"twitter:card\" content=\"summary_large_image\" \/>\n<meta name=\"twitter:site\" content=\"@equipseer\" \/>\n<script type=\"application\/ld+json\" class=\"yoast-schema-graph\">{\"@context\":\"https:\\\/\\\/schema.org\",\"@graph\":[{\"@type\":\"WebPage\",\"@id\":\"https:\\\/\\\/salutieducacioemocional.com\\\/equipo\\\/aaron-ajoku\\\/\",\"url\":\"https:\\\/\\\/salutieducacioemocional.com\\\/equipo\\\/aaron-ajoku\\\/\",\"name\":\"Aaron Ajoku - SEER\",\"isPartOf\":{\"@id\":\"https:\\\/\\\/salutieducacioemocional.com\\\/#website\"},\"primaryImageOfPage\":{\"@id\":\"https:\\\/\\\/salutieducacioemocional.com\\\/equipo\\\/aaron-ajoku\\\/#primaryimage\"},\"image\":{\"@id\":\"https:\\\/\\\/salutieducacioemocional.com\\\/equipo\\\/aaron-ajoku\\\/#primaryimage\"},\"thumbnailUrl\":\"https:\\\/\\\/salutieducacioemocional.com\\\/wp-content\\\/uploads\\\/2024\\\/04\\\/SEER-Web-Equip-300x300.png\",\"datePublished\":\"2024-04-07T11:41:09+00:00\",\"dateModified\":\"2024-06-08T20:49:39+00:00\",\"breadcrumb\":{\"@id\":\"https:\\\/\\\/salutieducacioemocional.com\\\/equipo\\\/aaron-ajoku\\\/#breadcrumb\"},\"inLanguage\":\"ca\",\"potentialAction\":[{\"@type\":\"ReadAction\",\"target\":[\"https:\\\/\\\/salutieducacioemocional.com\\\/equipo\\\/aaron-ajoku\\\/\"]}]},{\"@type\":\"ImageObject\",\"inLanguage\":\"ca\",\"@id\":\"https:\\\/\\\/salutieducacioemocional.com\\\/equipo\\\/aaron-ajoku\\\/#primaryimage\",\"url\":\"https:\\\/\\\/salutieducacioemocional.com\\\/wp-content\\\/uploads\\\/2024\\\/04\\\/SEER-Web-Equip-300x300.png\",\"contentUrl\":\"https:\\\/\\\/salutieducacioemocional.com\\\/wp-content\\\/uploads\\\/2024\\\/04\\\/SEER-Web-Equip-300x300.png\"},{\"@type\":\"BreadcrumbList\",\"@id\":\"https:\\\/\\\/salutieducacioemocional.com\\\/equipo\\\/aaron-ajoku\\\/#breadcrumb\",\"itemListElement\":[{\"@type\":\"ListItem\",\"position\":1,\"name\":\"Portada\",\"item\":\"https:\\\/\\\/salutieducacioemocional.com\\\/\"},{\"@type\":\"ListItem\",\"position\":2,\"name\":\"Equip\",\"item\":\"https:\\\/\\\/salutieducacioemocional.com\\\/equipo\\\/\"},{\"@type\":\"ListItem\",\"position\":3,\"name\":\"Aaron Ajoku\"}]},{\"@type\":\"WebSite\",\"@id\":\"https:\\\/\\\/salutieducacioemocional.com\\\/#website\",\"url\":\"https:\\\/\\\/salutieducacioemocional.com\\\/\",\"name\":\"SEER\",\"description\":\"Salut i Educaci\u00f3 Emocional\",\"publisher\":{\"@id\":\"https:\\\/\\\/salutieducacioemocional.com\\\/#organization\"},\"potentialAction\":[{\"@type\":\"SearchAction\",\"target\":{\"@type\":\"EntryPoint\",\"urlTemplate\":\"https:\\\/\\\/salutieducacioemocional.com\\\/?s={search_term_string}\"},\"query-input\":{\"@type\":\"PropertyValueSpecification\",\"valueRequired\":true,\"valueName\":\"search_term_string\"}}],\"inLanguage\":\"ca\"},{\"@type\":\"Organization\",\"@id\":\"https:\\\/\\\/salutieducacioemocional.com\\\/#organization\",\"name\":\"Salut i Educaci\u00f3 Emocional S.L\",\"alternateName\":\"SEER\",\"url\":\"https:\\\/\\\/salutieducacioemocional.com\\\/\",\"logo\":{\"@type\":\"ImageObject\",\"inLanguage\":\"ca\",\"@id\":\"https:\\\/\\\/salutieducacioemocional.com\\\/#\\\/schema\\\/logo\\\/image\\\/\",\"url\":\"https:\\\/\\\/salutieducacioemocional.com\\\/wp-content\\\/uploads\\\/2018\\\/12\\\/cropped-educacion-emocional-seer-e1545471861400.png\",\"contentUrl\":\"https:\\\/\\\/salutieducacioemocional.com\\\/wp-content\\\/uploads\\\/2018\\\/12\\\/cropped-educacion-emocional-seer-e1545471861400.png\",\"width\":200,\"height\":78,\"caption\":\"Salut i Educaci\u00f3 Emocional S.L\"},\"image\":{\"@id\":\"https:\\\/\\\/salutieducacioemocional.com\\\/#\\\/schema\\\/logo\\\/image\\\/\"},\"sameAs\":[\"https:\\\/\\\/www.facebook.com\\\/equipseer\",\"https:\\\/\\\/x.com\\\/equipseer\",\"https:\\\/\\\/www.instagram.com\\\/equipseer\\\/\",\"https:\\\/\\\/www.linkedin.com\\\/company\\\/9231569\\\/admin\\\/\",\"https:\\\/\\\/www.youtube.com\\\/@equipseer\",\"https:\\\/\\\/t.me\\\/seer_info\"]}]}<\/script>\n<!-- \/ Yoast SEO plugin. -->","yoast_head_json":{"title":"Aaron Ajoku - SEER","robots":{"index":"index","follow":"follow","max-snippet":"max-snippet:-1","max-image-preview":"max-image-preview:large","max-video-preview":"max-video-preview:-1"},"canonical":"https:\/\/salutieducacioemocional.com\/equipo\/aaron-ajoku\/","og_locale":"ca_ES","og_type":"article","og_title":"Aaron Ajoku - SEER","og_description":"Aaron Ajoku Facilitador El gust per l&#8217;educaci\u00f3 m&#8217;ha acompanyat des de molt jove, fent els meus primers passos com a entrenador de futbol sala. En aquest m\u00f3n que barreja esport i educaci\u00f3, vaig trobar una passi\u00f3 per influir en el desenvolupament integral dels joves, tant en l&#8217;\u00e0mbit esportiu com en el seu creixement personal i [&hellip;]","og_url":"https:\/\/salutieducacioemocional.com\/equipo\/aaron-ajoku\/","og_site_name":"SEER","article_publisher":"https:\/\/www.facebook.com\/equipseer","article_modified_time":"2024-06-08T20:49:39+00:00","og_image":[{"url":"https:\/\/salutieducacioemocional.com\/wp-content\/uploads\/2024\/04\/SEER-Web-Equip-300x300.png","type":"","width":"","height":""}],"twitter_card":"summary_large_image","twitter_site":"@equipseer","schema":{"@context":"https:\/\/schema.org","@graph":[{"@type":"WebPage","@id":"https:\/\/salutieducacioemocional.com\/equipo\/aaron-ajoku\/","url":"https:\/\/salutieducacioemocional.com\/equipo\/aaron-ajoku\/","name":"Aaron Ajoku - SEER","isPartOf":{"@id":"https:\/\/salutieducacioemocional.com\/#website"},"primaryImageOfPage":{"@id":"https:\/\/salutieducacioemocional.com\/equipo\/aaron-ajoku\/#primaryimage"},"image":{"@id":"https:\/\/salutieducacioemocional.com\/equipo\/aaron-ajoku\/#primaryimage"},"thumbnailUrl":"https:\/\/salutieducacioemocional.com\/wp-content\/uploads\/2024\/04\/SEER-Web-Equip-300x300.png","datePublished":"2024-04-07T11:41:09+00:00","dateModified":"2024-06-08T20:49:39+00:00","breadcrumb":{"@id":"https:\/\/salutieducacioemocional.com\/equipo\/aaron-ajoku\/#breadcrumb"},"inLanguage":"ca","potentialAction":[{"@type":"ReadAction","target":["https:\/\/salutieducacioemocional.com\/equipo\/aaron-ajoku\/"]}]},{"@type":"ImageObject","inLanguage":"ca","@id":"https:\/\/salutieducacioemocional.com\/equipo\/aaron-ajoku\/#primaryimage","url":"https:\/\/salutieducacioemocional.com\/wp-content\/uploads\/2024\/04\/SEER-Web-Equip-300x300.png","contentUrl":"https:\/\/salutieducacioemocional.com\/wp-content\/uploads\/2024\/04\/SEER-Web-Equip-300x300.png"},{"@type":"BreadcrumbList","@id":"https:\/\/salutieducacioemocional.com\/equipo\/aaron-ajoku\/#breadcrumb","itemListElement":[{"@type":"ListItem","position":1,"name":"Portada","item":"https:\/\/salutieducacioemocional.com\/"},{"@type":"ListItem","position":2,"name":"Equip","item":"https:\/\/salutieducacioemocional.com\/equipo\/"},{"@type":"ListItem","position":3,"name":"Aaron Ajoku"}]},{"@type":"WebSite","@id":"https:\/\/salutieducacioemocional.com\/#website","url":"https:\/\/salutieducacioemocional.com\/","name":"SEER","description":"Salut i Educaci\u00f3 Emocional","publisher":{"@id":"https:\/\/salutieducacioemocional.com\/#organization"},"potentialAction":[{"@type":"SearchAction","target":{"@type":"EntryPoint","urlTemplate":"https:\/\/salutieducacioemocional.com\/?s={search_term_string}"},"query-input":{"@type":"PropertyValueSpecification","valueRequired":true,"valueName":"search_term_string"}}],"inLanguage":"ca"},{"@type":"Organization","@id":"https:\/\/salutieducacioemocional.com\/#organization","name":"Salut i Educaci\u00f3 Emocional S.L","alternateName":"SEER","url":"https:\/\/salutieducacioemocional.com\/","logo":{"@type":"ImageObject","inLanguage":"ca","@id":"https:\/\/salutieducacioemocional.com\/#\/schema\/logo\/image\/","url":"https:\/\/salutieducacioemocional.com\/wp-content\/uploads\/2018\/12\/cropped-educacion-emocional-seer-e1545471861400.png","contentUrl":"https:\/\/salutieducacioemocional.com\/wp-content\/uploads\/2018\/12\/cropped-educacion-emocional-seer-e1545471861400.png","width":200,"height":78,"caption":"Salut i Educaci\u00f3 Emocional S.L"},"image":{"@id":"https:\/\/salutieducacioemocional.com\/#\/schema\/logo\/image\/"},"sameAs":["https:\/\/www.facebook.com\/equipseer","https:\/\/x.com\/equipseer","https:\/\/www.instagram.com\/equipseer\/","https:\/\/www.linkedin.com\/company\/9231569\/admin\/","https:\/\/www.youtube.com\/@equipseer","https:\/\/t.me\/seer_info"]}]}},"_links":{"self":[{"href":"https:\/\/salutieducacioemocional.com\/ca\/wp-json\/wp\/v2\/pages\/11265","targetHints":{"allow":["GET"]}}],"collection":[{"href":"https:\/\/salutieducacioemocional.com\/ca\/wp-json\/wp\/v2\/pages"}],"about":[{"href":"https:\/\/salutieducacioemocional.com\/ca\/wp-json\/wp\/v2\/types\/page"}],"author":[{"embeddable":true,"href":"https:\/\/salutieducacioemocional.com\/ca\/wp-json\/wp\/v2\/users\/1"}],"replies":[{"embeddable":true,"href":"https:\/\/salutieducacioemocional.com\/ca\/wp-json\/wp\/v2\/comments?post=11265"}],"version-history":[{"count":8,"href":"https:\/\/salutieducacioemocional.com\/ca\/wp-json\/wp\/v2\/pages\/11265\/revisions"}],"predecessor-version":[{"id":11650,"href":"https:\/\/salutieducacioemocional.com\/ca\/wp-json\/wp\/v2\/pages\/11265\/revisions\/11650"}],"up":[{"embeddable":true,"href":"https:\/\/salutieducacioemocional.com\/ca\/wp-json\/wp\/v2\/pages\/217"}],"wp:attachment":[{"href":"https:\/\/salutieducacioemocional.com\/ca\/wp-json\/wp\/v2\/media?parent=11265"}],"curies":[{"name":"wp","href":"https:\/\/api.w.org\/{rel}","templated":true}]}}