{"id":312,"date":"2018-12-23T11:19:10","date_gmt":"2018-12-23T11:19:10","guid":{"rendered":"http:\/\/salutieducacioemocional.com\/?page_id=312"},"modified":"2022-01-04T09:55:51","modified_gmt":"2022-01-04T09:55:51","slug":"xavi-bonastre","status":"publish","type":"page","link":"https:\/\/salutieducacioemocional.com\/ca\/equip\/xavi-bonastre\/","title":{"rendered":"Xavi Bonastre"},"content":{"rendered":"\t\t<div data-elementor-type=\"wp-post\" data-elementor-id=\"312\" class=\"elementor elementor-312\" data-elementor-post-type=\"page\">\n\t\t\t\t\t\t<section class=\"elementor-section elementor-top-section elementor-element elementor-element-253481e6 elementor-section-boxed elementor-section-height-default elementor-section-height-default\" data-id=\"253481e6\" data-element_type=\"section\" data-e-type=\"section\">\n\t\t\t\t\t\t<div class=\"elementor-container elementor-column-gap-default\">\n\t\t\t\t\t<div class=\"elementor-column elementor-col-50 elementor-top-column elementor-element elementor-element-42919076\" data-id=\"42919076\" data-element_type=\"column\" data-e-type=\"column\">\n\t\t\t<div class=\"elementor-widget-wrap elementor-element-populated\">\n\t\t\t\t\t\t<div class=\"elementor-element elementor-element-625fbaaf elementor-widget elementor-widget-heading\" data-id=\"625fbaaf\" data-element_type=\"widget\" data-e-type=\"widget\" data-widget_type=\"heading.default\">\n\t\t\t\t<div class=\"elementor-widget-container\">\n\t\t\t\t\t<h1 class=\"elementor-heading-title elementor-size-large\">Xavi Bonastre<\/h1>\t\t\t\t<\/div>\n\t\t\t\t<\/div>\n\t\t\t\t<div class=\"elementor-element elementor-element-19e09eab elementor-widget elementor-widget-image\" data-id=\"19e09eab\" data-element_type=\"widget\" data-e-type=\"widget\" data-widget_type=\"image.default\">\n\t\t\t\t<div class=\"elementor-widget-container\">\n\t\t\t\t\t\t\t\t\t\t\t\t\t\t\t<img decoding=\"async\" src=\"https:\/\/salutieducacioemocional.com\/wp-content\/uploads\/elementor\/thumbs\/xavi-bonastre-p289m337noe02covs433rhdz5bi3p8ldl7xlb0mcr8.jpg\" title=\"xavi-bonastre\" alt=\"xavi-bonastre\" loading=\"lazy\" \/>\t\t\t\t\t\t\t\t\t\t\t\t\t\t\t<\/div>\n\t\t\t\t<\/div>\n\t\t\t\t\t<\/div>\n\t\t<\/div>\n\t\t\t\t<div class=\"elementor-column elementor-col-50 elementor-top-column elementor-element elementor-element-14fde812\" data-id=\"14fde812\" data-element_type=\"column\" data-e-type=\"column\">\n\t\t\t<div class=\"elementor-widget-wrap elementor-element-populated\">\n\t\t\t\t\t\t<div class=\"elementor-element elementor-element-49de78d1 elementor-widget elementor-widget-text-editor\" data-id=\"49de78d1\" data-element_type=\"widget\" data-e-type=\"widget\" data-widget_type=\"text-editor.default\">\n\t\t\t\t<div class=\"elementor-widget-container\">\n\t\t\t\t\t\t\t\t\t<div class=\"heading color-dark text-left \"><div class=\"heading color-dark text-left \"><p class=\"fs-14\" style=\"text-align: center;\">Formador<\/p><\/div><\/div>\t\t\t\t\t\t\t\t<\/div>\n\t\t\t\t<\/div>\n\t\t\t\t<div class=\"elementor-element elementor-element-5c97120a elementor-widget-divider--view-line elementor-widget elementor-widget-divider\" data-id=\"5c97120a\" data-element_type=\"widget\" data-e-type=\"widget\" data-widget_type=\"divider.default\">\n\t\t\t\t<div class=\"elementor-widget-container\">\n\t\t\t\t\t\t\t<div class=\"elementor-divider\">\n\t\t\t<span class=\"elementor-divider-separator\">\n\t\t\t\t\t\t<\/span>\n\t\t<\/div>\n\t\t\t\t\t\t<\/div>\n\t\t\t\t<\/div>\n\t\t\t\t<div class=\"elementor-element elementor-element-56fc5f15 elementor-widget elementor-widget-text-editor\" data-id=\"56fc5f15\" data-element_type=\"widget\" data-e-type=\"widget\" data-widget_type=\"text-editor.default\">\n\t\t\t\t<div class=\"elementor-widget-container\">\n\t\t\t\t\t\t\t\t\t<div id=\"wrapper-content\" class=\"clearfix\"><div class=\"container\"><div class=\"vc_row wpb_row vc_row-fluid\"><div class=\"wpb_column vc_column_container vc_col-sm-6\"><div class=\"vc_column-inner \"><div class=\"wpb_wrapper\"><div class=\"wpb_text_column wpb_content_element \"><div class=\"wpb_wrapper\"><p>Intentant deixar el mon millor de com l\u2019he trobat, utilitzo l\u2019educaci\u00f3 i la facilitaci\u00f3 com a eina d\u2019 acci\u00f3 directa per deixar el meu granet de sorra en aquesta millora i transformaci\u00f3 local i global. Els meus camps de acci\u00f3 i aprenentatge han estat i s\u00f3n l\u2019educaci\u00f3 en el lleure, la facilitaci\u00f3 de grups i la comunicaci\u00f3 assertiva. L\u2019art \u00e9s un canal molt estimat per mi i la muntanya un medi on necessito viure-hi.\u00a0<\/p><\/div><\/div><\/div><\/div><\/div><\/div><\/div><\/div><footer class=\"main-footer-wrapper dark\"><div id=\"wrapper-footer\"><div class=\"footer-above-wrapper\"><div class=\"container\"><div class=\"footer-above-inner\"><div class=\"row\"><div class=\" sidebar\">\u00a0<\/div><\/div><\/div><\/div><\/div><\/div><\/footer>\t\t\t\t\t\t\t\t<\/div>\n\t\t\t\t<\/div>\n\t\t\t\t\t<\/div>\n\t\t<\/div>\n\t\t\t\t\t<\/div>\n\t\t<\/section>\n\t\t\t\t<\/div>\n\t\t","protected":false},"excerpt":{"rendered":"<p>Xavi Bonastre Formador Intentant deixar el mon millor de com l\u2019he trobat, utilitzo l\u2019educaci\u00f3 i la facilitaci\u00f3 com a eina d\u2019 acci\u00f3 directa per deixar el meu granet de sorra en aquesta millora i transformaci\u00f3 local i global. Els meus camps de acci\u00f3 i aprenentatge han estat i s\u00f3n l\u2019educaci\u00f3 en el lleure, la facilitaci\u00f3 [&hellip;]<\/p>\n","protected":false},"author":1,"featured_media":0,"parent":217,"menu_order":0,"comment_status":"closed","ping_status":"closed","template":"elementor_header_footer","meta":{"footnotes":""},"class_list":["post-312","page","type-page","status-publish","hentry"],"yoast_head":"<!-- This site is optimized with the Yoast SEO plugin v27.3 - https:\/\/yoast.com\/product\/yoast-seo-wordpress\/ -->\n<title>Xavi Bonastre - SEER<\/title>\n<meta name=\"robots\" content=\"index, follow, max-snippet:-1, max-image-preview:large, max-video-preview:-1\" \/>\n<link rel=\"canonical\" href=\"https:\/\/salutieducacioemocional.com\/equipo\/xavi-bonastre\/\" \/>\n<meta property=\"og:locale\" content=\"ca_ES\" \/>\n<meta property=\"og:type\" content=\"article\" \/>\n<meta property=\"og:title\" content=\"Xavi Bonastre - SEER\" \/>\n<meta property=\"og:description\" content=\"Xavi Bonastre Formador Intentant deixar el mon millor de com l\u2019he trobat, utilitzo l\u2019educaci\u00f3 i la facilitaci\u00f3 com a eina d\u2019 acci\u00f3 directa per deixar el meu granet de sorra en aquesta millora i transformaci\u00f3 local i global. Els meus camps de acci\u00f3 i aprenentatge han estat i s\u00f3n l\u2019educaci\u00f3 en el lleure, la facilitaci\u00f3 [&hellip;]\" \/>\n<meta property=\"og:url\" content=\"https:\/\/salutieducacioemocional.com\/equipo\/xavi-bonastre\/\" \/>\n<meta property=\"og:site_name\" content=\"SEER\" \/>\n<meta property=\"article:publisher\" content=\"https:\/\/www.facebook.com\/equipseer\" \/>\n<meta property=\"article:modified_time\" content=\"2022-01-04T09:55:51+00:00\" \/>\n<meta property=\"og:image\" content=\"https:\/\/salutieducacioemocional.com\/wp-content\/uploads\/elementor\/thumbs\/xavi-bonastre-p289m337noe02covs433rhdz5bi3p8ldl7xlb0mcr8.jpg\" \/>\n<meta name=\"twitter:card\" content=\"summary_large_image\" \/>\n<meta name=\"twitter:site\" content=\"@equipseer\" \/>\n<script type=\"application\/ld+json\" class=\"yoast-schema-graph\">{\"@context\":\"https:\\\/\\\/schema.org\",\"@graph\":[{\"@type\":\"WebPage\",\"@id\":\"https:\\\/\\\/salutieducacioemocional.com\\\/equipo\\\/xavi-bonastre\\\/\",\"url\":\"https:\\\/\\\/salutieducacioemocional.com\\\/equipo\\\/xavi-bonastre\\\/\",\"name\":\"Xavi Bonastre - SEER\",\"isPartOf\":{\"@id\":\"https:\\\/\\\/salutieducacioemocional.com\\\/#website\"},\"primaryImageOfPage\":{\"@id\":\"https:\\\/\\\/salutieducacioemocional.com\\\/equipo\\\/xavi-bonastre\\\/#primaryimage\"},\"image\":{\"@id\":\"https:\\\/\\\/salutieducacioemocional.com\\\/equipo\\\/xavi-bonastre\\\/#primaryimage\"},\"thumbnailUrl\":\"https:\\\/\\\/salutieducacioemocional.com\\\/wp-content\\\/uploads\\\/elementor\\\/thumbs\\\/xavi-bonastre-p289m337noe02covs433rhdz5bi3p8ldl7xlb0mcr8.jpg\",\"datePublished\":\"2018-12-23T11:19:10+00:00\",\"dateModified\":\"2022-01-04T09:55:51+00:00\",\"breadcrumb\":{\"@id\":\"https:\\\/\\\/salutieducacioemocional.com\\\/equipo\\\/xavi-bonastre\\\/#breadcrumb\"},\"inLanguage\":\"ca\",\"potentialAction\":[{\"@type\":\"ReadAction\",\"target\":[\"https:\\\/\\\/salutieducacioemocional.com\\\/equipo\\\/xavi-bonastre\\\/\"]}]},{\"@type\":\"ImageObject\",\"inLanguage\":\"ca\",\"@id\":\"https:\\\/\\\/salutieducacioemocional.com\\\/equipo\\\/xavi-bonastre\\\/#primaryimage\",\"url\":\"https:\\\/\\\/salutieducacioemocional.com\\\/wp-content\\\/uploads\\\/elementor\\\/thumbs\\\/xavi-bonastre-p289m337noe02covs433rhdz5bi3p8ldl7xlb0mcr8.jpg\",\"contentUrl\":\"https:\\\/\\\/salutieducacioemocional.com\\\/wp-content\\\/uploads\\\/elementor\\\/thumbs\\\/xavi-bonastre-p289m337noe02covs433rhdz5bi3p8ldl7xlb0mcr8.jpg\"},{\"@type\":\"BreadcrumbList\",\"@id\":\"https:\\\/\\\/salutieducacioemocional.com\\\/equipo\\\/xavi-bonastre\\\/#breadcrumb\",\"itemListElement\":[{\"@type\":\"ListItem\",\"position\":1,\"name\":\"Portada\",\"item\":\"https:\\\/\\\/salutieducacioemocional.com\\\/\"},{\"@type\":\"ListItem\",\"position\":2,\"name\":\"Equip\",\"item\":\"https:\\\/\\\/salutieducacioemocional.com\\\/equipo\\\/\"},{\"@type\":\"ListItem\",\"position\":3,\"name\":\"Xavi Bonastre\"}]},{\"@type\":\"WebSite\",\"@id\":\"https:\\\/\\\/salutieducacioemocional.com\\\/#website\",\"url\":\"https:\\\/\\\/salutieducacioemocional.com\\\/\",\"name\":\"SEER\",\"description\":\"Salut i Educaci\u00f3 Emocional\",\"publisher\":{\"@id\":\"https:\\\/\\\/salutieducacioemocional.com\\\/#organization\"},\"potentialAction\":[{\"@type\":\"SearchAction\",\"target\":{\"@type\":\"EntryPoint\",\"urlTemplate\":\"https:\\\/\\\/salutieducacioemocional.com\\\/?s={search_term_string}\"},\"query-input\":{\"@type\":\"PropertyValueSpecification\",\"valueRequired\":true,\"valueName\":\"search_term_string\"}}],\"inLanguage\":\"ca\"},{\"@type\":\"Organization\",\"@id\":\"https:\\\/\\\/salutieducacioemocional.com\\\/#organization\",\"name\":\"Salut i Educaci\u00f3 Emocional S.L\",\"alternateName\":\"SEER\",\"url\":\"https:\\\/\\\/salutieducacioemocional.com\\\/\",\"logo\":{\"@type\":\"ImageObject\",\"inLanguage\":\"ca\",\"@id\":\"https:\\\/\\\/salutieducacioemocional.com\\\/#\\\/schema\\\/logo\\\/image\\\/\",\"url\":\"https:\\\/\\\/salutieducacioemocional.com\\\/wp-content\\\/uploads\\\/2018\\\/12\\\/cropped-educacion-emocional-seer-e1545471861400.png\",\"contentUrl\":\"https:\\\/\\\/salutieducacioemocional.com\\\/wp-content\\\/uploads\\\/2018\\\/12\\\/cropped-educacion-emocional-seer-e1545471861400.png\",\"width\":200,\"height\":78,\"caption\":\"Salut i Educaci\u00f3 Emocional S.L\"},\"image\":{\"@id\":\"https:\\\/\\\/salutieducacioemocional.com\\\/#\\\/schema\\\/logo\\\/image\\\/\"},\"sameAs\":[\"https:\\\/\\\/www.facebook.com\\\/equipseer\",\"https:\\\/\\\/x.com\\\/equipseer\",\"https:\\\/\\\/www.instagram.com\\\/equipseer\\\/\",\"https:\\\/\\\/www.linkedin.com\\\/company\\\/9231569\\\/admin\\\/\",\"https:\\\/\\\/www.youtube.com\\\/@equipseer\",\"https:\\\/\\\/t.me\\\/seer_info\"]}]}<\/script>\n<!-- \/ Yoast SEO plugin. -->","yoast_head_json":{"title":"Xavi Bonastre - SEER","robots":{"index":"index","follow":"follow","max-snippet":"max-snippet:-1","max-image-preview":"max-image-preview:large","max-video-preview":"max-video-preview:-1"},"canonical":"https:\/\/salutieducacioemocional.com\/equipo\/xavi-bonastre\/","og_locale":"ca_ES","og_type":"article","og_title":"Xavi Bonastre - SEER","og_description":"Xavi Bonastre Formador Intentant deixar el mon millor de com l\u2019he trobat, utilitzo l\u2019educaci\u00f3 i la facilitaci\u00f3 com a eina d\u2019 acci\u00f3 directa per deixar el meu granet de sorra en aquesta millora i transformaci\u00f3 local i global. Els meus camps de acci\u00f3 i aprenentatge han estat i s\u00f3n l\u2019educaci\u00f3 en el lleure, la facilitaci\u00f3 [&hellip;]","og_url":"https:\/\/salutieducacioemocional.com\/equipo\/xavi-bonastre\/","og_site_name":"SEER","article_publisher":"https:\/\/www.facebook.com\/equipseer","article_modified_time":"2022-01-04T09:55:51+00:00","og_image":[{"url":"https:\/\/salutieducacioemocional.com\/wp-content\/uploads\/elementor\/thumbs\/xavi-bonastre-p289m337noe02covs433rhdz5bi3p8ldl7xlb0mcr8.jpg","type":"","width":"","height":""}],"twitter_card":"summary_large_image","twitter_site":"@equipseer","schema":{"@context":"https:\/\/schema.org","@graph":[{"@type":"WebPage","@id":"https:\/\/salutieducacioemocional.com\/equipo\/xavi-bonastre\/","url":"https:\/\/salutieducacioemocional.com\/equipo\/xavi-bonastre\/","name":"Xavi Bonastre - SEER","isPartOf":{"@id":"https:\/\/salutieducacioemocional.com\/#website"},"primaryImageOfPage":{"@id":"https:\/\/salutieducacioemocional.com\/equipo\/xavi-bonastre\/#primaryimage"},"image":{"@id":"https:\/\/salutieducacioemocional.com\/equipo\/xavi-bonastre\/#primaryimage"},"thumbnailUrl":"https:\/\/salutieducacioemocional.com\/wp-content\/uploads\/elementor\/thumbs\/xavi-bonastre-p289m337noe02covs433rhdz5bi3p8ldl7xlb0mcr8.jpg","datePublished":"2018-12-23T11:19:10+00:00","dateModified":"2022-01-04T09:55:51+00:00","breadcrumb":{"@id":"https:\/\/salutieducacioemocional.com\/equipo\/xavi-bonastre\/#breadcrumb"},"inLanguage":"ca","potentialAction":[{"@type":"ReadAction","target":["https:\/\/salutieducacioemocional.com\/equipo\/xavi-bonastre\/"]}]},{"@type":"ImageObject","inLanguage":"ca","@id":"https:\/\/salutieducacioemocional.com\/equipo\/xavi-bonastre\/#primaryimage","url":"https:\/\/salutieducacioemocional.com\/wp-content\/uploads\/elementor\/thumbs\/xavi-bonastre-p289m337noe02covs433rhdz5bi3p8ldl7xlb0mcr8.jpg","contentUrl":"https:\/\/salutieducacioemocional.com\/wp-content\/uploads\/elementor\/thumbs\/xavi-bonastre-p289m337noe02covs433rhdz5bi3p8ldl7xlb0mcr8.jpg"},{"@type":"BreadcrumbList","@id":"https:\/\/salutieducacioemocional.com\/equipo\/xavi-bonastre\/#breadcrumb","itemListElement":[{"@type":"ListItem","position":1,"name":"Portada","item":"https:\/\/salutieducacioemocional.com\/"},{"@type":"ListItem","position":2,"name":"Equip","item":"https:\/\/salutieducacioemocional.com\/equipo\/"},{"@type":"ListItem","position":3,"name":"Xavi Bonastre"}]},{"@type":"WebSite","@id":"https:\/\/salutieducacioemocional.com\/#website","url":"https:\/\/salutieducacioemocional.com\/","name":"SEER","description":"Salut i Educaci\u00f3 Emocional","publisher":{"@id":"https:\/\/salutieducacioemocional.com\/#organization"},"potentialAction":[{"@type":"SearchAction","target":{"@type":"EntryPoint","urlTemplate":"https:\/\/salutieducacioemocional.com\/?s={search_term_string}"},"query-input":{"@type":"PropertyValueSpecification","valueRequired":true,"valueName":"search_term_string"}}],"inLanguage":"ca"},{"@type":"Organization","@id":"https:\/\/salutieducacioemocional.com\/#organization","name":"Salut i Educaci\u00f3 Emocional S.L","alternateName":"SEER","url":"https:\/\/salutieducacioemocional.com\/","logo":{"@type":"ImageObject","inLanguage":"ca","@id":"https:\/\/salutieducacioemocional.com\/#\/schema\/logo\/image\/","url":"https:\/\/salutieducacioemocional.com\/wp-content\/uploads\/2018\/12\/cropped-educacion-emocional-seer-e1545471861400.png","contentUrl":"https:\/\/salutieducacioemocional.com\/wp-content\/uploads\/2018\/12\/cropped-educacion-emocional-seer-e1545471861400.png","width":200,"height":78,"caption":"Salut i Educaci\u00f3 Emocional S.L"},"image":{"@id":"https:\/\/salutieducacioemocional.com\/#\/schema\/logo\/image\/"},"sameAs":["https:\/\/www.facebook.com\/equipseer","https:\/\/x.com\/equipseer","https:\/\/www.instagram.com\/equipseer\/","https:\/\/www.linkedin.com\/company\/9231569\/admin\/","https:\/\/www.youtube.com\/@equipseer","https:\/\/t.me\/seer_info"]}]}},"_links":{"self":[{"href":"https:\/\/salutieducacioemocional.com\/ca\/wp-json\/wp\/v2\/pages\/312","targetHints":{"allow":["GET"]}}],"collection":[{"href":"https:\/\/salutieducacioemocional.com\/ca\/wp-json\/wp\/v2\/pages"}],"about":[{"href":"https:\/\/salutieducacioemocional.com\/ca\/wp-json\/wp\/v2\/types\/page"}],"author":[{"embeddable":true,"href":"https:\/\/salutieducacioemocional.com\/ca\/wp-json\/wp\/v2\/users\/1"}],"replies":[{"embeddable":true,"href":"https:\/\/salutieducacioemocional.com\/ca\/wp-json\/wp\/v2\/comments?post=312"}],"version-history":[{"count":9,"href":"https:\/\/salutieducacioemocional.com\/ca\/wp-json\/wp\/v2\/pages\/312\/revisions"}],"predecessor-version":[{"id":8101,"href":"https:\/\/salutieducacioemocional.com\/ca\/wp-json\/wp\/v2\/pages\/312\/revisions\/8101"}],"up":[{"embeddable":true,"href":"https:\/\/salutieducacioemocional.com\/ca\/wp-json\/wp\/v2\/pages\/217"}],"wp:attachment":[{"href":"https:\/\/salutieducacioemocional.com\/ca\/wp-json\/wp\/v2\/media?parent=312"}],"curies":[{"name":"wp","href":"https:\/\/api.w.org\/{rel}","templated":true}]}}