{"id":364,"date":"2018-12-23T11:54:03","date_gmt":"2018-12-23T11:54:03","guid":{"rendered":"http:\/\/salutieducacioemocional.com\/?page_id=364"},"modified":"2022-01-18T12:43:41","modified_gmt":"2022-01-18T12:43:41","slug":"carlos-jimenez","status":"publish","type":"page","link":"https:\/\/salutieducacioemocional.com\/ca\/equip\/carlos-jimenez\/","title":{"rendered":"Carlos Jim\u00e9nez"},"content":{"rendered":"\t\t<div data-elementor-type=\"wp-post\" data-elementor-id=\"364\" class=\"elementor elementor-364\" data-elementor-post-type=\"page\">\n\t\t\t\t\t\t<section class=\"elementor-section elementor-top-section elementor-element elementor-element-a079866 elementor-section-boxed elementor-section-height-default elementor-section-height-default\" data-id=\"a079866\" data-element_type=\"section\" data-e-type=\"section\">\n\t\t\t\t\t\t<div class=\"elementor-container elementor-column-gap-default\">\n\t\t\t\t\t<div class=\"elementor-column elementor-col-50 elementor-top-column elementor-element elementor-element-17cdaaf1\" data-id=\"17cdaaf1\" data-element_type=\"column\" data-e-type=\"column\">\n\t\t\t<div class=\"elementor-widget-wrap elementor-element-populated\">\n\t\t\t\t\t\t<div class=\"elementor-element elementor-element-6cec3f88 elementor-widget elementor-widget-heading\" data-id=\"6cec3f88\" data-element_type=\"widget\" data-e-type=\"widget\" data-widget_type=\"heading.default\">\n\t\t\t\t<div class=\"elementor-widget-container\">\n\t\t\t\t\t<h1 class=\"elementor-heading-title elementor-size-large\">Carlos Jim\u00e9nez<\/h1>\t\t\t\t<\/div>\n\t\t\t\t<\/div>\n\t\t\t\t<div class=\"elementor-element elementor-element-76432901 elementor-widget elementor-widget-image\" data-id=\"76432901\" data-element_type=\"widget\" data-e-type=\"widget\" data-widget_type=\"image.default\">\n\t\t\t\t<div class=\"elementor-widget-container\">\n\t\t\t\t\t\t\t\t\t\t\t\t\t\t\t<img decoding=\"async\" src=\"https:\/\/salutieducacioemocional.com\/wp-content\/uploads\/elementor\/thumbs\/carlos-jimenez-seer-p289m25dgucpqqq8xloh6zmijxmqhjhn93a3tqnqxg.jpg\" title=\"carlos-jimenez-seer\" alt=\"carlos-jimenez-seer\" loading=\"lazy\" \/>\t\t\t\t\t\t\t\t\t\t\t\t\t\t\t<\/div>\n\t\t\t\t<\/div>\n\t\t\t\t\t<\/div>\n\t\t<\/div>\n\t\t\t\t<div class=\"elementor-column elementor-col-50 elementor-top-column elementor-element elementor-element-5ede699\" data-id=\"5ede699\" data-element_type=\"column\" data-e-type=\"column\">\n\t\t\t<div class=\"elementor-widget-wrap elementor-element-populated\">\n\t\t\t\t\t\t<div class=\"elementor-element elementor-element-5c927aaf elementor-widget elementor-widget-text-editor\" data-id=\"5c927aaf\" data-element_type=\"widget\" data-e-type=\"widget\" data-widget_type=\"text-editor.default\">\n\t\t\t\t<div class=\"elementor-widget-container\">\n\t\t\t\t\t\t\t\t\t<div class=\"heading color-dark text-left \"><div class=\"heading color-dark text-left \"><p class=\"fs-14\" style=\"text-align: center;\">Cap del Departament de Comunicaci\u00f3<\/p><\/div><\/div>\t\t\t\t\t\t\t\t<\/div>\n\t\t\t\t<\/div>\n\t\t\t\t<div class=\"elementor-element elementor-element-229e7e7e elementor-widget-divider--view-line elementor-widget elementor-widget-divider\" data-id=\"229e7e7e\" data-element_type=\"widget\" data-e-type=\"widget\" data-widget_type=\"divider.default\">\n\t\t\t\t<div class=\"elementor-widget-container\">\n\t\t\t\t\t\t\t<div class=\"elementor-divider\">\n\t\t\t<span class=\"elementor-divider-separator\">\n\t\t\t\t\t\t<\/span>\n\t\t<\/div>\n\t\t\t\t\t\t<\/div>\n\t\t\t\t<\/div>\n\t\t\t\t<div class=\"elementor-element elementor-element-1fb00728 elementor-widget elementor-widget-text-editor\" data-id=\"1fb00728\" data-element_type=\"widget\" data-e-type=\"widget\" data-widget_type=\"text-editor.default\">\n\t\t\t\t<div class=\"elementor-widget-container\">\n\t\t\t\t\t\t\t\t\t<p>Reflexiu, creatiu i divulgador. Interessat en el marketing online i duent a terme projectes propis de diferents tem\u00e0tiques. Faig de la divulgaci\u00f3 un plaer i quasi un comprom\u00eds. De tant en tant publico al meu blog: <u><a href=\"http:\/\/carlosjimenezg.com\/\">http:\/\/carlosjimenezg.com<\/a><\/u><u><\/u><\/p><p>M\u2019agrada moure\u2019m en expansi\u00f3 establint nous contactes i coneixent persones d\u2019\u00e0mbits diversos i m\u2019encanta estendre ponts entre elles.<\/p><p>Considero aquest el meu lloc professional a on ara sento realitzaci\u00f3 i motivaci\u00f3 constant, tot i estar graduat en Criminologia i Pol\u00edtiques P\u00fabliques de Prevenci\u00f3.<\/p>\t\t\t\t\t\t\t\t<\/div>\n\t\t\t\t<\/div>\n\t\t\t\t\t<\/div>\n\t\t<\/div>\n\t\t\t\t\t<\/div>\n\t\t<\/section>\n\t\t\t\t<\/div>\n\t\t","protected":false},"excerpt":{"rendered":"<p>Carlos Jim\u00e9nez Cap del Departament de Comunicaci\u00f3 Reflexiu, creatiu i divulgador. Interessat en el marketing online i duent a terme projectes propis de diferents tem\u00e0tiques. Faig de la divulgaci\u00f3 un plaer i quasi un comprom\u00eds. De tant en tant publico al meu blog: http:\/\/carlosjimenezg.com M\u2019agrada moure\u2019m en expansi\u00f3 establint nous contactes i coneixent persones d\u2019\u00e0mbits [&hellip;]<\/p>\n","protected":false},"author":1,"featured_media":0,"parent":217,"menu_order":0,"comment_status":"closed","ping_status":"closed","template":"elementor_header_footer","meta":{"footnotes":""},"class_list":["post-364","page","type-page","status-publish","hentry"],"yoast_head":"<!-- This site is optimized with the Yoast SEO plugin v27.4 - https:\/\/yoast.com\/product\/yoast-seo-wordpress\/ -->\n<title>Carlos Jim\u00e9nez - SEER<\/title>\n<meta name=\"robots\" content=\"index, follow, max-snippet:-1, max-image-preview:large, max-video-preview:-1\" \/>\n<link rel=\"canonical\" href=\"https:\/\/salutieducacioemocional.com\/equipo\/carlos-jimenez\/\" \/>\n<meta property=\"og:locale\" content=\"ca_ES\" \/>\n<meta property=\"og:type\" content=\"article\" \/>\n<meta property=\"og:title\" content=\"Carlos Jim\u00e9nez - SEER\" \/>\n<meta property=\"og:description\" content=\"Carlos Jim\u00e9nez Cap del Departament de Comunicaci\u00f3 Reflexiu, creatiu i divulgador. Interessat en el marketing online i duent a terme projectes propis de diferents tem\u00e0tiques. Faig de la divulgaci\u00f3 un plaer i quasi un comprom\u00eds. De tant en tant publico al meu blog: http:\/\/carlosjimenezg.com M\u2019agrada moure\u2019m en expansi\u00f3 establint nous contactes i coneixent persones d\u2019\u00e0mbits [&hellip;]\" \/>\n<meta property=\"og:url\" content=\"https:\/\/salutieducacioemocional.com\/equipo\/carlos-jimenez\/\" \/>\n<meta property=\"og:site_name\" content=\"SEER\" \/>\n<meta property=\"article:publisher\" content=\"https:\/\/www.facebook.com\/equipseer\" \/>\n<meta property=\"article:modified_time\" content=\"2022-01-18T12:43:41+00:00\" \/>\n<meta property=\"og:image\" content=\"https:\/\/salutieducacioemocional.com\/wp-content\/uploads\/elementor\/thumbs\/carlos-jimenez-seer-p289m25dgucpqqq8xloh6zmijxmqhjhn93a3tqnqxg.jpg\" \/>\n<meta name=\"twitter:card\" content=\"summary_large_image\" \/>\n<meta name=\"twitter:site\" content=\"@equipseer\" \/>\n<script type=\"application\/ld+json\" class=\"yoast-schema-graph\">{\"@context\":\"https:\\\/\\\/schema.org\",\"@graph\":[{\"@type\":\"WebPage\",\"@id\":\"https:\\\/\\\/salutieducacioemocional.com\\\/equipo\\\/carlos-jimenez\\\/\",\"url\":\"https:\\\/\\\/salutieducacioemocional.com\\\/equipo\\\/carlos-jimenez\\\/\",\"name\":\"Carlos Jim\u00e9nez - SEER\",\"isPartOf\":{\"@id\":\"https:\\\/\\\/salutieducacioemocional.com\\\/#website\"},\"primaryImageOfPage\":{\"@id\":\"https:\\\/\\\/salutieducacioemocional.com\\\/equipo\\\/carlos-jimenez\\\/#primaryimage\"},\"image\":{\"@id\":\"https:\\\/\\\/salutieducacioemocional.com\\\/equipo\\\/carlos-jimenez\\\/#primaryimage\"},\"thumbnailUrl\":\"https:\\\/\\\/salutieducacioemocional.com\\\/wp-content\\\/uploads\\\/elementor\\\/thumbs\\\/carlos-jimenez-seer-p289m25dgucpqqq8xloh6zmijxmqhjhn93a3tqnqxg.jpg\",\"datePublished\":\"2018-12-23T11:54:03+00:00\",\"dateModified\":\"2022-01-18T12:43:41+00:00\",\"breadcrumb\":{\"@id\":\"https:\\\/\\\/salutieducacioemocional.com\\\/equipo\\\/carlos-jimenez\\\/#breadcrumb\"},\"inLanguage\":\"ca\",\"potentialAction\":[{\"@type\":\"ReadAction\",\"target\":[\"https:\\\/\\\/salutieducacioemocional.com\\\/equipo\\\/carlos-jimenez\\\/\"]}]},{\"@type\":\"ImageObject\",\"inLanguage\":\"ca\",\"@id\":\"https:\\\/\\\/salutieducacioemocional.com\\\/equipo\\\/carlos-jimenez\\\/#primaryimage\",\"url\":\"https:\\\/\\\/salutieducacioemocional.com\\\/wp-content\\\/uploads\\\/elementor\\\/thumbs\\\/carlos-jimenez-seer-p289m25dgucpqqq8xloh6zmijxmqhjhn93a3tqnqxg.jpg\",\"contentUrl\":\"https:\\\/\\\/salutieducacioemocional.com\\\/wp-content\\\/uploads\\\/elementor\\\/thumbs\\\/carlos-jimenez-seer-p289m25dgucpqqq8xloh6zmijxmqhjhn93a3tqnqxg.jpg\"},{\"@type\":\"BreadcrumbList\",\"@id\":\"https:\\\/\\\/salutieducacioemocional.com\\\/equipo\\\/carlos-jimenez\\\/#breadcrumb\",\"itemListElement\":[{\"@type\":\"ListItem\",\"position\":1,\"name\":\"Portada\",\"item\":\"https:\\\/\\\/salutieducacioemocional.com\\\/\"},{\"@type\":\"ListItem\",\"position\":2,\"name\":\"Equip\",\"item\":\"https:\\\/\\\/salutieducacioemocional.com\\\/equipo\\\/\"},{\"@type\":\"ListItem\",\"position\":3,\"name\":\"Carlos Jim\u00e9nez\"}]},{\"@type\":\"WebSite\",\"@id\":\"https:\\\/\\\/salutieducacioemocional.com\\\/#website\",\"url\":\"https:\\\/\\\/salutieducacioemocional.com\\\/\",\"name\":\"SEER\",\"description\":\"Salut i Educaci\u00f3 Emocional\",\"publisher\":{\"@id\":\"https:\\\/\\\/salutieducacioemocional.com\\\/#organization\"},\"potentialAction\":[{\"@type\":\"SearchAction\",\"target\":{\"@type\":\"EntryPoint\",\"urlTemplate\":\"https:\\\/\\\/salutieducacioemocional.com\\\/?s={search_term_string}\"},\"query-input\":{\"@type\":\"PropertyValueSpecification\",\"valueRequired\":true,\"valueName\":\"search_term_string\"}}],\"inLanguage\":\"ca\"},{\"@type\":\"Organization\",\"@id\":\"https:\\\/\\\/salutieducacioemocional.com\\\/#organization\",\"name\":\"Salut i Educaci\u00f3 Emocional S.L\",\"alternateName\":\"SEER\",\"url\":\"https:\\\/\\\/salutieducacioemocional.com\\\/\",\"logo\":{\"@type\":\"ImageObject\",\"inLanguage\":\"ca\",\"@id\":\"https:\\\/\\\/salutieducacioemocional.com\\\/#\\\/schema\\\/logo\\\/image\\\/\",\"url\":\"https:\\\/\\\/salutieducacioemocional.com\\\/wp-content\\\/uploads\\\/2018\\\/12\\\/cropped-educacion-emocional-seer-e1545471861400.png\",\"contentUrl\":\"https:\\\/\\\/salutieducacioemocional.com\\\/wp-content\\\/uploads\\\/2018\\\/12\\\/cropped-educacion-emocional-seer-e1545471861400.png\",\"width\":200,\"height\":78,\"caption\":\"Salut i Educaci\u00f3 Emocional S.L\"},\"image\":{\"@id\":\"https:\\\/\\\/salutieducacioemocional.com\\\/#\\\/schema\\\/logo\\\/image\\\/\"},\"sameAs\":[\"https:\\\/\\\/www.facebook.com\\\/equipseer\",\"https:\\\/\\\/x.com\\\/equipseer\",\"https:\\\/\\\/www.instagram.com\\\/equipseer\\\/\",\"https:\\\/\\\/www.linkedin.com\\\/company\\\/9231569\\\/admin\\\/\",\"https:\\\/\\\/www.youtube.com\\\/@equipseer\",\"https:\\\/\\\/t.me\\\/seer_info\"]}]}<\/script>\n<!-- \/ Yoast SEO plugin. -->","yoast_head_json":{"title":"Carlos Jim\u00e9nez - SEER","robots":{"index":"index","follow":"follow","max-snippet":"max-snippet:-1","max-image-preview":"max-image-preview:large","max-video-preview":"max-video-preview:-1"},"canonical":"https:\/\/salutieducacioemocional.com\/equipo\/carlos-jimenez\/","og_locale":"ca_ES","og_type":"article","og_title":"Carlos Jim\u00e9nez - SEER","og_description":"Carlos Jim\u00e9nez Cap del Departament de Comunicaci\u00f3 Reflexiu, creatiu i divulgador. Interessat en el marketing online i duent a terme projectes propis de diferents tem\u00e0tiques. Faig de la divulgaci\u00f3 un plaer i quasi un comprom\u00eds. De tant en tant publico al meu blog: http:\/\/carlosjimenezg.com M\u2019agrada moure\u2019m en expansi\u00f3 establint nous contactes i coneixent persones d\u2019\u00e0mbits [&hellip;]","og_url":"https:\/\/salutieducacioemocional.com\/equipo\/carlos-jimenez\/","og_site_name":"SEER","article_publisher":"https:\/\/www.facebook.com\/equipseer","article_modified_time":"2022-01-18T12:43:41+00:00","og_image":[{"url":"https:\/\/salutieducacioemocional.com\/wp-content\/uploads\/elementor\/thumbs\/carlos-jimenez-seer-p289m25dgucpqqq8xloh6zmijxmqhjhn93a3tqnqxg.jpg","type":"","width":"","height":""}],"twitter_card":"summary_large_image","twitter_site":"@equipseer","schema":{"@context":"https:\/\/schema.org","@graph":[{"@type":"WebPage","@id":"https:\/\/salutieducacioemocional.com\/equipo\/carlos-jimenez\/","url":"https:\/\/salutieducacioemocional.com\/equipo\/carlos-jimenez\/","name":"Carlos Jim\u00e9nez - SEER","isPartOf":{"@id":"https:\/\/salutieducacioemocional.com\/#website"},"primaryImageOfPage":{"@id":"https:\/\/salutieducacioemocional.com\/equipo\/carlos-jimenez\/#primaryimage"},"image":{"@id":"https:\/\/salutieducacioemocional.com\/equipo\/carlos-jimenez\/#primaryimage"},"thumbnailUrl":"https:\/\/salutieducacioemocional.com\/wp-content\/uploads\/elementor\/thumbs\/carlos-jimenez-seer-p289m25dgucpqqq8xloh6zmijxmqhjhn93a3tqnqxg.jpg","datePublished":"2018-12-23T11:54:03+00:00","dateModified":"2022-01-18T12:43:41+00:00","breadcrumb":{"@id":"https:\/\/salutieducacioemocional.com\/equipo\/carlos-jimenez\/#breadcrumb"},"inLanguage":"ca","potentialAction":[{"@type":"ReadAction","target":["https:\/\/salutieducacioemocional.com\/equipo\/carlos-jimenez\/"]}]},{"@type":"ImageObject","inLanguage":"ca","@id":"https:\/\/salutieducacioemocional.com\/equipo\/carlos-jimenez\/#primaryimage","url":"https:\/\/salutieducacioemocional.com\/wp-content\/uploads\/elementor\/thumbs\/carlos-jimenez-seer-p289m25dgucpqqq8xloh6zmijxmqhjhn93a3tqnqxg.jpg","contentUrl":"https:\/\/salutieducacioemocional.com\/wp-content\/uploads\/elementor\/thumbs\/carlos-jimenez-seer-p289m25dgucpqqq8xloh6zmijxmqhjhn93a3tqnqxg.jpg"},{"@type":"BreadcrumbList","@id":"https:\/\/salutieducacioemocional.com\/equipo\/carlos-jimenez\/#breadcrumb","itemListElement":[{"@type":"ListItem","position":1,"name":"Portada","item":"https:\/\/salutieducacioemocional.com\/"},{"@type":"ListItem","position":2,"name":"Equip","item":"https:\/\/salutieducacioemocional.com\/equipo\/"},{"@type":"ListItem","position":3,"name":"Carlos Jim\u00e9nez"}]},{"@type":"WebSite","@id":"https:\/\/salutieducacioemocional.com\/#website","url":"https:\/\/salutieducacioemocional.com\/","name":"SEER","description":"Salut i Educaci\u00f3 Emocional","publisher":{"@id":"https:\/\/salutieducacioemocional.com\/#organization"},"potentialAction":[{"@type":"SearchAction","target":{"@type":"EntryPoint","urlTemplate":"https:\/\/salutieducacioemocional.com\/?s={search_term_string}"},"query-input":{"@type":"PropertyValueSpecification","valueRequired":true,"valueName":"search_term_string"}}],"inLanguage":"ca"},{"@type":"Organization","@id":"https:\/\/salutieducacioemocional.com\/#organization","name":"Salut i Educaci\u00f3 Emocional S.L","alternateName":"SEER","url":"https:\/\/salutieducacioemocional.com\/","logo":{"@type":"ImageObject","inLanguage":"ca","@id":"https:\/\/salutieducacioemocional.com\/#\/schema\/logo\/image\/","url":"https:\/\/salutieducacioemocional.com\/wp-content\/uploads\/2018\/12\/cropped-educacion-emocional-seer-e1545471861400.png","contentUrl":"https:\/\/salutieducacioemocional.com\/wp-content\/uploads\/2018\/12\/cropped-educacion-emocional-seer-e1545471861400.png","width":200,"height":78,"caption":"Salut i Educaci\u00f3 Emocional S.L"},"image":{"@id":"https:\/\/salutieducacioemocional.com\/#\/schema\/logo\/image\/"},"sameAs":["https:\/\/www.facebook.com\/equipseer","https:\/\/x.com\/equipseer","https:\/\/www.instagram.com\/equipseer\/","https:\/\/www.linkedin.com\/company\/9231569\/admin\/","https:\/\/www.youtube.com\/@equipseer","https:\/\/t.me\/seer_info"]}]}},"_links":{"self":[{"href":"https:\/\/salutieducacioemocional.com\/ca\/wp-json\/wp\/v2\/pages\/364","targetHints":{"allow":["GET"]}}],"collection":[{"href":"https:\/\/salutieducacioemocional.com\/ca\/wp-json\/wp\/v2\/pages"}],"about":[{"href":"https:\/\/salutieducacioemocional.com\/ca\/wp-json\/wp\/v2\/types\/page"}],"author":[{"embeddable":true,"href":"https:\/\/salutieducacioemocional.com\/ca\/wp-json\/wp\/v2\/users\/1"}],"replies":[{"embeddable":true,"href":"https:\/\/salutieducacioemocional.com\/ca\/wp-json\/wp\/v2\/comments?post=364"}],"version-history":[{"count":17,"href":"https:\/\/salutieducacioemocional.com\/ca\/wp-json\/wp\/v2\/pages\/364\/revisions"}],"predecessor-version":[{"id":8378,"href":"https:\/\/salutieducacioemocional.com\/ca\/wp-json\/wp\/v2\/pages\/364\/revisions\/8378"}],"up":[{"embeddable":true,"href":"https:\/\/salutieducacioemocional.com\/ca\/wp-json\/wp\/v2\/pages\/217"}],"wp:attachment":[{"href":"https:\/\/salutieducacioemocional.com\/ca\/wp-json\/wp\/v2\/media?parent=364"}],"curies":[{"name":"wp","href":"https:\/\/api.w.org\/{rel}","templated":true}]}}