{"id":4633,"date":"2019-10-23T11:04:11","date_gmt":"2019-10-23T11:04:11","guid":{"rendered":"https:\/\/salutieducacioemocional.com\/?page_id=4633"},"modified":"2019-10-23T11:05:14","modified_gmt":"2019-10-23T11:05:14","slug":"recomenacions-pla-convivencia-protocol-actuacio-violencia-esport","status":"publish","type":"page","link":"https:\/\/salutieducacioemocional.com\/ca\/seersport\/recomenacions-pla-convivencia-protocol-actuacio-violencia-esport\/","title":{"rendered":"Recomenacions pel Pla de Conviv\u00e8ncia i Protocol d&#8217;Actuaci\u00f3 davant la Violencia a l&#8217;Esport"},"content":{"rendered":"\t\t<div data-elementor-type=\"wp-post\" data-elementor-id=\"4633\" class=\"elementor elementor-4633\" data-elementor-post-type=\"page\">\n\t\t\t\t\t\t<section class=\"elementor-section elementor-top-section elementor-element elementor-element-2b36d54c elementor-section-content-middle elementor-section-boxed elementor-section-height-default elementor-section-height-default\" data-id=\"2b36d54c\" data-element_type=\"section\" data-e-type=\"section\">\n\t\t\t\t\t\t<div class=\"elementor-container elementor-column-gap-default\">\n\t\t\t\t\t<div class=\"elementor-column elementor-col-100 elementor-top-column elementor-element elementor-element-69c95596\" data-id=\"69c95596\" data-element_type=\"column\" data-e-type=\"column\">\n\t\t\t<div class=\"elementor-widget-wrap elementor-element-populated\">\n\t\t\t\t\t\t<div class=\"elementor-element elementor-element-2ddeefaa elementor-widget elementor-widget-heading\" data-id=\"2ddeefaa\" data-element_type=\"widget\" data-e-type=\"widget\" data-widget_type=\"heading.default\">\n\t\t\t\t<div class=\"elementor-widget-container\">\n\t\t\t\t\t<h1 class=\"elementor-heading-title elementor-size-large\">Recomenacions pel Pla de Conviv\u00e8ncia i Protocol d'Actuaci\u00f3 davant la Violencia a l'Esport<\/h1>\t\t\t\t<\/div>\n\t\t\t\t<\/div>\n\t\t\t\t\t<\/div>\n\t\t<\/div>\n\t\t\t\t\t<\/div>\n\t\t<\/section>\n\t\t\t\t<section class=\"elementor-section elementor-top-section elementor-element elementor-element-61bd427e elementor-section-boxed elementor-section-height-default elementor-section-height-default\" data-id=\"61bd427e\" data-element_type=\"section\" data-e-type=\"section\" data-settings=\"{&quot;background_background&quot;:&quot;classic&quot;}\">\n\t\t\t\t\t\t<div class=\"elementor-container elementor-column-gap-default\">\n\t\t\t\t\t<div class=\"elementor-column elementor-col-100 elementor-top-column elementor-element elementor-element-61996950\" data-id=\"61996950\" data-element_type=\"column\" data-e-type=\"column\">\n\t\t\t<div class=\"elementor-widget-wrap elementor-element-populated\">\n\t\t\t\t\t\t<div class=\"elementor-element elementor-element-58c25151 elementor-widget elementor-widget-heading\" data-id=\"58c25151\" data-element_type=\"widget\" data-e-type=\"widget\" data-widget_type=\"heading.default\">\n\t\t\t\t<div class=\"elementor-widget-container\">\n\t\t\t\t\t<p class=\"elementor-heading-title elementor-size-large\">Prevenci\u00f3 prim\u00e0ria per la conviv\u00e8ncia\n<\/p>\t\t\t\t<\/div>\n\t\t\t\t<\/div>\n\t\t\t\t<div class=\"elementor-element elementor-element-3e94f69e elementor-widget-divider--view-line elementor-widget elementor-widget-divider\" data-id=\"3e94f69e\" data-element_type=\"widget\" data-e-type=\"widget\" data-widget_type=\"divider.default\">\n\t\t\t\t<div class=\"elementor-widget-container\">\n\t\t\t\t\t\t\t<div class=\"elementor-divider\">\n\t\t\t<span class=\"elementor-divider-separator\">\n\t\t\t\t\t\t<\/span>\n\t\t<\/div>\n\t\t\t\t\t\t<\/div>\n\t\t\t\t<\/div>\n\t\t\t\t<section class=\"elementor-section elementor-inner-section elementor-element elementor-element-7db67794 elementor-section-boxed elementor-section-height-default elementor-section-height-default\" data-id=\"7db67794\" data-element_type=\"section\" data-e-type=\"section\">\n\t\t\t\t\t\t<div class=\"elementor-container elementor-column-gap-default\">\n\t\t\t\t\t<div class=\"elementor-column elementor-col-50 elementor-inner-column elementor-element elementor-element-de0abad\" data-id=\"de0abad\" data-element_type=\"column\" data-e-type=\"column\">\n\t\t\t<div class=\"elementor-widget-wrap elementor-element-populated\">\n\t\t\t\t\t\t<div class=\"elementor-element elementor-element-5548d38 elementor-widget elementor-widget-heading\" data-id=\"5548d38\" data-element_type=\"widget\" data-e-type=\"widget\" data-widget_type=\"heading.default\">\n\t\t\t\t<div class=\"elementor-widget-container\">\n\t\t\t\t\t<p class=\"elementor-heading-title elementor-size-medium\">Sensibilitzaci\u00f3<\/p>\t\t\t\t<\/div>\n\t\t\t\t<\/div>\n\t\t\t\t<div class=\"elementor-element elementor-element-e1676ce elementor-widget elementor-widget-text-editor\" data-id=\"e1676ce\" data-element_type=\"widget\" data-e-type=\"widget\" data-widget_type=\"text-editor.default\">\n\t\t\t\t<div class=\"elementor-widget-container\">\n\t\t\t\t\t\t\t\t\t<p><i><i><span style=\"font-weight: 400;\">Totes aquelles accions dirigides a informar sobre els efectes de la viol\u00e8ncia, les virtuts de la bona conviv\u00e8ncia i la relaci\u00f3 entre el rendiment i el creixement esportiu amb el desenvolupament personal i l\u2019\u00fas de bones pr\u00e0ctiques.<\/span><\/i><\/i><\/p><p><i><span style=\"font-weight: 400;\">Campanyes informatives que poden constar d\u2019actes institucionals, material audiovisual, infografies, i xerrades adre\u00e7ades a esportistes, t\u00e8cnics\/ques, familiars i acompanyants, i responsables de les entitats esportives.<\/span><\/i><\/p>\t\t\t\t\t\t\t\t<\/div>\n\t\t\t\t<\/div>\n\t\t\t\t\t<\/div>\n\t\t<\/div>\n\t\t\t\t<div class=\"elementor-column elementor-col-50 elementor-inner-column elementor-element elementor-element-4fa2ed56\" data-id=\"4fa2ed56\" data-element_type=\"column\" data-e-type=\"column\">\n\t\t\t<div class=\"elementor-widget-wrap elementor-element-populated\">\n\t\t\t\t\t\t<div class=\"elementor-element elementor-element-707ae993 elementor-widget elementor-widget-heading\" data-id=\"707ae993\" data-element_type=\"widget\" data-e-type=\"widget\" data-widget_type=\"heading.default\">\n\t\t\t\t<div class=\"elementor-widget-container\">\n\t\t\t\t\t<p class=\"elementor-heading-title elementor-size-medium\">\u201cProvenci\u00f3\u201d (provisi\u00f3 de recursos per la prevenci\u00f3)<\/p>\t\t\t\t<\/div>\n\t\t\t\t<\/div>\n\t\t\t\t<div class=\"elementor-element elementor-element-a65c41e elementor-widget elementor-widget-text-editor\" data-id=\"a65c41e\" data-element_type=\"widget\" data-e-type=\"widget\" data-widget_type=\"text-editor.default\">\n\t\t\t\t<div class=\"elementor-widget-container\">\n\t\t\t\t\t\t\t\t\t<p><i><span style=\"font-weight: 400;\">Entrenament d\u2019habilitats socioemocionals, desenvolupament moral, Eines de gesti\u00f3 emocional i gesti\u00f3 dels conflictes per a t\u00e8cnics\/ques i esportistes.\u00a0<\/span><\/i><i><\/i><\/p><p><i><span style=\"font-weight: 400;\">Sessions grupals participatives.\u00a0<\/span><\/i><\/p>\t\t\t\t\t\t\t\t<\/div>\n\t\t\t\t<\/div>\n\t\t\t\t\t<\/div>\n\t\t<\/div>\n\t\t\t\t\t<\/div>\n\t\t<\/section>\n\t\t\t\t\t<\/div>\n\t\t<\/div>\n\t\t\t\t\t<\/div>\n\t\t<\/section>\n\t\t\t\t<section class=\"elementor-section elementor-top-section elementor-element elementor-element-b2bbb98 elementor-section-boxed elementor-section-height-default elementor-section-height-default\" data-id=\"b2bbb98\" data-element_type=\"section\" data-e-type=\"section\" data-settings=\"{&quot;background_background&quot;:&quot;classic&quot;}\">\n\t\t\t\t\t\t<div class=\"elementor-container elementor-column-gap-default\">\n\t\t\t\t\t<div class=\"elementor-column elementor-col-100 elementor-top-column elementor-element elementor-element-a989dba\" data-id=\"a989dba\" data-element_type=\"column\" data-e-type=\"column\">\n\t\t\t<div class=\"elementor-widget-wrap elementor-element-populated\">\n\t\t\t\t\t\t<div class=\"elementor-element elementor-element-5de0f7d elementor-widget elementor-widget-heading\" data-id=\"5de0f7d\" data-element_type=\"widget\" data-e-type=\"widget\" data-widget_type=\"heading.default\">\n\t\t\t\t<div class=\"elementor-widget-container\">\n\t\t\t\t\t<p class=\"elementor-heading-title elementor-size-large\">Protocol d\u2019Actuaci\u00f3\n<\/p>\t\t\t\t<\/div>\n\t\t\t\t<\/div>\n\t\t\t\t<div class=\"elementor-element elementor-element-601fb52 elementor-widget-divider--view-line elementor-widget elementor-widget-divider\" data-id=\"601fb52\" data-element_type=\"widget\" data-e-type=\"widget\" data-widget_type=\"divider.default\">\n\t\t\t\t<div class=\"elementor-widget-container\">\n\t\t\t\t\t\t\t<div class=\"elementor-divider\">\n\t\t\t<span class=\"elementor-divider-separator\">\n\t\t\t\t\t\t<\/span>\n\t\t<\/div>\n\t\t\t\t\t\t<\/div>\n\t\t\t\t<\/div>\n\t\t\t\t<section class=\"elementor-section elementor-inner-section elementor-element elementor-element-99cf5b4 elementor-section-boxed elementor-section-height-default elementor-section-height-default\" data-id=\"99cf5b4\" data-element_type=\"section\" data-e-type=\"section\">\n\t\t\t\t\t\t<div class=\"elementor-container elementor-column-gap-default\">\n\t\t\t\t\t<div class=\"elementor-column elementor-col-33 elementor-inner-column elementor-element elementor-element-dcab764\" data-id=\"dcab764\" data-element_type=\"column\" data-e-type=\"column\">\n\t\t\t<div class=\"elementor-widget-wrap elementor-element-populated\">\n\t\t\t\t\t\t<div class=\"elementor-element elementor-element-ca9c231 elementor-widget elementor-widget-heading\" data-id=\"ca9c231\" data-element_type=\"widget\" data-e-type=\"widget\" data-widget_type=\"heading.default\">\n\t\t\t\t<div class=\"elementor-widget-container\">\n\t\t\t\t\t<p class=\"elementor-heading-title elementor-size-medium\">Detecci\u00f3 (Prevenci\u00f3 secund\u00e0ria)<\/p>\t\t\t\t<\/div>\n\t\t\t\t<\/div>\n\t\t\t\t<div class=\"elementor-element elementor-element-a63e4d6 elementor-widget elementor-widget-text-editor\" data-id=\"a63e4d6\" data-element_type=\"widget\" data-e-type=\"widget\" data-widget_type=\"text-editor.default\">\n\t\t\t\t<div class=\"elementor-widget-container\">\n\t\t\t\t\t\t\t\t\t<p><i><span style=\"font-weight: 400;\">Control d\u2019accessos; vies de comunicaci\u00f3 obertes, accessibles i clares; i c\u00e0meras de seguretat.<\/span><\/i><\/p>\t\t\t\t\t\t\t\t<\/div>\n\t\t\t\t<\/div>\n\t\t\t\t\t<\/div>\n\t\t<\/div>\n\t\t\t\t<div class=\"elementor-column elementor-col-33 elementor-inner-column elementor-element elementor-element-9315eff\" data-id=\"9315eff\" data-element_type=\"column\" data-e-type=\"column\">\n\t\t\t<div class=\"elementor-widget-wrap elementor-element-populated\">\n\t\t\t\t\t\t<div class=\"elementor-element elementor-element-63726aa elementor-widget elementor-widget-heading\" data-id=\"63726aa\" data-element_type=\"widget\" data-e-type=\"widget\" data-widget_type=\"heading.default\">\n\t\t\t\t<div class=\"elementor-widget-container\">\n\t\t\t\t\t<p class=\"elementor-heading-title elementor-size-medium\">Actuaci\u00f3 immediata<\/p>\t\t\t\t<\/div>\n\t\t\t\t<\/div>\n\t\t\t\t<div class=\"elementor-element elementor-element-44728b6 elementor-widget elementor-widget-text-editor\" data-id=\"44728b6\" data-element_type=\"widget\" data-e-type=\"widget\" data-widget_type=\"text-editor.default\">\n\t\t\t\t<div class=\"elementor-widget-container\">\n\t\t\t\t\t\t\t\t\t<p><i><span style=\"font-weight: 400;\">Aturada de la viol\u00e8ncia en cooperaci\u00f3 (Treballadors de la instal\u00b7laci\u00f3, figures arbitrals, t\u00e8cnics\/ques esportius\/ves i esportistes.), Comunicaci\u00f3 amb Mossos d\u2019esquadra i serveis de salut, si s\u2019escau.<\/span><\/i><\/p>\t\t\t\t\t\t\t\t<\/div>\n\t\t\t\t<\/div>\n\t\t\t\t\t<\/div>\n\t\t<\/div>\n\t\t\t\t<div class=\"elementor-column elementor-col-33 elementor-inner-column elementor-element elementor-element-4de5d2d\" data-id=\"4de5d2d\" data-element_type=\"column\" data-e-type=\"column\">\n\t\t\t<div class=\"elementor-widget-wrap elementor-element-populated\">\n\t\t\t\t\t\t<div class=\"elementor-element elementor-element-78cc68e elementor-widget elementor-widget-heading\" data-id=\"78cc68e\" data-element_type=\"widget\" data-e-type=\"widget\" data-widget_type=\"heading.default\">\n\t\t\t\t<div class=\"elementor-widget-container\">\n\t\t\t\t\t<p class=\"elementor-heading-title elementor-size-medium\">Actuaci\u00f3 posterior (prevenci\u00f3 terci\u00e0ria)<\/p>\t\t\t\t<\/div>\n\t\t\t\t<\/div>\n\t\t\t\t<div class=\"elementor-element elementor-element-d5fb57c elementor-widget elementor-widget-text-editor\" data-id=\"d5fb57c\" data-element_type=\"widget\" data-e-type=\"widget\" data-widget_type=\"text-editor.default\">\n\t\t\t\t<div class=\"elementor-widget-container\">\n\t\t\t\t\t\t\t\t\t<p><i><span style=\"font-weight: 400;\">Recollida de la incid\u00e8ncia;\u00a0 Activaci\u00f3 de la comissi\u00f3 de conviv\u00e8ncia de la instal\u00b7laci\u00f3; Informe amb mesures sancionadores si s\u2019escau, i sempre amb mesures reparadores; i seguiment del cas amb aplicaci\u00f3 si s\u2019escau de sancions segons els reglaments de r\u00e8gim intern de les entitats esportives implicades, i seguiment d\u2019aquestes mesures; Arxiu pertinent de l\u2019informe i seguiment del cas.<\/span><\/i><\/p>\t\t\t\t\t\t\t\t<\/div>\n\t\t\t\t<\/div>\n\t\t\t\t\t<\/div>\n\t\t<\/div>\n\t\t\t\t\t<\/div>\n\t\t<\/section>\n\t\t\t\t\t<\/div>\n\t\t<\/div>\n\t\t\t\t\t<\/div>\n\t\t<\/section>\n\t\t\t\t<\/div>\n\t\t","protected":false},"excerpt":{"rendered":"<p>Recomenacions pel Pla de Conviv\u00e8ncia i Protocol d&#8217;Actuaci\u00f3 davant la Violencia a l&#8217;Esport Prevenci\u00f3 prim\u00e0ria per la conviv\u00e8ncia Sensibilitzaci\u00f3 Totes aquelles accions dirigides a informar sobre els efectes de la viol\u00e8ncia, les virtuts de la bona conviv\u00e8ncia i la relaci\u00f3 entre el rendiment i el creixement esportiu amb el desenvolupament personal i l\u2019\u00fas de bones [&hellip;]<\/p>\n","protected":false},"author":1,"featured_media":0,"parent":4592,"menu_order":0,"comment_status":"closed","ping_status":"closed","template":"elementor_header_footer","meta":{"footnotes":""},"class_list":["post-4633","page","type-page","status-publish","hentry"],"yoast_head":"<!-- This site is optimized with the Yoast SEO plugin v27.4 - https:\/\/yoast.com\/product\/yoast-seo-wordpress\/ -->\n<title>Recomenacions pel Pla de Conviv\u00e8ncia i Protocol d&#039;Actuaci\u00f3 davant la Violencia a l&#039;Esport - SEER<\/title>\n<meta name=\"robots\" content=\"index, follow, max-snippet:-1, max-image-preview:large, max-video-preview:-1\" \/>\n<link rel=\"canonical\" href=\"https:\/\/salutieducacioemocional.com\/ca\/seersport\/recomenacions-pla-convivencia-protocol-actuacio-violencia-esport\/\" \/>\n<meta property=\"og:locale\" content=\"ca_ES\" \/>\n<meta property=\"og:type\" content=\"article\" \/>\n<meta property=\"og:title\" content=\"Recomenacions pel Pla de Conviv\u00e8ncia i Protocol d&#039;Actuaci\u00f3 davant la Violencia a l&#039;Esport - SEER\" \/>\n<meta property=\"og:description\" content=\"Recomenacions pel Pla de Conviv\u00e8ncia i Protocol d&#8217;Actuaci\u00f3 davant la Violencia a l&#8217;Esport Prevenci\u00f3 prim\u00e0ria per la conviv\u00e8ncia Sensibilitzaci\u00f3 Totes aquelles accions dirigides a informar sobre els efectes de la viol\u00e8ncia, les virtuts de la bona conviv\u00e8ncia i la relaci\u00f3 entre el rendiment i el creixement esportiu amb el desenvolupament personal i l\u2019\u00fas de bones [&hellip;]\" \/>\n<meta property=\"og:url\" content=\"https:\/\/salutieducacioemocional.com\/ca\/seersport\/recomenacions-pla-convivencia-protocol-actuacio-violencia-esport\/\" \/>\n<meta property=\"og:site_name\" content=\"SEER\" \/>\n<meta property=\"article:publisher\" content=\"https:\/\/www.facebook.com\/equipseer\" \/>\n<meta property=\"article:modified_time\" content=\"2019-10-23T11:05:14+00:00\" \/>\n<meta name=\"twitter:card\" content=\"summary_large_image\" \/>\n<meta name=\"twitter:site\" content=\"@equipseer\" \/>\n<script type=\"application\/ld+json\" class=\"yoast-schema-graph\">{\"@context\":\"https:\\\/\\\/schema.org\",\"@graph\":[{\"@type\":\"WebPage\",\"@id\":\"https:\\\/\\\/salutieducacioemocional.com\\\/ca\\\/seersport\\\/recomenacions-pla-convivencia-protocol-actuacio-violencia-esport\\\/\",\"url\":\"https:\\\/\\\/salutieducacioemocional.com\\\/ca\\\/seersport\\\/recomenacions-pla-convivencia-protocol-actuacio-violencia-esport\\\/\",\"name\":\"Recomenacions pel Pla de Conviv\u00e8ncia i Protocol d'Actuaci\u00f3 davant la Violencia a l'Esport - SEER\",\"isPartOf\":{\"@id\":\"https:\\\/\\\/salutieducacioemocional.com\\\/#website\"},\"datePublished\":\"2019-10-23T11:04:11+00:00\",\"dateModified\":\"2019-10-23T11:05:14+00:00\",\"breadcrumb\":{\"@id\":\"https:\\\/\\\/salutieducacioemocional.com\\\/ca\\\/seersport\\\/recomenacions-pla-convivencia-protocol-actuacio-violencia-esport\\\/#breadcrumb\"},\"inLanguage\":\"ca\",\"potentialAction\":[{\"@type\":\"ReadAction\",\"target\":[\"https:\\\/\\\/salutieducacioemocional.com\\\/ca\\\/seersport\\\/recomenacions-pla-convivencia-protocol-actuacio-violencia-esport\\\/\"]}]},{\"@type\":\"BreadcrumbList\",\"@id\":\"https:\\\/\\\/salutieducacioemocional.com\\\/ca\\\/seersport\\\/recomenacions-pla-convivencia-protocol-actuacio-violencia-esport\\\/#breadcrumb\",\"itemListElement\":[{\"@type\":\"ListItem\",\"position\":1,\"name\":\"Portada\",\"item\":\"https:\\\/\\\/salutieducacioemocional.com\\\/\"},{\"@type\":\"ListItem\",\"position\":2,\"name\":\"SeeRSporT\",\"item\":\"https:\\\/\\\/salutieducacioemocional.com\\\/ca\\\/seersport\\\/\"},{\"@type\":\"ListItem\",\"position\":3,\"name\":\"Recomenacions pel Pla de Conviv\u00e8ncia i Protocol d&#8217;Actuaci\u00f3 davant la Violencia a l&#8217;Esport\"}]},{\"@type\":\"WebSite\",\"@id\":\"https:\\\/\\\/salutieducacioemocional.com\\\/#website\",\"url\":\"https:\\\/\\\/salutieducacioemocional.com\\\/\",\"name\":\"SEER\",\"description\":\"Salut i Educaci\u00f3 Emocional\",\"publisher\":{\"@id\":\"https:\\\/\\\/salutieducacioemocional.com\\\/#organization\"},\"potentialAction\":[{\"@type\":\"SearchAction\",\"target\":{\"@type\":\"EntryPoint\",\"urlTemplate\":\"https:\\\/\\\/salutieducacioemocional.com\\\/?s={search_term_string}\"},\"query-input\":{\"@type\":\"PropertyValueSpecification\",\"valueRequired\":true,\"valueName\":\"search_term_string\"}}],\"inLanguage\":\"ca\"},{\"@type\":\"Organization\",\"@id\":\"https:\\\/\\\/salutieducacioemocional.com\\\/#organization\",\"name\":\"Salut i Educaci\u00f3 Emocional S.L\",\"alternateName\":\"SEER\",\"url\":\"https:\\\/\\\/salutieducacioemocional.com\\\/\",\"logo\":{\"@type\":\"ImageObject\",\"inLanguage\":\"ca\",\"@id\":\"https:\\\/\\\/salutieducacioemocional.com\\\/#\\\/schema\\\/logo\\\/image\\\/\",\"url\":\"https:\\\/\\\/salutieducacioemocional.com\\\/wp-content\\\/uploads\\\/2018\\\/12\\\/cropped-educacion-emocional-seer-e1545471861400.png\",\"contentUrl\":\"https:\\\/\\\/salutieducacioemocional.com\\\/wp-content\\\/uploads\\\/2018\\\/12\\\/cropped-educacion-emocional-seer-e1545471861400.png\",\"width\":200,\"height\":78,\"caption\":\"Salut i Educaci\u00f3 Emocional S.L\"},\"image\":{\"@id\":\"https:\\\/\\\/salutieducacioemocional.com\\\/#\\\/schema\\\/logo\\\/image\\\/\"},\"sameAs\":[\"https:\\\/\\\/www.facebook.com\\\/equipseer\",\"https:\\\/\\\/x.com\\\/equipseer\",\"https:\\\/\\\/www.instagram.com\\\/equipseer\\\/\",\"https:\\\/\\\/www.linkedin.com\\\/company\\\/9231569\\\/admin\\\/\",\"https:\\\/\\\/www.youtube.com\\\/@equipseer\",\"https:\\\/\\\/t.me\\\/seer_info\"]}]}<\/script>\n<!-- \/ Yoast SEO plugin. -->","yoast_head_json":{"title":"Recomenacions pel Pla de Conviv\u00e8ncia i Protocol d'Actuaci\u00f3 davant la Violencia a l'Esport - SEER","robots":{"index":"index","follow":"follow","max-snippet":"max-snippet:-1","max-image-preview":"max-image-preview:large","max-video-preview":"max-video-preview:-1"},"canonical":"https:\/\/salutieducacioemocional.com\/ca\/seersport\/recomenacions-pla-convivencia-protocol-actuacio-violencia-esport\/","og_locale":"ca_ES","og_type":"article","og_title":"Recomenacions pel Pla de Conviv\u00e8ncia i Protocol d'Actuaci\u00f3 davant la Violencia a l'Esport - SEER","og_description":"Recomenacions pel Pla de Conviv\u00e8ncia i Protocol d&#8217;Actuaci\u00f3 davant la Violencia a l&#8217;Esport Prevenci\u00f3 prim\u00e0ria per la conviv\u00e8ncia Sensibilitzaci\u00f3 Totes aquelles accions dirigides a informar sobre els efectes de la viol\u00e8ncia, les virtuts de la bona conviv\u00e8ncia i la relaci\u00f3 entre el rendiment i el creixement esportiu amb el desenvolupament personal i l\u2019\u00fas de bones [&hellip;]","og_url":"https:\/\/salutieducacioemocional.com\/ca\/seersport\/recomenacions-pla-convivencia-protocol-actuacio-violencia-esport\/","og_site_name":"SEER","article_publisher":"https:\/\/www.facebook.com\/equipseer","article_modified_time":"2019-10-23T11:05:14+00:00","twitter_card":"summary_large_image","twitter_site":"@equipseer","schema":{"@context":"https:\/\/schema.org","@graph":[{"@type":"WebPage","@id":"https:\/\/salutieducacioemocional.com\/ca\/seersport\/recomenacions-pla-convivencia-protocol-actuacio-violencia-esport\/","url":"https:\/\/salutieducacioemocional.com\/ca\/seersport\/recomenacions-pla-convivencia-protocol-actuacio-violencia-esport\/","name":"Recomenacions pel Pla de Conviv\u00e8ncia i Protocol d'Actuaci\u00f3 davant la Violencia a l'Esport - SEER","isPartOf":{"@id":"https:\/\/salutieducacioemocional.com\/#website"},"datePublished":"2019-10-23T11:04:11+00:00","dateModified":"2019-10-23T11:05:14+00:00","breadcrumb":{"@id":"https:\/\/salutieducacioemocional.com\/ca\/seersport\/recomenacions-pla-convivencia-protocol-actuacio-violencia-esport\/#breadcrumb"},"inLanguage":"ca","potentialAction":[{"@type":"ReadAction","target":["https:\/\/salutieducacioemocional.com\/ca\/seersport\/recomenacions-pla-convivencia-protocol-actuacio-violencia-esport\/"]}]},{"@type":"BreadcrumbList","@id":"https:\/\/salutieducacioemocional.com\/ca\/seersport\/recomenacions-pla-convivencia-protocol-actuacio-violencia-esport\/#breadcrumb","itemListElement":[{"@type":"ListItem","position":1,"name":"Portada","item":"https:\/\/salutieducacioemocional.com\/"},{"@type":"ListItem","position":2,"name":"SeeRSporT","item":"https:\/\/salutieducacioemocional.com\/ca\/seersport\/"},{"@type":"ListItem","position":3,"name":"Recomenacions pel Pla de Conviv\u00e8ncia i Protocol d&#8217;Actuaci\u00f3 davant la Violencia a l&#8217;Esport"}]},{"@type":"WebSite","@id":"https:\/\/salutieducacioemocional.com\/#website","url":"https:\/\/salutieducacioemocional.com\/","name":"SEER","description":"Salut i Educaci\u00f3 Emocional","publisher":{"@id":"https:\/\/salutieducacioemocional.com\/#organization"},"potentialAction":[{"@type":"SearchAction","target":{"@type":"EntryPoint","urlTemplate":"https:\/\/salutieducacioemocional.com\/?s={search_term_string}"},"query-input":{"@type":"PropertyValueSpecification","valueRequired":true,"valueName":"search_term_string"}}],"inLanguage":"ca"},{"@type":"Organization","@id":"https:\/\/salutieducacioemocional.com\/#organization","name":"Salut i Educaci\u00f3 Emocional S.L","alternateName":"SEER","url":"https:\/\/salutieducacioemocional.com\/","logo":{"@type":"ImageObject","inLanguage":"ca","@id":"https:\/\/salutieducacioemocional.com\/#\/schema\/logo\/image\/","url":"https:\/\/salutieducacioemocional.com\/wp-content\/uploads\/2018\/12\/cropped-educacion-emocional-seer-e1545471861400.png","contentUrl":"https:\/\/salutieducacioemocional.com\/wp-content\/uploads\/2018\/12\/cropped-educacion-emocional-seer-e1545471861400.png","width":200,"height":78,"caption":"Salut i Educaci\u00f3 Emocional S.L"},"image":{"@id":"https:\/\/salutieducacioemocional.com\/#\/schema\/logo\/image\/"},"sameAs":["https:\/\/www.facebook.com\/equipseer","https:\/\/x.com\/equipseer","https:\/\/www.instagram.com\/equipseer\/","https:\/\/www.linkedin.com\/company\/9231569\/admin\/","https:\/\/www.youtube.com\/@equipseer","https:\/\/t.me\/seer_info"]}]}},"_links":{"self":[{"href":"https:\/\/salutieducacioemocional.com\/ca\/wp-json\/wp\/v2\/pages\/4633","targetHints":{"allow":["GET"]}}],"collection":[{"href":"https:\/\/salutieducacioemocional.com\/ca\/wp-json\/wp\/v2\/pages"}],"about":[{"href":"https:\/\/salutieducacioemocional.com\/ca\/wp-json\/wp\/v2\/types\/page"}],"author":[{"embeddable":true,"href":"https:\/\/salutieducacioemocional.com\/ca\/wp-json\/wp\/v2\/users\/1"}],"replies":[{"embeddable":true,"href":"https:\/\/salutieducacioemocional.com\/ca\/wp-json\/wp\/v2\/comments?post=4633"}],"version-history":[{"count":4,"href":"https:\/\/salutieducacioemocional.com\/ca\/wp-json\/wp\/v2\/pages\/4633\/revisions"}],"predecessor-version":[{"id":4637,"href":"https:\/\/salutieducacioemocional.com\/ca\/wp-json\/wp\/v2\/pages\/4633\/revisions\/4637"}],"up":[{"embeddable":true,"href":"https:\/\/salutieducacioemocional.com\/ca\/wp-json\/wp\/v2\/pages\/4592"}],"wp:attachment":[{"href":"https:\/\/salutieducacioemocional.com\/ca\/wp-json\/wp\/v2\/media?parent=4633"}],"curies":[{"name":"wp","href":"https:\/\/api.w.org\/{rel}","templated":true}]}}