{"id":8590,"date":"2022-03-14T18:44:36","date_gmt":"2022-03-14T18:44:36","guid":{"rendered":"https:\/\/salutieducacioemocional.com\/equip\/monica-rose-donnellan-barraclough\/"},"modified":"2024-06-09T11:33:38","modified_gmt":"2024-06-09T11:33:38","slug":"monica-donnellan","status":"publish","type":"page","link":"https:\/\/salutieducacioemocional.com\/ca\/equip\/monica-donnellan\/","title":{"rendered":"M\u00f2nica Rose Donnellan Barraclough"},"content":{"rendered":"\t\t<div data-elementor-type=\"wp-page\" data-elementor-id=\"8590\" class=\"elementor elementor-8590 elementor-8583\" data-elementor-post-type=\"page\">\n\t\t\t\t\t\t<section class=\"elementor-section elementor-top-section elementor-element elementor-element-74be1b54 elementor-section-boxed elementor-section-height-default elementor-section-height-default\" data-id=\"74be1b54\" data-element_type=\"section\" data-e-type=\"section\">\n\t\t\t\t\t\t<div class=\"elementor-container elementor-column-gap-default\">\n\t\t\t\t\t<div class=\"elementor-column elementor-col-100 elementor-top-column elementor-element elementor-element-716652b1\" data-id=\"716652b1\" data-element_type=\"column\" data-e-type=\"column\">\n\t\t\t<div class=\"elementor-widget-wrap elementor-element-populated\">\n\t\t\t\t\t\t<div class=\"elementor-element elementor-element-22e57d33 elementor-widget elementor-widget-image\" data-id=\"22e57d33\" data-element_type=\"widget\" data-e-type=\"widget\" data-widget_type=\"image.default\">\n\t\t\t\t<div class=\"elementor-widget-container\">\n\t\t\t\t\t\t\t\t\t\t\t\t\t\t\t<img fetchpriority=\"high\" decoding=\"async\" width=\"300\" height=\"300\" src=\"https:\/\/salutieducacioemocional.com\/wp-content\/uploads\/2023\/09\/equip-Monica-300x300.png\" class=\"attachment-medium size-medium wp-image-10629\" alt=\"\" srcset=\"https:\/\/salutieducacioemocional.com\/wp-content\/uploads\/2023\/09\/equip-Monica-300x300.png 300w, https:\/\/salutieducacioemocional.com\/wp-content\/uploads\/2023\/09\/equip-Monica-1024x1024.png 1024w, https:\/\/salutieducacioemocional.com\/wp-content\/uploads\/2023\/09\/equip-Monica-150x150.png 150w, https:\/\/salutieducacioemocional.com\/wp-content\/uploads\/2023\/09\/equip-Monica-768x768.png 768w, https:\/\/salutieducacioemocional.com\/wp-content\/uploads\/2023\/09\/equip-Monica-600x600.png 600w, https:\/\/salutieducacioemocional.com\/wp-content\/uploads\/2023\/09\/equip-Monica-100x100.png 100w, https:\/\/salutieducacioemocional.com\/wp-content\/uploads\/2023\/09\/equip-Monica.png 1080w\" sizes=\"(max-width: 300px) 100vw, 300px\" \/>\t\t\t\t\t\t\t\t\t\t\t\t\t\t\t<\/div>\n\t\t\t\t<\/div>\n\t\t\t\t<div class=\"elementor-element elementor-element-67d984de elementor-widget elementor-widget-heading\" data-id=\"67d984de\" data-element_type=\"widget\" data-e-type=\"widget\" data-widget_type=\"heading.default\">\n\t\t\t\t<div class=\"elementor-widget-container\">\n\t\t\t\t\t<h1 class=\"elementor-heading-title elementor-size-xl\">M\u00f2nica Rose Donnellan Barraclough<\/h1>\t\t\t\t<\/div>\n\t\t\t\t<\/div>\n\t\t\t\t<div class=\"elementor-element elementor-element-369ec8fc elementor-widget elementor-widget-heading\" data-id=\"369ec8fc\" data-element_type=\"widget\" data-e-type=\"widget\" data-widget_type=\"heading.default\">\n\t\t\t\t<div class=\"elementor-widget-container\">\n\t\t\t\t\t<h2 class=\"elementor-heading-title elementor-size-default\">Enlla\u00e7 - Formadora - Facilitadora - Cap de Desenvolupament Pedag\u00f2gic i investigaci\u00f3<\/h2>\t\t\t\t<\/div>\n\t\t\t\t<\/div>\n\t\t\t\t<div class=\"elementor-element elementor-element-4e60d2e9 elementor-widget-divider--view-line elementor-widget elementor-widget-divider\" data-id=\"4e60d2e9\" data-element_type=\"widget\" data-e-type=\"widget\" data-widget_type=\"divider.default\">\n\t\t\t\t<div class=\"elementor-widget-container\">\n\t\t\t\t\t\t\t<div class=\"elementor-divider\">\n\t\t\t<span class=\"elementor-divider-separator\">\n\t\t\t\t\t\t<\/span>\n\t\t<\/div>\n\t\t\t\t\t\t<\/div>\n\t\t\t\t<\/div>\n\t\t\t\t<div class=\"elementor-element elementor-element-67f4f58d elementor-widget elementor-widget-text-editor\" data-id=\"67f4f58d\" data-element_type=\"widget\" data-e-type=\"widget\" data-widget_type=\"text-editor.default\">\n\t\t\t\t<div class=\"elementor-widget-container\">\n\t\t\t\t\t\t\t\t\t<p>Vinc d&#8217;una fam\u00edlia de mestres i mestres, i des que record, el treball amb grups ha estat la meva passi\u00f3 i acompanyar, la meva vocaci\u00f3. Amb els anys he buscat la manera de conciliar el meu profund desig per un m\u00f3n m\u00e9s just a oferir experi\u00e8ncies educatives integrals, que siguin inclusives, participatives i significatives, que potencien el benestar individual i col\u00b7lectiu i que contribueixin a l&#8217;apoderament i la transformaci\u00f3 social.<\/p>\n<p>Em nodreixo del Treball Social, l&#8217;Educaci\u00f3 Viva, la Gestalt, el Ioga i l&#8217;Artter\u00e0pia, entre altres, per a posar-me al servei d&#8217;una manera m\u00e9s sensible i honesta de fer i relacionar-me, col\u00b7locant la vida i l&#8217;amor en el centre. En SEER colidero al costat de Ramiro el Departament de Desenvolupament pedag\u00f2gic i tamb\u00e9 soc formadora en educaci\u00f3 emocional i abordatge integral del conflicte.<\/p>\n<p>Para m\u00ed, SEER es un referente en este camino, y una inmensa oportunidad para seguir cocreando juntas.<\/p>\n\t\t\t\t\t\t\t\t<\/div>\n\t\t\t\t<\/div>\n\t\t\t\t\t<\/div>\n\t\t<\/div>\n\t\t\t\t\t<\/div>\n\t\t<\/section>\n\t\t\t\t<\/div>\n\t\t","protected":false},"excerpt":{"rendered":"<p>M\u00f2nica Rose Donnellan Barraclough Enlla\u00e7 &#8211; Formadora &#8211; Facilitadora &#8211; Cap de Desenvolupament Pedag\u00f2gic i investigaci\u00f3 Vinc d&#8217;una fam\u00edlia de mestres i mestres, i des que record, el treball amb grups ha estat la meva passi\u00f3 i acompanyar, la meva vocaci\u00f3. Amb els anys he buscat la manera de conciliar el meu profund desig per [&hellip;]<\/p>\n","protected":false},"author":1,"featured_media":8585,"parent":217,"menu_order":0,"comment_status":"closed","ping_status":"closed","template":"","meta":{"footnotes":""},"class_list":["post-8590","page","type-page","status-publish","has-post-thumbnail","hentry"],"yoast_head":"<!-- This site is optimized with the Yoast SEO plugin v27.3 - https:\/\/yoast.com\/product\/yoast-seo-wordpress\/ -->\n<title>M\u00f2nica Rose Donnellan Barraclough - SEER<\/title>\n<meta name=\"robots\" content=\"index, follow, max-snippet:-1, max-image-preview:large, max-video-preview:-1\" \/>\n<link rel=\"canonical\" href=\"https:\/\/salutieducacioemocional.com\/ca\/equip\/monica-donnellan\/\" \/>\n<meta property=\"og:locale\" content=\"ca_ES\" \/>\n<meta property=\"og:type\" content=\"article\" \/>\n<meta property=\"og:title\" content=\"M\u00f2nica Rose Donnellan Barraclough - SEER\" \/>\n<meta property=\"og:description\" content=\"M\u00f2nica Rose Donnellan Barraclough Enlla\u00e7 &#8211; Formadora &#8211; Facilitadora &#8211; Cap de Desenvolupament Pedag\u00f2gic i investigaci\u00f3 Vinc d&#8217;una fam\u00edlia de mestres i mestres, i des que record, el treball amb grups ha estat la meva passi\u00f3 i acompanyar, la meva vocaci\u00f3. Amb els anys he buscat la manera de conciliar el meu profund desig per [&hellip;]\" \/>\n<meta property=\"og:url\" content=\"https:\/\/salutieducacioemocional.com\/ca\/equip\/monica-donnellan\/\" \/>\n<meta property=\"og:site_name\" content=\"SEER\" \/>\n<meta property=\"article:publisher\" content=\"https:\/\/www.facebook.com\/equipseer\" \/>\n<meta property=\"article:modified_time\" content=\"2024-06-09T11:33:38+00:00\" \/>\n<meta property=\"og:image\" content=\"https:\/\/salutieducacioemocional.com\/wp-content\/uploads\/2022\/03\/monica-donnellan-seer.jpg\" \/>\n\t<meta property=\"og:image:width\" content=\"400\" \/>\n\t<meta property=\"og:image:height\" content=\"400\" \/>\n\t<meta property=\"og:image:type\" content=\"image\/jpeg\" \/>\n<meta name=\"twitter:card\" content=\"summary_large_image\" \/>\n<meta name=\"twitter:site\" content=\"@equipseer\" \/>\n<script type=\"application\/ld+json\" class=\"yoast-schema-graph\">{\"@context\":\"https:\\\/\\\/schema.org\",\"@graph\":[{\"@type\":\"WebPage\",\"@id\":\"https:\\\/\\\/salutieducacioemocional.com\\\/ca\\\/equip\\\/monica-donnellan\\\/\",\"url\":\"https:\\\/\\\/salutieducacioemocional.com\\\/ca\\\/equip\\\/monica-donnellan\\\/\",\"name\":\"M\u00f2nica Rose Donnellan Barraclough - SEER\",\"isPartOf\":{\"@id\":\"https:\\\/\\\/salutieducacioemocional.com\\\/#website\"},\"primaryImageOfPage\":{\"@id\":\"https:\\\/\\\/salutieducacioemocional.com\\\/ca\\\/equip\\\/monica-donnellan\\\/#primaryimage\"},\"image\":{\"@id\":\"https:\\\/\\\/salutieducacioemocional.com\\\/ca\\\/equip\\\/monica-donnellan\\\/#primaryimage\"},\"thumbnailUrl\":\"https:\\\/\\\/salutieducacioemocional.com\\\/wp-content\\\/uploads\\\/2022\\\/03\\\/monica-donnellan-seer.jpg\",\"datePublished\":\"2022-03-14T18:44:36+00:00\",\"dateModified\":\"2024-06-09T11:33:38+00:00\",\"breadcrumb\":{\"@id\":\"https:\\\/\\\/salutieducacioemocional.com\\\/ca\\\/equip\\\/monica-donnellan\\\/#breadcrumb\"},\"inLanguage\":\"ca\",\"potentialAction\":[{\"@type\":\"ReadAction\",\"target\":[\"https:\\\/\\\/salutieducacioemocional.com\\\/ca\\\/equip\\\/monica-donnellan\\\/\"]}]},{\"@type\":\"ImageObject\",\"inLanguage\":\"ca\",\"@id\":\"https:\\\/\\\/salutieducacioemocional.com\\\/ca\\\/equip\\\/monica-donnellan\\\/#primaryimage\",\"url\":\"https:\\\/\\\/salutieducacioemocional.com\\\/wp-content\\\/uploads\\\/2022\\\/03\\\/monica-donnellan-seer.jpg\",\"contentUrl\":\"https:\\\/\\\/salutieducacioemocional.com\\\/wp-content\\\/uploads\\\/2022\\\/03\\\/monica-donnellan-seer.jpg\",\"width\":400,\"height\":400,\"caption\":\"Monica Rose Donnellan Barraclough Equip SEER\"},{\"@type\":\"BreadcrumbList\",\"@id\":\"https:\\\/\\\/salutieducacioemocional.com\\\/ca\\\/equip\\\/monica-donnellan\\\/#breadcrumb\",\"itemListElement\":[{\"@type\":\"ListItem\",\"position\":1,\"name\":\"Portada\",\"item\":\"https:\\\/\\\/salutieducacioemocional.com\\\/\"},{\"@type\":\"ListItem\",\"position\":2,\"name\":\"Equip\",\"item\":\"https:\\\/\\\/salutieducacioemocional.com\\\/equipo\\\/\"},{\"@type\":\"ListItem\",\"position\":3,\"name\":\"M\u00f2nica Rose Donnellan Barraclough\"}]},{\"@type\":\"WebSite\",\"@id\":\"https:\\\/\\\/salutieducacioemocional.com\\\/#website\",\"url\":\"https:\\\/\\\/salutieducacioemocional.com\\\/\",\"name\":\"SEER\",\"description\":\"Salut i Educaci\u00f3 Emocional\",\"publisher\":{\"@id\":\"https:\\\/\\\/salutieducacioemocional.com\\\/#organization\"},\"potentialAction\":[{\"@type\":\"SearchAction\",\"target\":{\"@type\":\"EntryPoint\",\"urlTemplate\":\"https:\\\/\\\/salutieducacioemocional.com\\\/?s={search_term_string}\"},\"query-input\":{\"@type\":\"PropertyValueSpecification\",\"valueRequired\":true,\"valueName\":\"search_term_string\"}}],\"inLanguage\":\"ca\"},{\"@type\":\"Organization\",\"@id\":\"https:\\\/\\\/salutieducacioemocional.com\\\/#organization\",\"name\":\"Salut i Educaci\u00f3 Emocional S.L\",\"alternateName\":\"SEER\",\"url\":\"https:\\\/\\\/salutieducacioemocional.com\\\/\",\"logo\":{\"@type\":\"ImageObject\",\"inLanguage\":\"ca\",\"@id\":\"https:\\\/\\\/salutieducacioemocional.com\\\/#\\\/schema\\\/logo\\\/image\\\/\",\"url\":\"https:\\\/\\\/salutieducacioemocional.com\\\/wp-content\\\/uploads\\\/2018\\\/12\\\/cropped-educacion-emocional-seer-e1545471861400.png\",\"contentUrl\":\"https:\\\/\\\/salutieducacioemocional.com\\\/wp-content\\\/uploads\\\/2018\\\/12\\\/cropped-educacion-emocional-seer-e1545471861400.png\",\"width\":200,\"height\":78,\"caption\":\"Salut i Educaci\u00f3 Emocional S.L\"},\"image\":{\"@id\":\"https:\\\/\\\/salutieducacioemocional.com\\\/#\\\/schema\\\/logo\\\/image\\\/\"},\"sameAs\":[\"https:\\\/\\\/www.facebook.com\\\/equipseer\",\"https:\\\/\\\/x.com\\\/equipseer\",\"https:\\\/\\\/www.instagram.com\\\/equipseer\\\/\",\"https:\\\/\\\/www.linkedin.com\\\/company\\\/9231569\\\/admin\\\/\",\"https:\\\/\\\/www.youtube.com\\\/@equipseer\",\"https:\\\/\\\/t.me\\\/seer_info\"]}]}<\/script>\n<!-- \/ Yoast SEO plugin. -->","yoast_head_json":{"title":"M\u00f2nica Rose Donnellan Barraclough - SEER","robots":{"index":"index","follow":"follow","max-snippet":"max-snippet:-1","max-image-preview":"max-image-preview:large","max-video-preview":"max-video-preview:-1"},"canonical":"https:\/\/salutieducacioemocional.com\/ca\/equip\/monica-donnellan\/","og_locale":"ca_ES","og_type":"article","og_title":"M\u00f2nica Rose Donnellan Barraclough - SEER","og_description":"M\u00f2nica Rose Donnellan Barraclough Enlla\u00e7 &#8211; Formadora &#8211; Facilitadora &#8211; Cap de Desenvolupament Pedag\u00f2gic i investigaci\u00f3 Vinc d&#8217;una fam\u00edlia de mestres i mestres, i des que record, el treball amb grups ha estat la meva passi\u00f3 i acompanyar, la meva vocaci\u00f3. Amb els anys he buscat la manera de conciliar el meu profund desig per [&hellip;]","og_url":"https:\/\/salutieducacioemocional.com\/ca\/equip\/monica-donnellan\/","og_site_name":"SEER","article_publisher":"https:\/\/www.facebook.com\/equipseer","article_modified_time":"2024-06-09T11:33:38+00:00","og_image":[{"width":400,"height":400,"url":"https:\/\/salutieducacioemocional.com\/wp-content\/uploads\/2022\/03\/monica-donnellan-seer.jpg","type":"image\/jpeg"}],"twitter_card":"summary_large_image","twitter_site":"@equipseer","schema":{"@context":"https:\/\/schema.org","@graph":[{"@type":"WebPage","@id":"https:\/\/salutieducacioemocional.com\/ca\/equip\/monica-donnellan\/","url":"https:\/\/salutieducacioemocional.com\/ca\/equip\/monica-donnellan\/","name":"M\u00f2nica Rose Donnellan Barraclough - SEER","isPartOf":{"@id":"https:\/\/salutieducacioemocional.com\/#website"},"primaryImageOfPage":{"@id":"https:\/\/salutieducacioemocional.com\/ca\/equip\/monica-donnellan\/#primaryimage"},"image":{"@id":"https:\/\/salutieducacioemocional.com\/ca\/equip\/monica-donnellan\/#primaryimage"},"thumbnailUrl":"https:\/\/salutieducacioemocional.com\/wp-content\/uploads\/2022\/03\/monica-donnellan-seer.jpg","datePublished":"2022-03-14T18:44:36+00:00","dateModified":"2024-06-09T11:33:38+00:00","breadcrumb":{"@id":"https:\/\/salutieducacioemocional.com\/ca\/equip\/monica-donnellan\/#breadcrumb"},"inLanguage":"ca","potentialAction":[{"@type":"ReadAction","target":["https:\/\/salutieducacioemocional.com\/ca\/equip\/monica-donnellan\/"]}]},{"@type":"ImageObject","inLanguage":"ca","@id":"https:\/\/salutieducacioemocional.com\/ca\/equip\/monica-donnellan\/#primaryimage","url":"https:\/\/salutieducacioemocional.com\/wp-content\/uploads\/2022\/03\/monica-donnellan-seer.jpg","contentUrl":"https:\/\/salutieducacioemocional.com\/wp-content\/uploads\/2022\/03\/monica-donnellan-seer.jpg","width":400,"height":400,"caption":"Monica Rose Donnellan Barraclough Equip SEER"},{"@type":"BreadcrumbList","@id":"https:\/\/salutieducacioemocional.com\/ca\/equip\/monica-donnellan\/#breadcrumb","itemListElement":[{"@type":"ListItem","position":1,"name":"Portada","item":"https:\/\/salutieducacioemocional.com\/"},{"@type":"ListItem","position":2,"name":"Equip","item":"https:\/\/salutieducacioemocional.com\/equipo\/"},{"@type":"ListItem","position":3,"name":"M\u00f2nica Rose Donnellan Barraclough"}]},{"@type":"WebSite","@id":"https:\/\/salutieducacioemocional.com\/#website","url":"https:\/\/salutieducacioemocional.com\/","name":"SEER","description":"Salut i Educaci\u00f3 Emocional","publisher":{"@id":"https:\/\/salutieducacioemocional.com\/#organization"},"potentialAction":[{"@type":"SearchAction","target":{"@type":"EntryPoint","urlTemplate":"https:\/\/salutieducacioemocional.com\/?s={search_term_string}"},"query-input":{"@type":"PropertyValueSpecification","valueRequired":true,"valueName":"search_term_string"}}],"inLanguage":"ca"},{"@type":"Organization","@id":"https:\/\/salutieducacioemocional.com\/#organization","name":"Salut i Educaci\u00f3 Emocional S.L","alternateName":"SEER","url":"https:\/\/salutieducacioemocional.com\/","logo":{"@type":"ImageObject","inLanguage":"ca","@id":"https:\/\/salutieducacioemocional.com\/#\/schema\/logo\/image\/","url":"https:\/\/salutieducacioemocional.com\/wp-content\/uploads\/2018\/12\/cropped-educacion-emocional-seer-e1545471861400.png","contentUrl":"https:\/\/salutieducacioemocional.com\/wp-content\/uploads\/2018\/12\/cropped-educacion-emocional-seer-e1545471861400.png","width":200,"height":78,"caption":"Salut i Educaci\u00f3 Emocional S.L"},"image":{"@id":"https:\/\/salutieducacioemocional.com\/#\/schema\/logo\/image\/"},"sameAs":["https:\/\/www.facebook.com\/equipseer","https:\/\/x.com\/equipseer","https:\/\/www.instagram.com\/equipseer\/","https:\/\/www.linkedin.com\/company\/9231569\/admin\/","https:\/\/www.youtube.com\/@equipseer","https:\/\/t.me\/seer_info"]}]}},"_links":{"self":[{"href":"https:\/\/salutieducacioemocional.com\/ca\/wp-json\/wp\/v2\/pages\/8590","targetHints":{"allow":["GET"]}}],"collection":[{"href":"https:\/\/salutieducacioemocional.com\/ca\/wp-json\/wp\/v2\/pages"}],"about":[{"href":"https:\/\/salutieducacioemocional.com\/ca\/wp-json\/wp\/v2\/types\/page"}],"author":[{"embeddable":true,"href":"https:\/\/salutieducacioemocional.com\/ca\/wp-json\/wp\/v2\/users\/1"}],"replies":[{"embeddable":true,"href":"https:\/\/salutieducacioemocional.com\/ca\/wp-json\/wp\/v2\/comments?post=8590"}],"version-history":[{"count":5,"href":"https:\/\/salutieducacioemocional.com\/ca\/wp-json\/wp\/v2\/pages\/8590\/revisions"}],"predecessor-version":[{"id":10635,"href":"https:\/\/salutieducacioemocional.com\/ca\/wp-json\/wp\/v2\/pages\/8590\/revisions\/10635"}],"up":[{"embeddable":true,"href":"https:\/\/salutieducacioemocional.com\/ca\/wp-json\/wp\/v2\/pages\/217"}],"wp:featuredmedia":[{"embeddable":true,"href":"https:\/\/salutieducacioemocional.com\/ca\/wp-json\/wp\/v2\/media\/8585"}],"wp:attachment":[{"href":"https:\/\/salutieducacioemocional.com\/ca\/wp-json\/wp\/v2\/media?parent=8590"}],"curies":[{"name":"wp","href":"https:\/\/api.w.org\/{rel}","templated":true}]}}