{"id":8656,"date":"2022-04-01T10:24:51","date_gmt":"2022-04-01T10:24:51","guid":{"rendered":"https:\/\/salutieducacioemocional.com\/equip\/marina-bricolle\/"},"modified":"2024-06-09T10:52:18","modified_gmt":"2024-06-09T10:52:18","slug":"marina-bricolle","status":"publish","type":"page","link":"https:\/\/salutieducacioemocional.com\/ca\/equip\/marina-bricolle\/","title":{"rendered":"Marina Bricoll\u00e9"},"content":{"rendered":"\t\t<div data-elementor-type=\"wp-page\" data-elementor-id=\"8656\" class=\"elementor elementor-8656 elementor-8647\" data-elementor-post-type=\"page\">\n\t\t\t\t\t\t<section class=\"elementor-section elementor-top-section elementor-element elementor-element-6654b5fd elementor-section-boxed elementor-section-height-default elementor-section-height-default\" data-id=\"6654b5fd\" data-element_type=\"section\" data-e-type=\"section\">\n\t\t\t\t\t\t<div class=\"elementor-container elementor-column-gap-default\">\n\t\t\t\t\t<div class=\"elementor-column elementor-col-100 elementor-top-column elementor-element elementor-element-17bb8d67\" data-id=\"17bb8d67\" data-element_type=\"column\" data-e-type=\"column\">\n\t\t\t<div class=\"elementor-widget-wrap elementor-element-populated\">\n\t\t\t\t\t\t<div class=\"elementor-element elementor-element-31f8313f elementor-widget elementor-widget-image\" data-id=\"31f8313f\" data-element_type=\"widget\" data-e-type=\"widget\" data-widget_type=\"image.default\">\n\t\t\t\t<div class=\"elementor-widget-container\">\n\t\t\t\t\t\t\t\t\t\t\t\t\t\t\t<img fetchpriority=\"high\" decoding=\"async\" width=\"300\" height=\"300\" src=\"https:\/\/salutieducacioemocional.com\/wp-content\/uploads\/2023\/07\/8-1-300x300.png\" class=\"attachment-medium size-medium wp-image-10524\" alt=\"\" srcset=\"https:\/\/salutieducacioemocional.com\/wp-content\/uploads\/2023\/07\/8-1-300x300.png 300w, https:\/\/salutieducacioemocional.com\/wp-content\/uploads\/2023\/07\/8-1-1024x1024.png 1024w, https:\/\/salutieducacioemocional.com\/wp-content\/uploads\/2023\/07\/8-1-150x150.png 150w, https:\/\/salutieducacioemocional.com\/wp-content\/uploads\/2023\/07\/8-1-768x768.png 768w, https:\/\/salutieducacioemocional.com\/wp-content\/uploads\/2023\/07\/8-1-600x600.png 600w, https:\/\/salutieducacioemocional.com\/wp-content\/uploads\/2023\/07\/8-1-100x100.png 100w, https:\/\/salutieducacioemocional.com\/wp-content\/uploads\/2023\/07\/8-1.png 1080w\" sizes=\"(max-width: 300px) 100vw, 300px\" \/>\t\t\t\t\t\t\t\t\t\t\t\t\t\t\t<\/div>\n\t\t\t\t<\/div>\n\t\t\t\t<div class=\"elementor-element elementor-element-55918a9b elementor-widget elementor-widget-heading\" data-id=\"55918a9b\" data-element_type=\"widget\" data-e-type=\"widget\" data-widget_type=\"heading.default\">\n\t\t\t\t<div class=\"elementor-widget-container\">\n\t\t\t\t\t<h1 class=\"elementor-heading-title elementor-size-xl\">Marina Bricoll\u00e9<\/h1>\t\t\t\t<\/div>\n\t\t\t\t<\/div>\n\t\t\t\t<div class=\"elementor-element elementor-element-6f9971a4 elementor-widget elementor-widget-heading\" data-id=\"6f9971a4\" data-element_type=\"widget\" data-e-type=\"widget\" data-widget_type=\"heading.default\">\n\t\t\t\t<div class=\"elementor-widget-container\">\n\t\t\t\t\t<h2 class=\"elementor-heading-title elementor-size-default\">Formadora - Facilitadora - Responsable tallers i carteres de serveis<\/h2>\t\t\t\t<\/div>\n\t\t\t\t<\/div>\n\t\t\t\t<div class=\"elementor-element elementor-element-2ce2ba39 elementor-widget-divider--view-line elementor-widget elementor-widget-divider\" data-id=\"2ce2ba39\" data-element_type=\"widget\" data-e-type=\"widget\" data-widget_type=\"divider.default\">\n\t\t\t\t<div class=\"elementor-widget-container\">\n\t\t\t\t\t\t\t<div class=\"elementor-divider\">\n\t\t\t<span class=\"elementor-divider-separator\">\n\t\t\t\t\t\t<\/span>\n\t\t<\/div>\n\t\t\t\t\t\t<\/div>\n\t\t\t\t<\/div>\n\t\t\t\t<div class=\"elementor-element elementor-element-7ab5d1a8 elementor-widget elementor-widget-text-editor\" data-id=\"7ab5d1a8\" data-element_type=\"widget\" data-e-type=\"widget\" data-widget_type=\"text-editor.default\">\n\t\t\t\t<div class=\"elementor-widget-container\">\n\t\t\t\t\t\t\t\t\t<p><span style=\"font-weight: 400;\">Aventurera, buscadora per dins i fora d\u2019all\u00f2 m\u00e9s aut\u00e8ntic de cadasc\u00fa i del m\u00f3n que ens envolta. M\u2019apassiona trobar i defensar la fortalesa i la vulnerabilitat \u2026subtileses que he anat aprenent i descobrint a l\u2019escoltisme, l\u2019educaci\u00f3 social i a la ter\u00e0pia Gestalt, principalment, on he trobat recursos per facilitar als tallers i formacions de SEER.<\/span><\/p>\n<p><span style=\"font-weight: 400;\">Trobo inspiraci\u00f3 i creativitat a la natura i s\u00f3c follower dels arbres i tot el que sigui viu i verd.<\/span><\/p>\n<p><span style=\"font-weight: 400;\">(Potser ara ja s\u00f3c una mica diferent de quan m\u2019has comen\u00e7at a llegir&#8230; I tu, qui ets?)<\/span><\/p>\n\t\t\t\t\t\t\t\t<\/div>\n\t\t\t\t<\/div>\n\t\t\t\t\t<\/div>\n\t\t<\/div>\n\t\t\t\t\t<\/div>\n\t\t<\/section>\n\t\t\t\t<\/div>\n\t\t","protected":false},"excerpt":{"rendered":"<p>Marina Bricoll\u00e9 Formadora &#8211; Facilitadora &#8211; Responsable tallers i carteres de serveis Aventurera, buscadora per dins i fora d\u2019all\u00f2 m\u00e9s aut\u00e8ntic de cadasc\u00fa i del m\u00f3n que ens envolta. M\u2019apassiona trobar i defensar la fortalesa i la vulnerabilitat \u2026subtileses que he anat aprenent i descobrint a l\u2019escoltisme, l\u2019educaci\u00f3 social i a la ter\u00e0pia Gestalt, principalment, [&hellip;]<\/p>\n","protected":false},"author":1,"featured_media":8649,"parent":217,"menu_order":0,"comment_status":"closed","ping_status":"closed","template":"","meta":{"footnotes":""},"class_list":["post-8656","page","type-page","status-publish","has-post-thumbnail","hentry"],"yoast_head":"<!-- This site is optimized with the Yoast SEO plugin v27.3 - https:\/\/yoast.com\/product\/yoast-seo-wordpress\/ -->\n<title>Marina Bricoll\u00e9 - SEER<\/title>\n<meta name=\"robots\" content=\"index, follow, max-snippet:-1, max-image-preview:large, max-video-preview:-1\" \/>\n<link rel=\"canonical\" href=\"https:\/\/salutieducacioemocional.com\/ca\/equip\/marina-bricolle\/\" \/>\n<meta property=\"og:locale\" content=\"ca_ES\" \/>\n<meta property=\"og:type\" content=\"article\" \/>\n<meta property=\"og:title\" content=\"Marina Bricoll\u00e9 - SEER\" \/>\n<meta property=\"og:description\" content=\"Marina Bricoll\u00e9 Formadora &#8211; Facilitadora &#8211; Responsable tallers i carteres de serveis Aventurera, buscadora per dins i fora d\u2019all\u00f2 m\u00e9s aut\u00e8ntic de cadasc\u00fa i del m\u00f3n que ens envolta. M\u2019apassiona trobar i defensar la fortalesa i la vulnerabilitat \u2026subtileses que he anat aprenent i descobrint a l\u2019escoltisme, l\u2019educaci\u00f3 social i a la ter\u00e0pia Gestalt, principalment, [&hellip;]\" \/>\n<meta property=\"og:url\" content=\"https:\/\/salutieducacioemocional.com\/ca\/equip\/marina-bricolle\/\" \/>\n<meta property=\"og:site_name\" content=\"SEER\" \/>\n<meta property=\"article:publisher\" content=\"https:\/\/www.facebook.com\/equipseer\" \/>\n<meta property=\"article:modified_time\" content=\"2024-06-09T10:52:18+00:00\" \/>\n<meta property=\"og:image\" content=\"https:\/\/salutieducacioemocional.com\/wp-content\/uploads\/2022\/04\/marina-bricolle-seer.jpg\" \/>\n\t<meta property=\"og:image:width\" content=\"400\" \/>\n\t<meta property=\"og:image:height\" content=\"400\" \/>\n\t<meta property=\"og:image:type\" content=\"image\/jpeg\" \/>\n<meta name=\"twitter:card\" content=\"summary_large_image\" \/>\n<meta name=\"twitter:site\" content=\"@equipseer\" \/>\n<script type=\"application\/ld+json\" class=\"yoast-schema-graph\">{\"@context\":\"https:\\\/\\\/schema.org\",\"@graph\":[{\"@type\":\"WebPage\",\"@id\":\"https:\\\/\\\/salutieducacioemocional.com\\\/ca\\\/equip\\\/marina-bricolle\\\/\",\"url\":\"https:\\\/\\\/salutieducacioemocional.com\\\/ca\\\/equip\\\/marina-bricolle\\\/\",\"name\":\"Marina Bricoll\u00e9 - SEER\",\"isPartOf\":{\"@id\":\"https:\\\/\\\/salutieducacioemocional.com\\\/#website\"},\"primaryImageOfPage\":{\"@id\":\"https:\\\/\\\/salutieducacioemocional.com\\\/ca\\\/equip\\\/marina-bricolle\\\/#primaryimage\"},\"image\":{\"@id\":\"https:\\\/\\\/salutieducacioemocional.com\\\/ca\\\/equip\\\/marina-bricolle\\\/#primaryimage\"},\"thumbnailUrl\":\"https:\\\/\\\/salutieducacioemocional.com\\\/wp-content\\\/uploads\\\/2022\\\/04\\\/marina-bricolle-seer.jpg\",\"datePublished\":\"2022-04-01T10:24:51+00:00\",\"dateModified\":\"2024-06-09T10:52:18+00:00\",\"breadcrumb\":{\"@id\":\"https:\\\/\\\/salutieducacioemocional.com\\\/ca\\\/equip\\\/marina-bricolle\\\/#breadcrumb\"},\"inLanguage\":\"ca\",\"potentialAction\":[{\"@type\":\"ReadAction\",\"target\":[\"https:\\\/\\\/salutieducacioemocional.com\\\/ca\\\/equip\\\/marina-bricolle\\\/\"]}]},{\"@type\":\"ImageObject\",\"inLanguage\":\"ca\",\"@id\":\"https:\\\/\\\/salutieducacioemocional.com\\\/ca\\\/equip\\\/marina-bricolle\\\/#primaryimage\",\"url\":\"https:\\\/\\\/salutieducacioemocional.com\\\/wp-content\\\/uploads\\\/2022\\\/04\\\/marina-bricolle-seer.jpg\",\"contentUrl\":\"https:\\\/\\\/salutieducacioemocional.com\\\/wp-content\\\/uploads\\\/2022\\\/04\\\/marina-bricolle-seer.jpg\",\"width\":400,\"height\":400,\"caption\":\"Marina Bricoll\u00e9 Equip SEER\"},{\"@type\":\"BreadcrumbList\",\"@id\":\"https:\\\/\\\/salutieducacioemocional.com\\\/ca\\\/equip\\\/marina-bricolle\\\/#breadcrumb\",\"itemListElement\":[{\"@type\":\"ListItem\",\"position\":1,\"name\":\"Portada\",\"item\":\"https:\\\/\\\/salutieducacioemocional.com\\\/\"},{\"@type\":\"ListItem\",\"position\":2,\"name\":\"Equip\",\"item\":\"https:\\\/\\\/salutieducacioemocional.com\\\/equipo\\\/\"},{\"@type\":\"ListItem\",\"position\":3,\"name\":\"Marina Bricoll\u00e9\"}]},{\"@type\":\"WebSite\",\"@id\":\"https:\\\/\\\/salutieducacioemocional.com\\\/#website\",\"url\":\"https:\\\/\\\/salutieducacioemocional.com\\\/\",\"name\":\"SEER\",\"description\":\"Salut i Educaci\u00f3 Emocional\",\"publisher\":{\"@id\":\"https:\\\/\\\/salutieducacioemocional.com\\\/#organization\"},\"potentialAction\":[{\"@type\":\"SearchAction\",\"target\":{\"@type\":\"EntryPoint\",\"urlTemplate\":\"https:\\\/\\\/salutieducacioemocional.com\\\/?s={search_term_string}\"},\"query-input\":{\"@type\":\"PropertyValueSpecification\",\"valueRequired\":true,\"valueName\":\"search_term_string\"}}],\"inLanguage\":\"ca\"},{\"@type\":\"Organization\",\"@id\":\"https:\\\/\\\/salutieducacioemocional.com\\\/#organization\",\"name\":\"Salut i Educaci\u00f3 Emocional S.L\",\"alternateName\":\"SEER\",\"url\":\"https:\\\/\\\/salutieducacioemocional.com\\\/\",\"logo\":{\"@type\":\"ImageObject\",\"inLanguage\":\"ca\",\"@id\":\"https:\\\/\\\/salutieducacioemocional.com\\\/#\\\/schema\\\/logo\\\/image\\\/\",\"url\":\"https:\\\/\\\/salutieducacioemocional.com\\\/wp-content\\\/uploads\\\/2018\\\/12\\\/cropped-educacion-emocional-seer-e1545471861400.png\",\"contentUrl\":\"https:\\\/\\\/salutieducacioemocional.com\\\/wp-content\\\/uploads\\\/2018\\\/12\\\/cropped-educacion-emocional-seer-e1545471861400.png\",\"width\":200,\"height\":78,\"caption\":\"Salut i Educaci\u00f3 Emocional S.L\"},\"image\":{\"@id\":\"https:\\\/\\\/salutieducacioemocional.com\\\/#\\\/schema\\\/logo\\\/image\\\/\"},\"sameAs\":[\"https:\\\/\\\/www.facebook.com\\\/equipseer\",\"https:\\\/\\\/x.com\\\/equipseer\",\"https:\\\/\\\/www.instagram.com\\\/equipseer\\\/\",\"https:\\\/\\\/www.linkedin.com\\\/company\\\/9231569\\\/admin\\\/\",\"https:\\\/\\\/www.youtube.com\\\/@equipseer\",\"https:\\\/\\\/t.me\\\/seer_info\"]}]}<\/script>\n<!-- \/ Yoast SEO plugin. -->","yoast_head_json":{"title":"Marina Bricoll\u00e9 - SEER","robots":{"index":"index","follow":"follow","max-snippet":"max-snippet:-1","max-image-preview":"max-image-preview:large","max-video-preview":"max-video-preview:-1"},"canonical":"https:\/\/salutieducacioemocional.com\/ca\/equip\/marina-bricolle\/","og_locale":"ca_ES","og_type":"article","og_title":"Marina Bricoll\u00e9 - SEER","og_description":"Marina Bricoll\u00e9 Formadora &#8211; Facilitadora &#8211; Responsable tallers i carteres de serveis Aventurera, buscadora per dins i fora d\u2019all\u00f2 m\u00e9s aut\u00e8ntic de cadasc\u00fa i del m\u00f3n que ens envolta. M\u2019apassiona trobar i defensar la fortalesa i la vulnerabilitat \u2026subtileses que he anat aprenent i descobrint a l\u2019escoltisme, l\u2019educaci\u00f3 social i a la ter\u00e0pia Gestalt, principalment, [&hellip;]","og_url":"https:\/\/salutieducacioemocional.com\/ca\/equip\/marina-bricolle\/","og_site_name":"SEER","article_publisher":"https:\/\/www.facebook.com\/equipseer","article_modified_time":"2024-06-09T10:52:18+00:00","og_image":[{"width":400,"height":400,"url":"https:\/\/salutieducacioemocional.com\/wp-content\/uploads\/2022\/04\/marina-bricolle-seer.jpg","type":"image\/jpeg"}],"twitter_card":"summary_large_image","twitter_site":"@equipseer","schema":{"@context":"https:\/\/schema.org","@graph":[{"@type":"WebPage","@id":"https:\/\/salutieducacioemocional.com\/ca\/equip\/marina-bricolle\/","url":"https:\/\/salutieducacioemocional.com\/ca\/equip\/marina-bricolle\/","name":"Marina Bricoll\u00e9 - SEER","isPartOf":{"@id":"https:\/\/salutieducacioemocional.com\/#website"},"primaryImageOfPage":{"@id":"https:\/\/salutieducacioemocional.com\/ca\/equip\/marina-bricolle\/#primaryimage"},"image":{"@id":"https:\/\/salutieducacioemocional.com\/ca\/equip\/marina-bricolle\/#primaryimage"},"thumbnailUrl":"https:\/\/salutieducacioemocional.com\/wp-content\/uploads\/2022\/04\/marina-bricolle-seer.jpg","datePublished":"2022-04-01T10:24:51+00:00","dateModified":"2024-06-09T10:52:18+00:00","breadcrumb":{"@id":"https:\/\/salutieducacioemocional.com\/ca\/equip\/marina-bricolle\/#breadcrumb"},"inLanguage":"ca","potentialAction":[{"@type":"ReadAction","target":["https:\/\/salutieducacioemocional.com\/ca\/equip\/marina-bricolle\/"]}]},{"@type":"ImageObject","inLanguage":"ca","@id":"https:\/\/salutieducacioemocional.com\/ca\/equip\/marina-bricolle\/#primaryimage","url":"https:\/\/salutieducacioemocional.com\/wp-content\/uploads\/2022\/04\/marina-bricolle-seer.jpg","contentUrl":"https:\/\/salutieducacioemocional.com\/wp-content\/uploads\/2022\/04\/marina-bricolle-seer.jpg","width":400,"height":400,"caption":"Marina Bricoll\u00e9 Equip SEER"},{"@type":"BreadcrumbList","@id":"https:\/\/salutieducacioemocional.com\/ca\/equip\/marina-bricolle\/#breadcrumb","itemListElement":[{"@type":"ListItem","position":1,"name":"Portada","item":"https:\/\/salutieducacioemocional.com\/"},{"@type":"ListItem","position":2,"name":"Equip","item":"https:\/\/salutieducacioemocional.com\/equipo\/"},{"@type":"ListItem","position":3,"name":"Marina Bricoll\u00e9"}]},{"@type":"WebSite","@id":"https:\/\/salutieducacioemocional.com\/#website","url":"https:\/\/salutieducacioemocional.com\/","name":"SEER","description":"Salut i Educaci\u00f3 Emocional","publisher":{"@id":"https:\/\/salutieducacioemocional.com\/#organization"},"potentialAction":[{"@type":"SearchAction","target":{"@type":"EntryPoint","urlTemplate":"https:\/\/salutieducacioemocional.com\/?s={search_term_string}"},"query-input":{"@type":"PropertyValueSpecification","valueRequired":true,"valueName":"search_term_string"}}],"inLanguage":"ca"},{"@type":"Organization","@id":"https:\/\/salutieducacioemocional.com\/#organization","name":"Salut i Educaci\u00f3 Emocional S.L","alternateName":"SEER","url":"https:\/\/salutieducacioemocional.com\/","logo":{"@type":"ImageObject","inLanguage":"ca","@id":"https:\/\/salutieducacioemocional.com\/#\/schema\/logo\/image\/","url":"https:\/\/salutieducacioemocional.com\/wp-content\/uploads\/2018\/12\/cropped-educacion-emocional-seer-e1545471861400.png","contentUrl":"https:\/\/salutieducacioemocional.com\/wp-content\/uploads\/2018\/12\/cropped-educacion-emocional-seer-e1545471861400.png","width":200,"height":78,"caption":"Salut i Educaci\u00f3 Emocional S.L"},"image":{"@id":"https:\/\/salutieducacioemocional.com\/#\/schema\/logo\/image\/"},"sameAs":["https:\/\/www.facebook.com\/equipseer","https:\/\/x.com\/equipseer","https:\/\/www.instagram.com\/equipseer\/","https:\/\/www.linkedin.com\/company\/9231569\/admin\/","https:\/\/www.youtube.com\/@equipseer","https:\/\/t.me\/seer_info"]}]}},"_links":{"self":[{"href":"https:\/\/salutieducacioemocional.com\/ca\/wp-json\/wp\/v2\/pages\/8656","targetHints":{"allow":["GET"]}}],"collection":[{"href":"https:\/\/salutieducacioemocional.com\/ca\/wp-json\/wp\/v2\/pages"}],"about":[{"href":"https:\/\/salutieducacioemocional.com\/ca\/wp-json\/wp\/v2\/types\/page"}],"author":[{"embeddable":true,"href":"https:\/\/salutieducacioemocional.com\/ca\/wp-json\/wp\/v2\/users\/1"}],"replies":[{"embeddable":true,"href":"https:\/\/salutieducacioemocional.com\/ca\/wp-json\/wp\/v2\/comments?post=8656"}],"version-history":[{"count":2,"href":"https:\/\/salutieducacioemocional.com\/ca\/wp-json\/wp\/v2\/pages\/8656\/revisions"}],"predecessor-version":[{"id":8670,"href":"https:\/\/salutieducacioemocional.com\/ca\/wp-json\/wp\/v2\/pages\/8656\/revisions\/8670"}],"up":[{"embeddable":true,"href":"https:\/\/salutieducacioemocional.com\/ca\/wp-json\/wp\/v2\/pages\/217"}],"wp:featuredmedia":[{"embeddable":true,"href":"https:\/\/salutieducacioemocional.com\/ca\/wp-json\/wp\/v2\/media\/8649"}],"wp:attachment":[{"href":"https:\/\/salutieducacioemocional.com\/ca\/wp-json\/wp\/v2\/media?parent=8656"}],"curies":[{"name":"wp","href":"https:\/\/api.w.org\/{rel}","templated":true}]}}