{"id":8678,"date":"2022-04-06T09:23:52","date_gmt":"2022-04-06T09:23:52","guid":{"rendered":"https:\/\/salutieducacioemocional.com\/equip\/adria-santaolalla\/"},"modified":"2024-06-09T11:20:01","modified_gmt":"2024-06-09T11:20:01","slug":"adria-santaolalla","status":"publish","type":"page","link":"https:\/\/salutieducacioemocional.com\/ca\/equip\/adria-santaolalla\/","title":{"rendered":"Adri\u00e0 Santaolalla"},"content":{"rendered":"\t\t<div data-elementor-type=\"wp-page\" data-elementor-id=\"8678\" class=\"elementor elementor-8678 elementor-8671\" data-elementor-post-type=\"page\">\n\t\t\t\t\t\t<section class=\"elementor-section elementor-top-section elementor-element elementor-element-5b7bc1fb elementor-section-boxed elementor-section-height-default elementor-section-height-default\" data-id=\"5b7bc1fb\" data-element_type=\"section\" data-e-type=\"section\">\n\t\t\t\t\t\t<div class=\"elementor-container elementor-column-gap-default\">\n\t\t\t\t\t<div class=\"elementor-column elementor-col-100 elementor-top-column elementor-element elementor-element-5015f162\" data-id=\"5015f162\" data-element_type=\"column\" data-e-type=\"column\">\n\t\t\t<div class=\"elementor-widget-wrap elementor-element-populated\">\n\t\t\t\t\t\t<div class=\"elementor-element elementor-element-2d124faf elementor-widget elementor-widget-image\" data-id=\"2d124faf\" data-element_type=\"widget\" data-e-type=\"widget\" data-widget_type=\"image.default\">\n\t\t\t\t<div class=\"elementor-widget-container\">\n\t\t\t\t\t\t\t\t\t\t\t\t\t\t\t<img fetchpriority=\"high\" decoding=\"async\" width=\"300\" height=\"300\" src=\"https:\/\/salutieducacioemocional.com\/wp-content\/uploads\/2023\/07\/16-300x300.png\" class=\"attachment-medium size-medium wp-image-10540\" alt=\"\" srcset=\"https:\/\/salutieducacioemocional.com\/wp-content\/uploads\/2023\/07\/16-300x300.png 300w, https:\/\/salutieducacioemocional.com\/wp-content\/uploads\/2023\/07\/16-1024x1024.png 1024w, https:\/\/salutieducacioemocional.com\/wp-content\/uploads\/2023\/07\/16-150x150.png 150w, https:\/\/salutieducacioemocional.com\/wp-content\/uploads\/2023\/07\/16-768x768.png 768w, https:\/\/salutieducacioemocional.com\/wp-content\/uploads\/2023\/07\/16-600x600.png 600w, https:\/\/salutieducacioemocional.com\/wp-content\/uploads\/2023\/07\/16-100x100.png 100w, https:\/\/salutieducacioemocional.com\/wp-content\/uploads\/2023\/07\/16.png 1080w\" sizes=\"(max-width: 300px) 100vw, 300px\" \/>\t\t\t\t\t\t\t\t\t\t\t\t\t\t\t<\/div>\n\t\t\t\t<\/div>\n\t\t\t\t<div class=\"elementor-element elementor-element-4905254 elementor-widget elementor-widget-heading\" data-id=\"4905254\" data-element_type=\"widget\" data-e-type=\"widget\" data-widget_type=\"heading.default\">\n\t\t\t\t<div class=\"elementor-widget-container\">\n\t\t\t\t\t<h1 class=\"elementor-heading-title elementor-size-xl\">Adri\u00e0 Santaolalla<\/h1>\t\t\t\t<\/div>\n\t\t\t\t<\/div>\n\t\t\t\t<div class=\"elementor-element elementor-element-672a05eb elementor-widget elementor-widget-heading\" data-id=\"672a05eb\" data-element_type=\"widget\" data-e-type=\"widget\" data-widget_type=\"heading.default\">\n\t\t\t\t<div class=\"elementor-widget-container\">\n\t\t\t\t\t<h2 class=\"elementor-heading-title elementor-size-default\">Facilitador<\/h2>\t\t\t\t<\/div>\n\t\t\t\t<\/div>\n\t\t\t\t<div class=\"elementor-element elementor-element-76eef331 elementor-widget-divider--view-line elementor-widget elementor-widget-divider\" data-id=\"76eef331\" data-element_type=\"widget\" data-e-type=\"widget\" data-widget_type=\"divider.default\">\n\t\t\t\t<div class=\"elementor-widget-container\">\n\t\t\t\t\t\t\t<div class=\"elementor-divider\">\n\t\t\t<span class=\"elementor-divider-separator\">\n\t\t\t\t\t\t<\/span>\n\t\t<\/div>\n\t\t\t\t\t\t<\/div>\n\t\t\t\t<\/div>\n\t\t\t\t<div class=\"elementor-element elementor-element-18149fe4 elementor-widget elementor-widget-text-editor\" data-id=\"18149fe4\" data-element_type=\"widget\" data-e-type=\"widget\" data-widget_type=\"text-editor.default\">\n\t\t\t\t<div class=\"elementor-widget-container\">\n\t\t\t\t\t\t\t\t\t<p><span style=\"font-weight: 400;\">Com definir-se un mateix, si estem en constant descobriment personal? Vendre&#8217;ns nom\u00e9s ensenyant all\u00f2 que m\u00e9s ens interessa que vegin de nosaltres, sent <\/span><span style=\"font-size: 14px; font-weight: 400;\">molt m\u00e9s que els nostres actes, que les nostres paraules, e incl\u00fas que els nostres <\/span> <span style=\"font-size: 14px; font-weight: 400;\">sentiments<\/span>.<\/p>\n<p><span style=\"font-weight: 400;\">Curi\u00f3s per descobrir m\u00e9s enll\u00e0 de les etiquetes, amant de l&#8217;educaci\u00f3 emocional i de <\/span><span style=\"font-size: 14px; font-weight: 400;\">l\u2019esport. Graduat en Pedagogia i en Activitats f\u00edsiques i esportives, estic enfocat a <\/span><span style=\"font-size: 14px; font-weight: 400;\">continuar creixent, descobrint i aprenent en aquests \u00e0mbits essencials pel <\/span><span style=\"font-size: 14px; font-weight: 400;\">creixement personal de tot nen, adolescent i adult. <\/span> <\/p>\n<p><span style=\"font-weight: 400;\">Gr\u00e0cies a Seer, que em permet unir la pedagogia, l&#8217;educaci\u00f3 emocional i l&#8217;esport a un mateix programa; Koa Sports. Considero SEER una gran fam\u00edlia, on m&#8217;ha perm\u00e8s fer una gran introspecci\u00f3, gr\u00e0cies a un clima de confian\u00e7a, seguretat, respecte i inclusi\u00f3.<\/span><\/p>\n\t\t\t\t\t\t\t\t<\/div>\n\t\t\t\t<\/div>\n\t\t\t\t\t<\/div>\n\t\t<\/div>\n\t\t\t\t\t<\/div>\n\t\t<\/section>\n\t\t\t\t<\/div>\n\t\t","protected":false},"excerpt":{"rendered":"<p>Adri\u00e0 Santaolalla Facilitador Com definir-se un mateix, si estem en constant descobriment personal? Vendre&#8217;ns nom\u00e9s ensenyant all\u00f2 que m\u00e9s ens interessa que vegin de nosaltres, sent molt m\u00e9s que els nostres actes, que les nostres paraules, e incl\u00fas que els nostres sentiments. Curi\u00f3s per descobrir m\u00e9s enll\u00e0 de les etiquetes, amant de l&#8217;educaci\u00f3 emocional i [&hellip;]<\/p>\n","protected":false},"author":1,"featured_media":8674,"parent":217,"menu_order":0,"comment_status":"closed","ping_status":"closed","template":"","meta":{"footnotes":""},"class_list":["post-8678","page","type-page","status-publish","has-post-thumbnail","hentry"],"yoast_head":"<!-- This site is optimized with the Yoast SEO plugin v27.3 - https:\/\/yoast.com\/product\/yoast-seo-wordpress\/ -->\n<title>Adri\u00e0 Santaolalla - SEER<\/title>\n<meta name=\"robots\" content=\"index, follow, max-snippet:-1, max-image-preview:large, max-video-preview:-1\" \/>\n<link rel=\"canonical\" href=\"https:\/\/salutieducacioemocional.com\/ca\/equip\/adria-santaolalla\/\" \/>\n<meta property=\"og:locale\" content=\"ca_ES\" \/>\n<meta property=\"og:type\" content=\"article\" \/>\n<meta property=\"og:title\" content=\"Adri\u00e0 Santaolalla - SEER\" \/>\n<meta property=\"og:description\" content=\"Adri\u00e0 Santaolalla Facilitador Com definir-se un mateix, si estem en constant descobriment personal? Vendre&#8217;ns nom\u00e9s ensenyant all\u00f2 que m\u00e9s ens interessa que vegin de nosaltres, sent molt m\u00e9s que els nostres actes, que les nostres paraules, e incl\u00fas que els nostres sentiments. Curi\u00f3s per descobrir m\u00e9s enll\u00e0 de les etiquetes, amant de l&#8217;educaci\u00f3 emocional i [&hellip;]\" \/>\n<meta property=\"og:url\" content=\"https:\/\/salutieducacioemocional.com\/ca\/equip\/adria-santaolalla\/\" \/>\n<meta property=\"og:site_name\" content=\"SEER\" \/>\n<meta property=\"article:publisher\" content=\"https:\/\/www.facebook.com\/equipseer\" \/>\n<meta property=\"article:modified_time\" content=\"2024-06-09T11:20:01+00:00\" \/>\n<meta property=\"og:image\" content=\"https:\/\/salutieducacioemocional.com\/wp-content\/uploads\/2022\/04\/adria-santaolalla-seer.jpg\" \/>\n\t<meta property=\"og:image:width\" content=\"400\" \/>\n\t<meta property=\"og:image:height\" content=\"400\" \/>\n\t<meta property=\"og:image:type\" content=\"image\/jpeg\" \/>\n<meta name=\"twitter:card\" content=\"summary_large_image\" \/>\n<meta name=\"twitter:site\" content=\"@equipseer\" \/>\n<script type=\"application\/ld+json\" class=\"yoast-schema-graph\">{\"@context\":\"https:\\\/\\\/schema.org\",\"@graph\":[{\"@type\":\"WebPage\",\"@id\":\"https:\\\/\\\/salutieducacioemocional.com\\\/ca\\\/equip\\\/adria-santaolalla\\\/\",\"url\":\"https:\\\/\\\/salutieducacioemocional.com\\\/ca\\\/equip\\\/adria-santaolalla\\\/\",\"name\":\"Adri\u00e0 Santaolalla - SEER\",\"isPartOf\":{\"@id\":\"https:\\\/\\\/salutieducacioemocional.com\\\/#website\"},\"primaryImageOfPage\":{\"@id\":\"https:\\\/\\\/salutieducacioemocional.com\\\/ca\\\/equip\\\/adria-santaolalla\\\/#primaryimage\"},\"image\":{\"@id\":\"https:\\\/\\\/salutieducacioemocional.com\\\/ca\\\/equip\\\/adria-santaolalla\\\/#primaryimage\"},\"thumbnailUrl\":\"https:\\\/\\\/salutieducacioemocional.com\\\/wp-content\\\/uploads\\\/2022\\\/04\\\/adria-santaolalla-seer.jpg\",\"datePublished\":\"2022-04-06T09:23:52+00:00\",\"dateModified\":\"2024-06-09T11:20:01+00:00\",\"breadcrumb\":{\"@id\":\"https:\\\/\\\/salutieducacioemocional.com\\\/ca\\\/equip\\\/adria-santaolalla\\\/#breadcrumb\"},\"inLanguage\":\"ca\",\"potentialAction\":[{\"@type\":\"ReadAction\",\"target\":[\"https:\\\/\\\/salutieducacioemocional.com\\\/ca\\\/equip\\\/adria-santaolalla\\\/\"]}]},{\"@type\":\"ImageObject\",\"inLanguage\":\"ca\",\"@id\":\"https:\\\/\\\/salutieducacioemocional.com\\\/ca\\\/equip\\\/adria-santaolalla\\\/#primaryimage\",\"url\":\"https:\\\/\\\/salutieducacioemocional.com\\\/wp-content\\\/uploads\\\/2022\\\/04\\\/adria-santaolalla-seer.jpg\",\"contentUrl\":\"https:\\\/\\\/salutieducacioemocional.com\\\/wp-content\\\/uploads\\\/2022\\\/04\\\/adria-santaolalla-seer.jpg\",\"width\":400,\"height\":400,\"caption\":\"Adri\u00e0 Santaolalla Equip SEER\"},{\"@type\":\"BreadcrumbList\",\"@id\":\"https:\\\/\\\/salutieducacioemocional.com\\\/ca\\\/equip\\\/adria-santaolalla\\\/#breadcrumb\",\"itemListElement\":[{\"@type\":\"ListItem\",\"position\":1,\"name\":\"Portada\",\"item\":\"https:\\\/\\\/salutieducacioemocional.com\\\/\"},{\"@type\":\"ListItem\",\"position\":2,\"name\":\"Equip\",\"item\":\"https:\\\/\\\/salutieducacioemocional.com\\\/equipo\\\/\"},{\"@type\":\"ListItem\",\"position\":3,\"name\":\"Adri\u00e0 Santaolalla\"}]},{\"@type\":\"WebSite\",\"@id\":\"https:\\\/\\\/salutieducacioemocional.com\\\/#website\",\"url\":\"https:\\\/\\\/salutieducacioemocional.com\\\/\",\"name\":\"SEER\",\"description\":\"Salut i Educaci\u00f3 Emocional\",\"publisher\":{\"@id\":\"https:\\\/\\\/salutieducacioemocional.com\\\/#organization\"},\"potentialAction\":[{\"@type\":\"SearchAction\",\"target\":{\"@type\":\"EntryPoint\",\"urlTemplate\":\"https:\\\/\\\/salutieducacioemocional.com\\\/?s={search_term_string}\"},\"query-input\":{\"@type\":\"PropertyValueSpecification\",\"valueRequired\":true,\"valueName\":\"search_term_string\"}}],\"inLanguage\":\"ca\"},{\"@type\":\"Organization\",\"@id\":\"https:\\\/\\\/salutieducacioemocional.com\\\/#organization\",\"name\":\"Salut i Educaci\u00f3 Emocional S.L\",\"alternateName\":\"SEER\",\"url\":\"https:\\\/\\\/salutieducacioemocional.com\\\/\",\"logo\":{\"@type\":\"ImageObject\",\"inLanguage\":\"ca\",\"@id\":\"https:\\\/\\\/salutieducacioemocional.com\\\/#\\\/schema\\\/logo\\\/image\\\/\",\"url\":\"https:\\\/\\\/salutieducacioemocional.com\\\/wp-content\\\/uploads\\\/2018\\\/12\\\/cropped-educacion-emocional-seer-e1545471861400.png\",\"contentUrl\":\"https:\\\/\\\/salutieducacioemocional.com\\\/wp-content\\\/uploads\\\/2018\\\/12\\\/cropped-educacion-emocional-seer-e1545471861400.png\",\"width\":200,\"height\":78,\"caption\":\"Salut i Educaci\u00f3 Emocional S.L\"},\"image\":{\"@id\":\"https:\\\/\\\/salutieducacioemocional.com\\\/#\\\/schema\\\/logo\\\/image\\\/\"},\"sameAs\":[\"https:\\\/\\\/www.facebook.com\\\/equipseer\",\"https:\\\/\\\/x.com\\\/equipseer\",\"https:\\\/\\\/www.instagram.com\\\/equipseer\\\/\",\"https:\\\/\\\/www.linkedin.com\\\/company\\\/9231569\\\/admin\\\/\",\"https:\\\/\\\/www.youtube.com\\\/@equipseer\",\"https:\\\/\\\/t.me\\\/seer_info\"]}]}<\/script>\n<!-- \/ Yoast SEO plugin. -->","yoast_head_json":{"title":"Adri\u00e0 Santaolalla - SEER","robots":{"index":"index","follow":"follow","max-snippet":"max-snippet:-1","max-image-preview":"max-image-preview:large","max-video-preview":"max-video-preview:-1"},"canonical":"https:\/\/salutieducacioemocional.com\/ca\/equip\/adria-santaolalla\/","og_locale":"ca_ES","og_type":"article","og_title":"Adri\u00e0 Santaolalla - SEER","og_description":"Adri\u00e0 Santaolalla Facilitador Com definir-se un mateix, si estem en constant descobriment personal? Vendre&#8217;ns nom\u00e9s ensenyant all\u00f2 que m\u00e9s ens interessa que vegin de nosaltres, sent molt m\u00e9s que els nostres actes, que les nostres paraules, e incl\u00fas que els nostres sentiments. Curi\u00f3s per descobrir m\u00e9s enll\u00e0 de les etiquetes, amant de l&#8217;educaci\u00f3 emocional i [&hellip;]","og_url":"https:\/\/salutieducacioemocional.com\/ca\/equip\/adria-santaolalla\/","og_site_name":"SEER","article_publisher":"https:\/\/www.facebook.com\/equipseer","article_modified_time":"2024-06-09T11:20:01+00:00","og_image":[{"width":400,"height":400,"url":"https:\/\/salutieducacioemocional.com\/wp-content\/uploads\/2022\/04\/adria-santaolalla-seer.jpg","type":"image\/jpeg"}],"twitter_card":"summary_large_image","twitter_site":"@equipseer","schema":{"@context":"https:\/\/schema.org","@graph":[{"@type":"WebPage","@id":"https:\/\/salutieducacioemocional.com\/ca\/equip\/adria-santaolalla\/","url":"https:\/\/salutieducacioemocional.com\/ca\/equip\/adria-santaolalla\/","name":"Adri\u00e0 Santaolalla - SEER","isPartOf":{"@id":"https:\/\/salutieducacioemocional.com\/#website"},"primaryImageOfPage":{"@id":"https:\/\/salutieducacioemocional.com\/ca\/equip\/adria-santaolalla\/#primaryimage"},"image":{"@id":"https:\/\/salutieducacioemocional.com\/ca\/equip\/adria-santaolalla\/#primaryimage"},"thumbnailUrl":"https:\/\/salutieducacioemocional.com\/wp-content\/uploads\/2022\/04\/adria-santaolalla-seer.jpg","datePublished":"2022-04-06T09:23:52+00:00","dateModified":"2024-06-09T11:20:01+00:00","breadcrumb":{"@id":"https:\/\/salutieducacioemocional.com\/ca\/equip\/adria-santaolalla\/#breadcrumb"},"inLanguage":"ca","potentialAction":[{"@type":"ReadAction","target":["https:\/\/salutieducacioemocional.com\/ca\/equip\/adria-santaolalla\/"]}]},{"@type":"ImageObject","inLanguage":"ca","@id":"https:\/\/salutieducacioemocional.com\/ca\/equip\/adria-santaolalla\/#primaryimage","url":"https:\/\/salutieducacioemocional.com\/wp-content\/uploads\/2022\/04\/adria-santaolalla-seer.jpg","contentUrl":"https:\/\/salutieducacioemocional.com\/wp-content\/uploads\/2022\/04\/adria-santaolalla-seer.jpg","width":400,"height":400,"caption":"Adri\u00e0 Santaolalla Equip SEER"},{"@type":"BreadcrumbList","@id":"https:\/\/salutieducacioemocional.com\/ca\/equip\/adria-santaolalla\/#breadcrumb","itemListElement":[{"@type":"ListItem","position":1,"name":"Portada","item":"https:\/\/salutieducacioemocional.com\/"},{"@type":"ListItem","position":2,"name":"Equip","item":"https:\/\/salutieducacioemocional.com\/equipo\/"},{"@type":"ListItem","position":3,"name":"Adri\u00e0 Santaolalla"}]},{"@type":"WebSite","@id":"https:\/\/salutieducacioemocional.com\/#website","url":"https:\/\/salutieducacioemocional.com\/","name":"SEER","description":"Salut i Educaci\u00f3 Emocional","publisher":{"@id":"https:\/\/salutieducacioemocional.com\/#organization"},"potentialAction":[{"@type":"SearchAction","target":{"@type":"EntryPoint","urlTemplate":"https:\/\/salutieducacioemocional.com\/?s={search_term_string}"},"query-input":{"@type":"PropertyValueSpecification","valueRequired":true,"valueName":"search_term_string"}}],"inLanguage":"ca"},{"@type":"Organization","@id":"https:\/\/salutieducacioemocional.com\/#organization","name":"Salut i Educaci\u00f3 Emocional S.L","alternateName":"SEER","url":"https:\/\/salutieducacioemocional.com\/","logo":{"@type":"ImageObject","inLanguage":"ca","@id":"https:\/\/salutieducacioemocional.com\/#\/schema\/logo\/image\/","url":"https:\/\/salutieducacioemocional.com\/wp-content\/uploads\/2018\/12\/cropped-educacion-emocional-seer-e1545471861400.png","contentUrl":"https:\/\/salutieducacioemocional.com\/wp-content\/uploads\/2018\/12\/cropped-educacion-emocional-seer-e1545471861400.png","width":200,"height":78,"caption":"Salut i Educaci\u00f3 Emocional S.L"},"image":{"@id":"https:\/\/salutieducacioemocional.com\/#\/schema\/logo\/image\/"},"sameAs":["https:\/\/www.facebook.com\/equipseer","https:\/\/x.com\/equipseer","https:\/\/www.instagram.com\/equipseer\/","https:\/\/www.linkedin.com\/company\/9231569\/admin\/","https:\/\/www.youtube.com\/@equipseer","https:\/\/t.me\/seer_info"]}]}},"_links":{"self":[{"href":"https:\/\/salutieducacioemocional.com\/ca\/wp-json\/wp\/v2\/pages\/8678","targetHints":{"allow":["GET"]}}],"collection":[{"href":"https:\/\/salutieducacioemocional.com\/ca\/wp-json\/wp\/v2\/pages"}],"about":[{"href":"https:\/\/salutieducacioemocional.com\/ca\/wp-json\/wp\/v2\/types\/page"}],"author":[{"embeddable":true,"href":"https:\/\/salutieducacioemocional.com\/ca\/wp-json\/wp\/v2\/users\/1"}],"replies":[{"embeddable":true,"href":"https:\/\/salutieducacioemocional.com\/ca\/wp-json\/wp\/v2\/comments?post=8678"}],"version-history":[{"count":1,"href":"https:\/\/salutieducacioemocional.com\/ca\/wp-json\/wp\/v2\/pages\/8678\/revisions"}],"predecessor-version":[{"id":8679,"href":"https:\/\/salutieducacioemocional.com\/ca\/wp-json\/wp\/v2\/pages\/8678\/revisions\/8679"}],"up":[{"embeddable":true,"href":"https:\/\/salutieducacioemocional.com\/ca\/wp-json\/wp\/v2\/pages\/217"}],"wp:featuredmedia":[{"embeddable":true,"href":"https:\/\/salutieducacioemocional.com\/ca\/wp-json\/wp\/v2\/media\/8674"}],"wp:attachment":[{"href":"https:\/\/salutieducacioemocional.com\/ca\/wp-json\/wp\/v2\/media?parent=8678"}],"curies":[{"name":"wp","href":"https:\/\/api.w.org\/{rel}","templated":true}]}}