{"id":9657,"date":"2023-01-26T15:25:12","date_gmt":"2023-01-26T15:25:12","guid":{"rendered":"https:\/\/salutieducacioemocional.com\/?page_id=9657"},"modified":"2023-03-16T13:33:28","modified_gmt":"2023-03-16T13:33:28","slug":"protocol-assetjament-sexual-empresa","status":"publish","type":"page","link":"https:\/\/salutieducacioemocional.com\/ca\/entitat\/documentacio\/protocol-assetjament-sexual-empresa\/","title":{"rendered":"Protocol per a la Prevenci\u00f3, Detecci\u00f3 i Actuaci\u00f3 davant l&#8217;Assetjament Sexual i per Ra\u00f3 de Sexe en l&#8217;\u00c0mbit de l&#8217;Empresa\u200b"},"content":{"rendered":"\t\t<div data-elementor-type=\"wp-page\" data-elementor-id=\"9657\" class=\"elementor elementor-9657\" data-elementor-post-type=\"page\">\n\t\t\t\t\t\t<section class=\"elementor-section elementor-top-section elementor-element elementor-element-4ee90b8 elementor-section-boxed elementor-section-height-default elementor-section-height-default\" data-id=\"4ee90b8\" data-element_type=\"section\" data-e-type=\"section\">\n\t\t\t\t\t\t<div class=\"elementor-container elementor-column-gap-default\">\n\t\t\t\t\t<div class=\"elementor-column elementor-col-100 elementor-top-column elementor-element elementor-element-982c089\" data-id=\"982c089\" data-element_type=\"column\" data-e-type=\"column\">\n\t\t\t<div class=\"elementor-widget-wrap elementor-element-populated\">\n\t\t\t\t\t\t<div class=\"elementor-element elementor-element-1f45e79 elementor-widget elementor-widget-heading\" data-id=\"1f45e79\" data-element_type=\"widget\" data-e-type=\"widget\" data-widget_type=\"heading.default\">\n\t\t\t\t<div class=\"elementor-widget-container\">\n\t\t\t\t\t<h1 class=\"elementor-heading-title elementor-size-large\">Protocol per a la Prevenci\u00f3, Detecci\u00f3 i Actuaci\u00f3 davant l'Assetjament Sexual i per Ra\u00f3 de Sexe en l'\u00c0mbit de l'Empresa\u200b<\/h1>\t\t\t\t<\/div>\n\t\t\t\t<\/div>\n\t\t\t\t<div class=\"elementor-element elementor-element-3103876 elementor-widget-divider--view-line elementor-widget elementor-widget-divider\" data-id=\"3103876\" data-element_type=\"widget\" data-e-type=\"widget\" data-widget_type=\"divider.default\">\n\t\t\t\t<div class=\"elementor-widget-container\">\n\t\t\t\t\t\t\t<div class=\"elementor-divider\">\n\t\t\t<span class=\"elementor-divider-separator\">\n\t\t\t\t\t\t<\/span>\n\t\t<\/div>\n\t\t\t\t\t\t<\/div>\n\t\t\t\t<\/div>\n\t\t\t\t\t<\/div>\n\t\t<\/div>\n\t\t\t\t\t<\/div>\n\t\t<\/section>\n\t\t\t\t<section class=\"elementor-section elementor-top-section elementor-element elementor-element-e228bef elementor-section-boxed elementor-section-height-default elementor-section-height-default\" data-id=\"e228bef\" data-element_type=\"section\" data-e-type=\"section\">\n\t\t\t\t\t\t<div class=\"elementor-container elementor-column-gap-default\">\n\t\t\t\t\t<div class=\"elementor-column elementor-col-100 elementor-top-column elementor-element elementor-element-ec61d54\" data-id=\"ec61d54\" data-element_type=\"column\" data-e-type=\"column\">\n\t\t\t<div class=\"elementor-widget-wrap elementor-element-populated\">\n\t\t\t\t\t\t<div class=\"elementor-element elementor-element-770404f elementor-widget elementor-widget-heading\" data-id=\"770404f\" data-element_type=\"widget\" data-e-type=\"widget\" data-widget_type=\"heading.default\">\n\t\t\t\t<div class=\"elementor-widget-container\">\n\t\t\t\t\t<p class=\"elementor-heading-title elementor-size-default\">A continuaci\u00f3 trobar\u00e0s informaci\u00f3 d'utilitat<\/p>\t\t\t\t<\/div>\n\t\t\t\t<\/div>\n\t\t\t\t<div class=\"elementor-element elementor-element-1a98e90 elementor-widget-divider--view-line elementor-widget elementor-widget-divider\" data-id=\"1a98e90\" data-element_type=\"widget\" data-e-type=\"widget\" data-widget_type=\"divider.default\">\n\t\t\t\t<div class=\"elementor-widget-container\">\n\t\t\t\t\t\t\t<div class=\"elementor-divider\">\n\t\t\t<span class=\"elementor-divider-separator\">\n\t\t\t\t\t\t<\/span>\n\t\t<\/div>\n\t\t\t\t\t\t<\/div>\n\t\t\t\t<\/div>\n\t\t\t\t\t<\/div>\n\t\t<\/div>\n\t\t\t\t\t<\/div>\n\t\t<\/section>\n\t\t\t\t<section class=\"elementor-section elementor-top-section elementor-element elementor-element-2340b0f elementor-section-boxed elementor-section-height-default elementor-section-height-default\" data-id=\"2340b0f\" data-element_type=\"section\" data-e-type=\"section\" data-settings=\"{&quot;background_background&quot;:&quot;classic&quot;}\">\n\t\t\t\t\t\t<div class=\"elementor-container elementor-column-gap-default\">\n\t\t\t\t\t<div class=\"elementor-column elementor-col-100 elementor-top-column elementor-element elementor-element-ab7a4ba\" data-id=\"ab7a4ba\" data-element_type=\"column\" data-e-type=\"column\">\n\t\t\t<div class=\"elementor-widget-wrap elementor-element-populated\">\n\t\t\t\t\t\t<section class=\"elementor-section elementor-inner-section elementor-element elementor-element-45bae79 elementor-section-boxed elementor-section-height-default elementor-section-height-default\" data-id=\"45bae79\" data-element_type=\"section\" data-e-type=\"section\">\n\t\t\t\t\t\t<div class=\"elementor-container elementor-column-gap-default\">\n\t\t\t\t\t<div class=\"elementor-column elementor-col-100 elementor-inner-column elementor-element elementor-element-37d539b\" data-id=\"37d539b\" data-element_type=\"column\" data-e-type=\"column\" data-settings=\"{&quot;background_background&quot;:&quot;classic&quot;}\">\n\t\t\t<div class=\"elementor-widget-wrap elementor-element-populated\">\n\t\t\t\t\t\t<div class=\"elementor-element elementor-element-0497bee elementor-widget elementor-widget-heading\" data-id=\"0497bee\" data-element_type=\"widget\" data-e-type=\"widget\" data-widget_type=\"heading.default\">\n\t\t\t\t<div class=\"elementor-widget-container\">\n\t\t\t\t\t<p class=\"elementor-heading-title elementor-size-default\">Consultar el Document del Protocol<\/p>\t\t\t\t<\/div>\n\t\t\t\t<\/div>\n\t\t\t\t<div class=\"elementor-element elementor-element-d7ceadc elementor-widget-divider--view-line elementor-widget elementor-widget-divider\" data-id=\"d7ceadc\" data-element_type=\"widget\" data-e-type=\"widget\" data-widget_type=\"divider.default\">\n\t\t\t\t<div class=\"elementor-widget-container\">\n\t\t\t\t\t\t\t<div class=\"elementor-divider\">\n\t\t\t<span class=\"elementor-divider-separator\">\n\t\t\t\t\t\t<\/span>\n\t\t<\/div>\n\t\t\t\t\t\t<\/div>\n\t\t\t\t<\/div>\n\t\t\t\t<div class=\"elementor-element elementor-element-81e5aaa elementor-widget elementor-widget-heading\" data-id=\"81e5aaa\" data-element_type=\"widget\" data-e-type=\"widget\" data-widget_type=\"heading.default\">\n\t\t\t\t<div class=\"elementor-widget-container\">\n\t\t\t\t\t<p class=\"elementor-heading-title elementor-size-default\">(Any 2023)<\/p>\t\t\t\t<\/div>\n\t\t\t\t<\/div>\n\t\t\t\t<div class=\"elementor-element elementor-element-7650ec4 elementor-widget elementor-widget-image\" data-id=\"7650ec4\" data-element_type=\"widget\" data-e-type=\"widget\" data-widget_type=\"image.default\">\n\t\t\t\t<div class=\"elementor-widget-container\">\n\t\t\t\t\t\t\t\t\t\t\t\t\t\t\t\t<a href=\"https:\/\/www.dropbox.com\/s\/6rsnqsfzduui754\/Protocolo%20Acoso%20Sexual%20%C3%81mbito%20Empresa%20-%20SEER.pdf?dl=0\" target=\"_blank\" rel=\"nofollow\">\n\t\t\t\t\t\t\t<img decoding=\"async\" src=\"https:\/\/salutieducacioemocional.com\/wp-content\/uploads\/elementor\/thumbs\/protocol-assetjament-sexual-laboral-seer-q18gojeae3f83rl6aj7bl01fxnzrim46p1lavebvuo.jpg\" title=\"protocol-assetjament-sexual-laboral-seer\" alt=\"Protocol Assetjament Sexual Laboral SEER\" loading=\"lazy\" \/>\t\t\t\t\t\t\t\t<\/a>\n\t\t\t\t\t\t\t\t\t\t\t\t\t\t\t<\/div>\n\t\t\t\t<\/div>\n\t\t\t\t<div class=\"elementor-element elementor-element-8d70ccf elementor-align-center elementor-widget elementor-widget-button\" data-id=\"8d70ccf\" data-element_type=\"widget\" data-e-type=\"widget\" data-widget_type=\"button.default\">\n\t\t\t\t<div class=\"elementor-widget-container\">\n\t\t\t\t\t\t\t\t\t<div class=\"elementor-button-wrapper\">\n\t\t\t\t\t<a class=\"elementor-button elementor-button-link elementor-size-sm\" href=\"https:\/\/www.dropbox.com\/s\/6rsnqsfzduui754\/Protocolo%20Acoso%20Sexual%20%C3%81mbito%20Empresa%20-%20SEER.pdf?dl=0\" target=\"_blank\" rel=\"nofollow\">\n\t\t\t\t\t\t<span class=\"elementor-button-content-wrapper\">\n\t\t\t\t\t\t\t\t\t<span class=\"elementor-button-text\">PDF del Document<\/span>\n\t\t\t\t\t<\/span>\n\t\t\t\t\t<\/a>\n\t\t\t\t<\/div>\n\t\t\t\t\t\t\t\t<\/div>\n\t\t\t\t<\/div>\n\t\t\t\t<div class=\"elementor-element elementor-element-2d0d586 elementor-align-center elementor-widget elementor-widget-button\" data-id=\"2d0d586\" data-element_type=\"widget\" data-e-type=\"widget\" data-widget_type=\"button.default\">\n\t\t\t\t<div class=\"elementor-widget-container\">\n\t\t\t\t\t\t\t\t\t<div class=\"elementor-button-wrapper\">\n\t\t\t\t\t<a class=\"elementor-button elementor-button-link elementor-size-sm\" href=\"#\">\n\t\t\t\t\t\t<span class=\"elementor-button-content-wrapper\">\n\t\t\t\t\t\t\t\t\t<span class=\"elementor-button-text\">Formulari per fer-nos arribar alguna incid\u00e8ncia<\/span>\n\t\t\t\t\t<\/span>\n\t\t\t\t\t<\/a>\n\t\t\t\t<\/div>\n\t\t\t\t\t\t\t\t<\/div>\n\t\t\t\t<\/div>\n\t\t\t\t\t<\/div>\n\t\t<\/div>\n\t\t\t\t\t<\/div>\n\t\t<\/section>\n\t\t\t\t\t<\/div>\n\t\t<\/div>\n\t\t\t\t\t<\/div>\n\t\t<\/section>\n\t\t\t\t<\/div>\n\t\t","protected":false},"excerpt":{"rendered":"<p>Protocol per a la Prevenci\u00f3, Detecci\u00f3 i Actuaci\u00f3 davant l&#8217;Assetjament Sexual i per Ra\u00f3 de Sexe en l&#8217;\u00c0mbit de l&#8217;Empresa\u200b A continuaci\u00f3 trobar\u00e0s informaci\u00f3 d&#8217;utilitat Consultar el Document del Protocol (Any 2023) PDF del Document Formulari per fer-nos arribar alguna incid\u00e8ncia<\/p>\n","protected":false},"author":1,"featured_media":0,"parent":9632,"menu_order":0,"comment_status":"closed","ping_status":"closed","template":"elementor_header_footer","meta":{"footnotes":""},"class_list":["post-9657","page","type-page","status-publish","hentry"],"yoast_head":"<!-- This site is optimized with the Yoast SEO plugin v27.5 - https:\/\/yoast.com\/product\/yoast-seo-wordpress\/ -->\n<title>Protocol Assetjament Sexual - SEER<\/title>\n<meta name=\"description\" content=\"El nostre document de Protocol per a la Prevenci\u00f3, Detecci\u00f3 i Actuaci\u00f3 davant l&#039;Assetjament Sexual i per Ra\u00f3 de Sexe en l&#039;\u00c0mbit de l&#039;Empresa\u200b\" \/>\n<meta name=\"robots\" content=\"index, follow, max-snippet:-1, max-image-preview:large, max-video-preview:-1\" \/>\n<link rel=\"canonical\" href=\"https:\/\/salutieducacioemocional.com\/entidad\/documentacion\/protocolo-acoso-sexual-empresa\/\" \/>\n<meta property=\"og:locale\" content=\"ca_ES\" \/>\n<meta property=\"og:type\" content=\"article\" \/>\n<meta property=\"og:title\" content=\"Protocol Assetjament Sexual - SEER\" \/>\n<meta property=\"og:description\" content=\"El nostre document de Protocol per a la Prevenci\u00f3, Detecci\u00f3 i Actuaci\u00f3 davant l&#039;Assetjament Sexual i per Ra\u00f3 de Sexe en l&#039;\u00c0mbit de l&#039;Empresa\u200b\" \/>\n<meta property=\"og:url\" content=\"https:\/\/salutieducacioemocional.com\/entidad\/documentacion\/protocolo-acoso-sexual-empresa\/\" \/>\n<meta property=\"og:site_name\" content=\"SEER\" \/>\n<meta property=\"article:publisher\" content=\"https:\/\/www.facebook.com\/equipseer\" \/>\n<meta property=\"article:modified_time\" content=\"2023-03-16T13:33:28+00:00\" \/>\n<meta property=\"og:image\" content=\"https:\/\/salutieducacioemocional.com\/wp-content\/uploads\/elementor\/thumbs\/protocol-assetjament-sexual-laboral-seer-q18gojeae3f83rl6aj7bl01fxnzrim46p1lavebvuo.jpg\" \/>\n<meta name=\"twitter:card\" content=\"summary_large_image\" \/>\n<meta name=\"twitter:site\" content=\"@equipseer\" \/>\n<script type=\"application\/ld+json\" class=\"yoast-schema-graph\">{\"@context\":\"https:\\\/\\\/schema.org\",\"@graph\":[{\"@type\":\"WebPage\",\"@id\":\"https:\\\/\\\/salutieducacioemocional.com\\\/entidad\\\/documentacion\\\/protocolo-acoso-sexual-empresa\\\/\",\"url\":\"https:\\\/\\\/salutieducacioemocional.com\\\/entidad\\\/documentacion\\\/protocolo-acoso-sexual-empresa\\\/\",\"name\":\"Protocol Assetjament Sexual - SEER\",\"isPartOf\":{\"@id\":\"https:\\\/\\\/salutieducacioemocional.com\\\/#website\"},\"primaryImageOfPage\":{\"@id\":\"https:\\\/\\\/salutieducacioemocional.com\\\/entidad\\\/documentacion\\\/protocolo-acoso-sexual-empresa\\\/#primaryimage\"},\"image\":{\"@id\":\"https:\\\/\\\/salutieducacioemocional.com\\\/entidad\\\/documentacion\\\/protocolo-acoso-sexual-empresa\\\/#primaryimage\"},\"thumbnailUrl\":\"https:\\\/\\\/salutieducacioemocional.com\\\/wp-content\\\/uploads\\\/elementor\\\/thumbs\\\/protocol-assetjament-sexual-laboral-seer-q18gojeae3f83rl6aj7bl01fxnzrim46p1lavebvuo.jpg\",\"datePublished\":\"2023-01-26T15:25:12+00:00\",\"dateModified\":\"2023-03-16T13:33:28+00:00\",\"description\":\"El nostre document de Protocol per a la Prevenci\u00f3, Detecci\u00f3 i Actuaci\u00f3 davant l'Assetjament Sexual i per Ra\u00f3 de Sexe en l'\u00c0mbit de l'Empresa\u200b\",\"breadcrumb\":{\"@id\":\"https:\\\/\\\/salutieducacioemocional.com\\\/entidad\\\/documentacion\\\/protocolo-acoso-sexual-empresa\\\/#breadcrumb\"},\"inLanguage\":\"ca\",\"potentialAction\":[{\"@type\":\"ReadAction\",\"target\":[\"https:\\\/\\\/salutieducacioemocional.com\\\/entidad\\\/documentacion\\\/protocolo-acoso-sexual-empresa\\\/\"]}]},{\"@type\":\"ImageObject\",\"inLanguage\":\"ca\",\"@id\":\"https:\\\/\\\/salutieducacioemocional.com\\\/entidad\\\/documentacion\\\/protocolo-acoso-sexual-empresa\\\/#primaryimage\",\"url\":\"https:\\\/\\\/salutieducacioemocional.com\\\/wp-content\\\/uploads\\\/elementor\\\/thumbs\\\/protocol-assetjament-sexual-laboral-seer-q18gojeae3f83rl6aj7bl01fxnzrim46p1lavebvuo.jpg\",\"contentUrl\":\"https:\\\/\\\/salutieducacioemocional.com\\\/wp-content\\\/uploads\\\/elementor\\\/thumbs\\\/protocol-assetjament-sexual-laboral-seer-q18gojeae3f83rl6aj7bl01fxnzrim46p1lavebvuo.jpg\"},{\"@type\":\"BreadcrumbList\",\"@id\":\"https:\\\/\\\/salutieducacioemocional.com\\\/entidad\\\/documentacion\\\/protocolo-acoso-sexual-empresa\\\/#breadcrumb\",\"itemListElement\":[{\"@type\":\"ListItem\",\"position\":1,\"name\":\"Portada\",\"item\":\"https:\\\/\\\/salutieducacioemocional.com\\\/\"},{\"@type\":\"ListItem\",\"position\":2,\"name\":\"Entitat\",\"item\":\"https:\\\/\\\/salutieducacioemocional.com\\\/entidad\\\/\"},{\"@type\":\"ListItem\",\"position\":3,\"name\":\"Documentaci\u00f3\",\"item\":\"https:\\\/\\\/salutieducacioemocional.com\\\/entidad\\\/documentacion\\\/\"},{\"@type\":\"ListItem\",\"position\":4,\"name\":\"Protocol per a la Prevenci\u00f3, Detecci\u00f3 i Actuaci\u00f3 davant l&#8217;Assetjament Sexual i per Ra\u00f3 de Sexe en l&#8217;\u00c0mbit de l&#8217;Empresa\u200b\"}]},{\"@type\":\"WebSite\",\"@id\":\"https:\\\/\\\/salutieducacioemocional.com\\\/#website\",\"url\":\"https:\\\/\\\/salutieducacioemocional.com\\\/\",\"name\":\"SEER\",\"description\":\"Salut i Educaci\u00f3 Emocional\",\"publisher\":{\"@id\":\"https:\\\/\\\/salutieducacioemocional.com\\\/#organization\"},\"potentialAction\":[{\"@type\":\"SearchAction\",\"target\":{\"@type\":\"EntryPoint\",\"urlTemplate\":\"https:\\\/\\\/salutieducacioemocional.com\\\/?s={search_term_string}\"},\"query-input\":{\"@type\":\"PropertyValueSpecification\",\"valueRequired\":true,\"valueName\":\"search_term_string\"}}],\"inLanguage\":\"ca\"},{\"@type\":\"Organization\",\"@id\":\"https:\\\/\\\/salutieducacioemocional.com\\\/#organization\",\"name\":\"Salut i Educaci\u00f3 Emocional S.L\",\"alternateName\":\"SEER\",\"url\":\"https:\\\/\\\/salutieducacioemocional.com\\\/\",\"logo\":{\"@type\":\"ImageObject\",\"inLanguage\":\"ca\",\"@id\":\"https:\\\/\\\/salutieducacioemocional.com\\\/#\\\/schema\\\/logo\\\/image\\\/\",\"url\":\"https:\\\/\\\/salutieducacioemocional.com\\\/wp-content\\\/uploads\\\/2018\\\/12\\\/cropped-educacion-emocional-seer-e1545471861400.png\",\"contentUrl\":\"https:\\\/\\\/salutieducacioemocional.com\\\/wp-content\\\/uploads\\\/2018\\\/12\\\/cropped-educacion-emocional-seer-e1545471861400.png\",\"width\":200,\"height\":78,\"caption\":\"Salut i Educaci\u00f3 Emocional S.L\"},\"image\":{\"@id\":\"https:\\\/\\\/salutieducacioemocional.com\\\/#\\\/schema\\\/logo\\\/image\\\/\"},\"sameAs\":[\"https:\\\/\\\/www.facebook.com\\\/equipseer\",\"https:\\\/\\\/x.com\\\/equipseer\",\"https:\\\/\\\/www.instagram.com\\\/equipseer\\\/\",\"https:\\\/\\\/www.linkedin.com\\\/company\\\/9231569\\\/admin\\\/\",\"https:\\\/\\\/www.youtube.com\\\/@equipseer\",\"https:\\\/\\\/t.me\\\/seer_info\"]}]}<\/script>\n<!-- \/ Yoast SEO plugin. -->","yoast_head_json":{"title":"Protocol Assetjament Sexual - SEER","description":"El nostre document de Protocol per a la Prevenci\u00f3, Detecci\u00f3 i Actuaci\u00f3 davant l'Assetjament Sexual i per Ra\u00f3 de Sexe en l'\u00c0mbit de l'Empresa\u200b","robots":{"index":"index","follow":"follow","max-snippet":"max-snippet:-1","max-image-preview":"max-image-preview:large","max-video-preview":"max-video-preview:-1"},"canonical":"https:\/\/salutieducacioemocional.com\/entidad\/documentacion\/protocolo-acoso-sexual-empresa\/","og_locale":"ca_ES","og_type":"article","og_title":"Protocol Assetjament Sexual - SEER","og_description":"El nostre document de Protocol per a la Prevenci\u00f3, Detecci\u00f3 i Actuaci\u00f3 davant l'Assetjament Sexual i per Ra\u00f3 de Sexe en l'\u00c0mbit de l'Empresa\u200b","og_url":"https:\/\/salutieducacioemocional.com\/entidad\/documentacion\/protocolo-acoso-sexual-empresa\/","og_site_name":"SEER","article_publisher":"https:\/\/www.facebook.com\/equipseer","article_modified_time":"2023-03-16T13:33:28+00:00","og_image":[{"url":"https:\/\/salutieducacioemocional.com\/wp-content\/uploads\/elementor\/thumbs\/protocol-assetjament-sexual-laboral-seer-q18gojeae3f83rl6aj7bl01fxnzrim46p1lavebvuo.jpg","type":"","width":"","height":""}],"twitter_card":"summary_large_image","twitter_site":"@equipseer","schema":{"@context":"https:\/\/schema.org","@graph":[{"@type":"WebPage","@id":"https:\/\/salutieducacioemocional.com\/entidad\/documentacion\/protocolo-acoso-sexual-empresa\/","url":"https:\/\/salutieducacioemocional.com\/entidad\/documentacion\/protocolo-acoso-sexual-empresa\/","name":"Protocol Assetjament Sexual - SEER","isPartOf":{"@id":"https:\/\/salutieducacioemocional.com\/#website"},"primaryImageOfPage":{"@id":"https:\/\/salutieducacioemocional.com\/entidad\/documentacion\/protocolo-acoso-sexual-empresa\/#primaryimage"},"image":{"@id":"https:\/\/salutieducacioemocional.com\/entidad\/documentacion\/protocolo-acoso-sexual-empresa\/#primaryimage"},"thumbnailUrl":"https:\/\/salutieducacioemocional.com\/wp-content\/uploads\/elementor\/thumbs\/protocol-assetjament-sexual-laboral-seer-q18gojeae3f83rl6aj7bl01fxnzrim46p1lavebvuo.jpg","datePublished":"2023-01-26T15:25:12+00:00","dateModified":"2023-03-16T13:33:28+00:00","description":"El nostre document de Protocol per a la Prevenci\u00f3, Detecci\u00f3 i Actuaci\u00f3 davant l'Assetjament Sexual i per Ra\u00f3 de Sexe en l'\u00c0mbit de l'Empresa\u200b","breadcrumb":{"@id":"https:\/\/salutieducacioemocional.com\/entidad\/documentacion\/protocolo-acoso-sexual-empresa\/#breadcrumb"},"inLanguage":"ca","potentialAction":[{"@type":"ReadAction","target":["https:\/\/salutieducacioemocional.com\/entidad\/documentacion\/protocolo-acoso-sexual-empresa\/"]}]},{"@type":"ImageObject","inLanguage":"ca","@id":"https:\/\/salutieducacioemocional.com\/entidad\/documentacion\/protocolo-acoso-sexual-empresa\/#primaryimage","url":"https:\/\/salutieducacioemocional.com\/wp-content\/uploads\/elementor\/thumbs\/protocol-assetjament-sexual-laboral-seer-q18gojeae3f83rl6aj7bl01fxnzrim46p1lavebvuo.jpg","contentUrl":"https:\/\/salutieducacioemocional.com\/wp-content\/uploads\/elementor\/thumbs\/protocol-assetjament-sexual-laboral-seer-q18gojeae3f83rl6aj7bl01fxnzrim46p1lavebvuo.jpg"},{"@type":"BreadcrumbList","@id":"https:\/\/salutieducacioemocional.com\/entidad\/documentacion\/protocolo-acoso-sexual-empresa\/#breadcrumb","itemListElement":[{"@type":"ListItem","position":1,"name":"Portada","item":"https:\/\/salutieducacioemocional.com\/"},{"@type":"ListItem","position":2,"name":"Entitat","item":"https:\/\/salutieducacioemocional.com\/entidad\/"},{"@type":"ListItem","position":3,"name":"Documentaci\u00f3","item":"https:\/\/salutieducacioemocional.com\/entidad\/documentacion\/"},{"@type":"ListItem","position":4,"name":"Protocol per a la Prevenci\u00f3, Detecci\u00f3 i Actuaci\u00f3 davant l&#8217;Assetjament Sexual i per Ra\u00f3 de Sexe en l&#8217;\u00c0mbit de l&#8217;Empresa\u200b"}]},{"@type":"WebSite","@id":"https:\/\/salutieducacioemocional.com\/#website","url":"https:\/\/salutieducacioemocional.com\/","name":"SEER","description":"Salut i Educaci\u00f3 Emocional","publisher":{"@id":"https:\/\/salutieducacioemocional.com\/#organization"},"potentialAction":[{"@type":"SearchAction","target":{"@type":"EntryPoint","urlTemplate":"https:\/\/salutieducacioemocional.com\/?s={search_term_string}"},"query-input":{"@type":"PropertyValueSpecification","valueRequired":true,"valueName":"search_term_string"}}],"inLanguage":"ca"},{"@type":"Organization","@id":"https:\/\/salutieducacioemocional.com\/#organization","name":"Salut i Educaci\u00f3 Emocional S.L","alternateName":"SEER","url":"https:\/\/salutieducacioemocional.com\/","logo":{"@type":"ImageObject","inLanguage":"ca","@id":"https:\/\/salutieducacioemocional.com\/#\/schema\/logo\/image\/","url":"https:\/\/salutieducacioemocional.com\/wp-content\/uploads\/2018\/12\/cropped-educacion-emocional-seer-e1545471861400.png","contentUrl":"https:\/\/salutieducacioemocional.com\/wp-content\/uploads\/2018\/12\/cropped-educacion-emocional-seer-e1545471861400.png","width":200,"height":78,"caption":"Salut i Educaci\u00f3 Emocional S.L"},"image":{"@id":"https:\/\/salutieducacioemocional.com\/#\/schema\/logo\/image\/"},"sameAs":["https:\/\/www.facebook.com\/equipseer","https:\/\/x.com\/equipseer","https:\/\/www.instagram.com\/equipseer\/","https:\/\/www.linkedin.com\/company\/9231569\/admin\/","https:\/\/www.youtube.com\/@equipseer","https:\/\/t.me\/seer_info"]}]}},"_links":{"self":[{"href":"https:\/\/salutieducacioemocional.com\/ca\/wp-json\/wp\/v2\/pages\/9657","targetHints":{"allow":["GET"]}}],"collection":[{"href":"https:\/\/salutieducacioemocional.com\/ca\/wp-json\/wp\/v2\/pages"}],"about":[{"href":"https:\/\/salutieducacioemocional.com\/ca\/wp-json\/wp\/v2\/types\/page"}],"author":[{"embeddable":true,"href":"https:\/\/salutieducacioemocional.com\/ca\/wp-json\/wp\/v2\/users\/1"}],"replies":[{"embeddable":true,"href":"https:\/\/salutieducacioemocional.com\/ca\/wp-json\/wp\/v2\/comments?post=9657"}],"version-history":[{"count":11,"href":"https:\/\/salutieducacioemocional.com\/ca\/wp-json\/wp\/v2\/pages\/9657\/revisions"}],"predecessor-version":[{"id":9863,"href":"https:\/\/salutieducacioemocional.com\/ca\/wp-json\/wp\/v2\/pages\/9657\/revisions\/9863"}],"up":[{"embeddable":true,"href":"https:\/\/salutieducacioemocional.com\/ca\/wp-json\/wp\/v2\/pages\/9632"}],"wp:attachment":[{"href":"https:\/\/salutieducacioemocional.com\/ca\/wp-json\/wp\/v2\/media?parent=9657"}],"curies":[{"name":"wp","href":"https:\/\/api.w.org\/{rel}","templated":true}]}}