{"id":11548,"date":"2024-05-30T15:39:51","date_gmt":"2024-05-30T15:39:51","guid":{"rendered":"https:\/\/salutieducacioemocional.com\/?post_type=product&#038;p=11548"},"modified":"2025-07-18T14:00:34","modified_gmt":"2025-07-18T14:00:34","slug":"matricula-formacio-anual-especialitzacio-model-ads","status":"publish","type":"product","link":"https:\/\/salutieducacioemocional.com\/ca\/producte\/matricula-formacio-anual-especialitzacio-model-ads\/","title":{"rendered":"MATR\u00cdCULA: Formaci\u00f3 anual Especialitzaci\u00f3 en Model ADS Nivell 2"},"content":{"rendered":"<p>Despr\u00e9s de l&#8217;\u00e8xit de la formaci\u00f3 anual en Model ADS nivell 1, <b>arriba ara l&#8217;especialitzaci\u00f3 en Model d&#8217;Acompanyament al Desenvolupament Socioemocional, nivell 2.<\/b><\/p>\n<div>\n<div>Una formaci\u00f3 exclusiva per a professionals que ja han cursat el nivell 1 de la formaci\u00f3 en Model ADS i que volen ara especialitzar-se encara m\u00e9s en l&#8217;acompanyament de persones a trav\u00e9s de l&#8217;educaci\u00f3 emocional.<\/div>\n<div><\/div>\n<div><b>En aquesta formaci\u00f3:<\/b><\/div>\n<div><\/div>\n<div>\u2714\ufe0f Aprofundir\u00e0s en els fonaments del Model ADS, integrant una forma m\u00e9s hol\u00edstica d&#8217;acompanyar persones cap al benestar.<\/div>\n<div>\u2714\ufe0f Aprofundir\u00e0s en el coneixement de les fases de transici\u00f3 emocional, reunint eines per acompanyar i transitar processos emocionals complexos.<\/div>\n<div>\u2714\ufe0f Adquirir\u00e0s t\u00e8cniques i recursos espec\u00edfics per a l&#8217;acompanyament de persones.<\/div>\n<div>\u2714\ufe0f Integrar\u00e0s la mirada ADS en la gesti\u00f3 positiva del conflicte.<\/div>\n<div>\u2714\ufe0f Aprendr\u00e0s a fer supervisi\u00f3 d&#8217;equips i casos seguint el Model ADS.<\/div>\n<div>\u2714\ufe0f Reunir\u00e0s recursos d&#8217;acompanyament i facilitaci\u00f3 individual i de grups.<\/div>\n<\/div>\n<div><\/div>\n<div>Dates de les sessions formatives: 2025 &#8211; 13 i 27 sept | 11 i 25 oct | 8 i 22 nov | 13 des | 2026 &#8211; 10 i 24 gen | 7 i 21 feb | 7 i 21 mar | 18 abr | 9 i 30 mai<\/div>\n<div>Horari de les sessions: de 9.30 a 14.30h<\/div>\n","protected":false},"excerpt":{"rendered":"<p><span style=\"font-weight: 400;\">El preu total de la formaci\u00f3 \u00e9s de 1.300\u20ac, dels quals 250\u20ac es paguen en reservar la teva pla\u00e7a, en concepte de matr\u00edcula. Els 1.050\u20ac restants s\u2019abonaran en un pagament \u00fanic, abans de l\u2019inici de la formaci\u00f3, o a trav\u00e9s d\u2019un pla de pagament fraccionat.<\/span><\/p>\n<p><b>Si t\u2019inscrius abans del 31 de juliol, podr\u00e0s gaudir de la formaci\u00f3 per \u00fanicament 1.000\u20ac.<\/b><\/p>\n<p><span style=\"font-weight: 400;\">Per reservar la teva pla\u00e7a:<\/span><\/p>\n<ol>\n<li style=\"font-weight: 400;\" aria-level=\"1\"><span style=\"font-weight: 400;\">Fes la teva inscripci\u00f3 i pagament de la matr\u00edcula, de 250\u20ac, aqu\u00ed.<\/span><\/li>\n<li style=\"font-weight: 400;\" aria-level=\"1\"><span style=\"font-weight: 400;\">Estigues-te atenta al teu correu electr\u00f2nic, el nostre equip es posar\u00e0 en contacte amb tu per fer-te arribar el pla de pagaments de l\u2019import restant, de 750\u20ac, en cas que t&#8217;inscriguis abans del 31 de juliol, o de 1.050\u20ac en cas que ho facis despr\u00e9s del 31 de juliol.<\/span><\/li>\n<\/ol>\n<p><span style=\"font-weight: 400;\">Recorda que nom\u00e9s hi ha 20 places disponibles, que s\u2019assignaran per ordre d\u2019inscripci\u00f3.<\/span><\/p>\n","protected":false},"featured_media":13700,"comment_status":"open","ping_status":"closed","template":"","meta":[],"product_brand":[],"product_cat":[26],"product_tag":[],"class_list":{"0":"post-11548","1":"product","2":"type-product","3":"status-publish","4":"has-post-thumbnail","6":"product_cat-sin-categorizar","8":"first","9":"instock","10":"featured","11":"virtual","12":"purchasable","13":"product-type-simple"},"yoast_head":"<!-- This site is optimized with the Yoast SEO plugin v27.3 - https:\/\/yoast.com\/product\/yoast-seo-wordpress\/ -->\n<title>MATR\u00cdCULA: Formaci\u00f3 anual Especialitzaci\u00f3 en Model ADS Nivell 2 - SEER<\/title>\n<meta name=\"description\" content=\"Reuneix, a trav\u00e9s de la teva pr\u00f2pia experi\u00e8ncia de creixement personal, les eines que necessites per a acompanyar a infants i joves en el seu Desenvolupament Socioemocional a trav\u00e9s de l\u2019Educaci\u00f3 Emocional.\" \/>\n<meta name=\"robots\" content=\"index, follow, max-snippet:-1, max-image-preview:large, max-video-preview:-1\" \/>\n<link rel=\"canonical\" href=\"https:\/\/salutieducacioemocional.com\/ca\/producte\/matricula-formacio-anual-especialitzacio-model-ads\/\" \/>\n<meta property=\"og:locale\" content=\"ca_ES\" \/>\n<meta property=\"og:type\" content=\"article\" \/>\n<meta property=\"og:title\" content=\"MATR\u00cdCULA: Formaci\u00f3 anual Especialitzaci\u00f3 en Model ADS Nivell 2 - SEER\" \/>\n<meta property=\"og:description\" content=\"Reuneix, a trav\u00e9s de la teva pr\u00f2pia experi\u00e8ncia de creixement personal, les eines que necessites per a acompanyar a infants i joves en el seu Desenvolupament Socioemocional a trav\u00e9s de l\u2019Educaci\u00f3 Emocional.\" \/>\n<meta property=\"og:url\" content=\"https:\/\/salutieducacioemocional.com\/ca\/producte\/matricula-formacio-anual-especialitzacio-model-ads\/\" \/>\n<meta property=\"og:site_name\" content=\"SEER\" \/>\n<meta property=\"article:publisher\" content=\"https:\/\/www.facebook.com\/equipseer\" \/>\n<meta property=\"article:modified_time\" content=\"2025-07-18T14:00:34+00:00\" \/>\n<meta property=\"og:image\" content=\"https:\/\/salutieducacioemocional.com\/wp-content\/uploads\/2024\/05\/especialitzacio-ADS.png\" \/>\n\t<meta property=\"og:image:width\" content=\"1080\" \/>\n\t<meta property=\"og:image:height\" content=\"1080\" \/>\n\t<meta property=\"og:image:type\" content=\"image\/png\" \/>\n<meta name=\"twitter:card\" content=\"summary_large_image\" \/>\n<meta name=\"twitter:site\" content=\"@equipseer\" \/>\n<script type=\"application\/ld+json\" class=\"yoast-schema-graph\">{\"@context\":\"https:\\\/\\\/schema.org\",\"@graph\":[{\"@type\":\"WebPage\",\"@id\":\"https:\\\/\\\/salutieducacioemocional.com\\\/ca\\\/producte\\\/matricula-formacio-anual-especialitzacio-model-ads\\\/\",\"url\":\"https:\\\/\\\/salutieducacioemocional.com\\\/ca\\\/producte\\\/matricula-formacio-anual-especialitzacio-model-ads\\\/\",\"name\":\"MATR\u00cdCULA: Formaci\u00f3 anual Especialitzaci\u00f3 en Model ADS Nivell 2 - SEER\",\"isPartOf\":{\"@id\":\"https:\\\/\\\/salutieducacioemocional.com\\\/#website\"},\"primaryImageOfPage\":{\"@id\":\"https:\\\/\\\/salutieducacioemocional.com\\\/ca\\\/producte\\\/matricula-formacio-anual-especialitzacio-model-ads\\\/#primaryimage\"},\"image\":{\"@id\":\"https:\\\/\\\/salutieducacioemocional.com\\\/ca\\\/producte\\\/matricula-formacio-anual-especialitzacio-model-ads\\\/#primaryimage\"},\"thumbnailUrl\":\"https:\\\/\\\/salutieducacioemocional.com\\\/wp-content\\\/uploads\\\/2024\\\/05\\\/especialitzacio-ADS.png\",\"datePublished\":\"2024-05-30T15:39:51+00:00\",\"dateModified\":\"2025-07-18T14:00:34+00:00\",\"description\":\"Reuneix, a trav\u00e9s de la teva pr\u00f2pia experi\u00e8ncia de creixement personal, les eines que necessites per a acompanyar a infants i joves en el seu Desenvolupament Socioemocional a trav\u00e9s de l\u2019Educaci\u00f3 Emocional.\",\"breadcrumb\":{\"@id\":\"https:\\\/\\\/salutieducacioemocional.com\\\/ca\\\/producte\\\/matricula-formacio-anual-especialitzacio-model-ads\\\/#breadcrumb\"},\"inLanguage\":\"ca\",\"potentialAction\":[{\"@type\":\"ReadAction\",\"target\":[\"https:\\\/\\\/salutieducacioemocional.com\\\/ca\\\/producte\\\/matricula-formacio-anual-especialitzacio-model-ads\\\/\"]}]},{\"@type\":\"ImageObject\",\"inLanguage\":\"ca\",\"@id\":\"https:\\\/\\\/salutieducacioemocional.com\\\/ca\\\/producte\\\/matricula-formacio-anual-especialitzacio-model-ads\\\/#primaryimage\",\"url\":\"https:\\\/\\\/salutieducacioemocional.com\\\/wp-content\\\/uploads\\\/2024\\\/05\\\/especialitzacio-ADS.png\",\"contentUrl\":\"https:\\\/\\\/salutieducacioemocional.com\\\/wp-content\\\/uploads\\\/2024\\\/05\\\/especialitzacio-ADS.png\",\"width\":1080,\"height\":1080},{\"@type\":\"BreadcrumbList\",\"@id\":\"https:\\\/\\\/salutieducacioemocional.com\\\/ca\\\/producte\\\/matricula-formacio-anual-especialitzacio-model-ads\\\/#breadcrumb\",\"itemListElement\":[{\"@type\":\"ListItem\",\"position\":1,\"name\":\"Portada\",\"item\":\"https:\\\/\\\/salutieducacioemocional.com\\\/\"},{\"@type\":\"ListItem\",\"position\":2,\"name\":\"Tienda\",\"item\":\"https:\\\/\\\/salutieducacioemocional.com\\\/ca\\\/botiga\\\/\"},{\"@type\":\"ListItem\",\"position\":3,\"name\":\"MATR\u00cdCULA: Formaci\u00f3 anual Especialitzaci\u00f3 en Model ADS Nivell 2\"}]},{\"@type\":\"WebSite\",\"@id\":\"https:\\\/\\\/salutieducacioemocional.com\\\/#website\",\"url\":\"https:\\\/\\\/salutieducacioemocional.com\\\/\",\"name\":\"SEER\",\"description\":\"Salut i Educaci\u00f3 Emocional\",\"publisher\":{\"@id\":\"https:\\\/\\\/salutieducacioemocional.com\\\/#organization\"},\"potentialAction\":[{\"@type\":\"SearchAction\",\"target\":{\"@type\":\"EntryPoint\",\"urlTemplate\":\"https:\\\/\\\/salutieducacioemocional.com\\\/?s={search_term_string}\"},\"query-input\":{\"@type\":\"PropertyValueSpecification\",\"valueRequired\":true,\"valueName\":\"search_term_string\"}}],\"inLanguage\":\"ca\"},{\"@type\":\"Organization\",\"@id\":\"https:\\\/\\\/salutieducacioemocional.com\\\/#organization\",\"name\":\"Salut i Educaci\u00f3 Emocional S.L\",\"alternateName\":\"SEER\",\"url\":\"https:\\\/\\\/salutieducacioemocional.com\\\/\",\"logo\":{\"@type\":\"ImageObject\",\"inLanguage\":\"ca\",\"@id\":\"https:\\\/\\\/salutieducacioemocional.com\\\/#\\\/schema\\\/logo\\\/image\\\/\",\"url\":\"https:\\\/\\\/salutieducacioemocional.com\\\/wp-content\\\/uploads\\\/2018\\\/12\\\/cropped-educacion-emocional-seer-e1545471861400.png\",\"contentUrl\":\"https:\\\/\\\/salutieducacioemocional.com\\\/wp-content\\\/uploads\\\/2018\\\/12\\\/cropped-educacion-emocional-seer-e1545471861400.png\",\"width\":200,\"height\":78,\"caption\":\"Salut i Educaci\u00f3 Emocional S.L\"},\"image\":{\"@id\":\"https:\\\/\\\/salutieducacioemocional.com\\\/#\\\/schema\\\/logo\\\/image\\\/\"},\"sameAs\":[\"https:\\\/\\\/www.facebook.com\\\/equipseer\",\"https:\\\/\\\/x.com\\\/equipseer\",\"https:\\\/\\\/www.instagram.com\\\/equipseer\\\/\",\"https:\\\/\\\/www.linkedin.com\\\/company\\\/9231569\\\/admin\\\/\",\"https:\\\/\\\/www.youtube.com\\\/@equipseer\",\"https:\\\/\\\/t.me\\\/seer_info\"]}]}<\/script>\n<!-- \/ Yoast SEO plugin. -->","yoast_head_json":{"title":"MATR\u00cdCULA: Formaci\u00f3 anual Especialitzaci\u00f3 en Model ADS Nivell 2 - SEER","description":"Reuneix, a trav\u00e9s de la teva pr\u00f2pia experi\u00e8ncia de creixement personal, les eines que necessites per a acompanyar a infants i joves en el seu Desenvolupament Socioemocional a trav\u00e9s de l\u2019Educaci\u00f3 Emocional.","robots":{"index":"index","follow":"follow","max-snippet":"max-snippet:-1","max-image-preview":"max-image-preview:large","max-video-preview":"max-video-preview:-1"},"canonical":"https:\/\/salutieducacioemocional.com\/ca\/producte\/matricula-formacio-anual-especialitzacio-model-ads\/","og_locale":"ca_ES","og_type":"article","og_title":"MATR\u00cdCULA: Formaci\u00f3 anual Especialitzaci\u00f3 en Model ADS Nivell 2 - SEER","og_description":"Reuneix, a trav\u00e9s de la teva pr\u00f2pia experi\u00e8ncia de creixement personal, les eines que necessites per a acompanyar a infants i joves en el seu Desenvolupament Socioemocional a trav\u00e9s de l\u2019Educaci\u00f3 Emocional.","og_url":"https:\/\/salutieducacioemocional.com\/ca\/producte\/matricula-formacio-anual-especialitzacio-model-ads\/","og_site_name":"SEER","article_publisher":"https:\/\/www.facebook.com\/equipseer","article_modified_time":"2025-07-18T14:00:34+00:00","og_image":[{"width":1080,"height":1080,"url":"https:\/\/salutieducacioemocional.com\/wp-content\/uploads\/2024\/05\/especialitzacio-ADS.png","type":"image\/png"}],"twitter_card":"summary_large_image","twitter_site":"@equipseer","schema":{"@context":"https:\/\/schema.org","@graph":[{"@type":"WebPage","@id":"https:\/\/salutieducacioemocional.com\/ca\/producte\/matricula-formacio-anual-especialitzacio-model-ads\/","url":"https:\/\/salutieducacioemocional.com\/ca\/producte\/matricula-formacio-anual-especialitzacio-model-ads\/","name":"MATR\u00cdCULA: Formaci\u00f3 anual Especialitzaci\u00f3 en Model ADS Nivell 2 - SEER","isPartOf":{"@id":"https:\/\/salutieducacioemocional.com\/#website"},"primaryImageOfPage":{"@id":"https:\/\/salutieducacioemocional.com\/ca\/producte\/matricula-formacio-anual-especialitzacio-model-ads\/#primaryimage"},"image":{"@id":"https:\/\/salutieducacioemocional.com\/ca\/producte\/matricula-formacio-anual-especialitzacio-model-ads\/#primaryimage"},"thumbnailUrl":"https:\/\/salutieducacioemocional.com\/wp-content\/uploads\/2024\/05\/especialitzacio-ADS.png","datePublished":"2024-05-30T15:39:51+00:00","dateModified":"2025-07-18T14:00:34+00:00","description":"Reuneix, a trav\u00e9s de la teva pr\u00f2pia experi\u00e8ncia de creixement personal, les eines que necessites per a acompanyar a infants i joves en el seu Desenvolupament Socioemocional a trav\u00e9s de l\u2019Educaci\u00f3 Emocional.","breadcrumb":{"@id":"https:\/\/salutieducacioemocional.com\/ca\/producte\/matricula-formacio-anual-especialitzacio-model-ads\/#breadcrumb"},"inLanguage":"ca","potentialAction":[{"@type":"ReadAction","target":["https:\/\/salutieducacioemocional.com\/ca\/producte\/matricula-formacio-anual-especialitzacio-model-ads\/"]}]},{"@type":"ImageObject","inLanguage":"ca","@id":"https:\/\/salutieducacioemocional.com\/ca\/producte\/matricula-formacio-anual-especialitzacio-model-ads\/#primaryimage","url":"https:\/\/salutieducacioemocional.com\/wp-content\/uploads\/2024\/05\/especialitzacio-ADS.png","contentUrl":"https:\/\/salutieducacioemocional.com\/wp-content\/uploads\/2024\/05\/especialitzacio-ADS.png","width":1080,"height":1080},{"@type":"BreadcrumbList","@id":"https:\/\/salutieducacioemocional.com\/ca\/producte\/matricula-formacio-anual-especialitzacio-model-ads\/#breadcrumb","itemListElement":[{"@type":"ListItem","position":1,"name":"Portada","item":"https:\/\/salutieducacioemocional.com\/"},{"@type":"ListItem","position":2,"name":"Tienda","item":"https:\/\/salutieducacioemocional.com\/ca\/botiga\/"},{"@type":"ListItem","position":3,"name":"MATR\u00cdCULA: Formaci\u00f3 anual Especialitzaci\u00f3 en Model ADS Nivell 2"}]},{"@type":"WebSite","@id":"https:\/\/salutieducacioemocional.com\/#website","url":"https:\/\/salutieducacioemocional.com\/","name":"SEER","description":"Salut i Educaci\u00f3 Emocional","publisher":{"@id":"https:\/\/salutieducacioemocional.com\/#organization"},"potentialAction":[{"@type":"SearchAction","target":{"@type":"EntryPoint","urlTemplate":"https:\/\/salutieducacioemocional.com\/?s={search_term_string}"},"query-input":{"@type":"PropertyValueSpecification","valueRequired":true,"valueName":"search_term_string"}}],"inLanguage":"ca"},{"@type":"Organization","@id":"https:\/\/salutieducacioemocional.com\/#organization","name":"Salut i Educaci\u00f3 Emocional S.L","alternateName":"SEER","url":"https:\/\/salutieducacioemocional.com\/","logo":{"@type":"ImageObject","inLanguage":"ca","@id":"https:\/\/salutieducacioemocional.com\/#\/schema\/logo\/image\/","url":"https:\/\/salutieducacioemocional.com\/wp-content\/uploads\/2018\/12\/cropped-educacion-emocional-seer-e1545471861400.png","contentUrl":"https:\/\/salutieducacioemocional.com\/wp-content\/uploads\/2018\/12\/cropped-educacion-emocional-seer-e1545471861400.png","width":200,"height":78,"caption":"Salut i Educaci\u00f3 Emocional S.L"},"image":{"@id":"https:\/\/salutieducacioemocional.com\/#\/schema\/logo\/image\/"},"sameAs":["https:\/\/www.facebook.com\/equipseer","https:\/\/x.com\/equipseer","https:\/\/www.instagram.com\/equipseer\/","https:\/\/www.linkedin.com\/company\/9231569\/admin\/","https:\/\/www.youtube.com\/@equipseer","https:\/\/t.me\/seer_info"]}]}},"_links":{"self":[{"href":"https:\/\/salutieducacioemocional.com\/ca\/wp-json\/wp\/v2\/product\/11548","targetHints":{"allow":["GET"]}}],"collection":[{"href":"https:\/\/salutieducacioemocional.com\/ca\/wp-json\/wp\/v2\/product"}],"about":[{"href":"https:\/\/salutieducacioemocional.com\/ca\/wp-json\/wp\/v2\/types\/product"}],"replies":[{"embeddable":true,"href":"https:\/\/salutieducacioemocional.com\/ca\/wp-json\/wp\/v2\/comments?post=11548"}],"wp:featuredmedia":[{"embeddable":true,"href":"https:\/\/salutieducacioemocional.com\/ca\/wp-json\/wp\/v2\/media\/13700"}],"wp:attachment":[{"href":"https:\/\/salutieducacioemocional.com\/ca\/wp-json\/wp\/v2\/media?parent=11548"}],"wp:term":[{"taxonomy":"product_brand","embeddable":true,"href":"https:\/\/salutieducacioemocional.com\/ca\/wp-json\/wp\/v2\/product_brand?post=11548"},{"taxonomy":"product_cat","embeddable":true,"href":"https:\/\/salutieducacioemocional.com\/ca\/wp-json\/wp\/v2\/product_cat?post=11548"},{"taxonomy":"product_tag","embeddable":true,"href":"https:\/\/salutieducacioemocional.com\/ca\/wp-json\/wp\/v2\/product_tag?post=11548"}],"curies":[{"name":"wp","href":"https:\/\/api.w.org\/{rel}","templated":true}]}}