{"id":11569,"date":"2024-06-03T17:47:38","date_gmt":"2024-06-03T17:47:38","guid":{"rendered":"https:\/\/salutieducacioemocional.com\/?post_type=product&#038;p=11569"},"modified":"2024-06-04T07:14:21","modified_gmt":"2024-06-04T07:14:21","slug":"capsules-promoure-bon-clima-grup-reparar-situacions-conflicte","status":"publish","type":"product","link":"https:\/\/salutieducacioemocional.com\/ca\/producte\/capsules-promoure-bon-clima-grup-reparar-situacions-conflicte\/","title":{"rendered":"C\u00e0psules 1 i 2: Promoure un bon clima de grup i Reparar situacions de conflicte"},"content":{"rendered":"<p><span style=\"font-weight: 400;\">Aquest estiu, us apropem dues noves c\u00e0psules formatives presencials que us dotaran de recursos i estrat\u00e8gies per a l\u2019acompanyament a grups.<\/span><\/p>\n<p><b>C\u00e0psula 1. Promoure un bon clima de grup: estrat\u00e8gies per a l\u2019acompanyament a grups<\/b><\/p>\n<p><span style=\"font-weight: 400;\">Una formaci\u00f3 que, des d\u2019una mirada preventiva, et dotar\u00e0 d\u2019eines i recursos per afavorir el benestar i la conviv\u00e8ncia en els grups que acompanyes.<\/span><\/p>\n<p><span style=\"font-weight: 400;\">Aquesta c\u00e0psula t\u00e9 una durada de 3 hores i s\u2019impartir\u00e0 el dilluns 1 de juliol, en horari de 10 a 13h a la Sala Origen de SEER, a Barcelona.<\/span><\/p>\n<p><b>C\u00e0psula 2. Reparar situacions de conflicte: estrat\u00e8gies per a l\u2019acompanyament a grups<\/b><\/p>\n<p><span style=\"font-weight: 400;\">Una formaci\u00f3 que posa la mirada en com acompanyem un grup que ha viscut una situaci\u00f3 de conflicte, no nom\u00e9s mirant de resoldre el conflicte en termes de negociaci\u00f3 i pactes, sin\u00f3 sobretot reparant el dolor emocional que la situaci\u00f3 hagi pogut generar.<\/span><\/p>\n<p><span style=\"font-weight: 400;\">Aquesta c\u00e0psula t\u00e9 una durada de 3 hores i s\u2019impartir\u00e0 el dimarts 2 de juliol, en horari de 10 a 13h a la Sala Origen de SEER, a Barcelona.<\/span><\/p>\n<p><b>Cadascuna d\u2019aquestes c\u00e0psules formatives t\u00e9 un preu de 90\u20ac, en cas que decideixis cursar-les totes dues, podr\u00e0s gaudir d\u2019un preu especial de 140\u20ac (estalviant-te 40\u20ac en la teva inscripci\u00f3).<\/b><\/p>\n<p><span style=\"font-weight: 400;\">D\u2019altra banda, recorda afegir a la teva cistella un Mapa Emocional en cas que vulguis aprofitar la formaci\u00f3 per adquirir aquest recurs sense haver de pagar despeses d\u2019enviament.<\/span><\/p>\n","protected":false},"excerpt":{"rendered":"<p><span style=\"font-weight: 400;\">Aquest estiu, us apropem dues noves c\u00e0psules formatives presencials que us dotaran de recursos i estrat\u00e8gies per a l\u2019acompanyament a grups.<\/span><\/p>\n<p><b>C\u00e0psula 1. Promoure un bon clima de grup: estrat\u00e8gies per a l\u2019acompanyament a grups<\/b><\/p>\n<p><span style=\"font-weight: 400;\">Una formaci\u00f3 que, des d\u2019una mirada preventiva, et dotar\u00e0 d\u2019eines i recursos per afavorir el benestar i la conviv\u00e8ncia en els grups que acompanyes.<\/span><\/p>\n<p><span style=\"font-weight: 400;\">Aquesta c\u00e0psula t\u00e9 una durada de 3 hores i s\u2019impartir\u00e0 el dilluns 1 de juliol, en horari de 10 a 13h a la Sala Origen de SEER, a Barcelona.<\/span><\/p>\n<p><b>C\u00e0psula 2. Reparar situacions de conflicte: estrat\u00e8gies per a l\u2019acompanyament a grups<\/b><\/p>\n<p><span style=\"font-weight: 400;\">Una formaci\u00f3 que posa la mirada en com acompanyem un grup que ha viscut una situaci\u00f3 de conflicte, no nom\u00e9s mirant de resoldre el conflicte en termes de negociaci\u00f3 i pactes, sin\u00f3 sobretot reparant el dolor emocional que la situaci\u00f3 hagi pogut generar.<\/span><\/p>\n<p><span style=\"font-weight: 400;\">Aquesta c\u00e0psula t\u00e9 una durada de 3 hores i s\u2019impartir\u00e0 el dimarts 2 de juliol, en horari de 10 a 13h a la Sala Origen de SEER, a Barcelona.<\/span><\/p>\n<p><b>Cadascuna d\u2019aquestes c\u00e0psules formatives t\u00e9 un preu de 90\u20ac, en cas que decideixis cursar-les totes dues, podr\u00e0s gaudir d\u2019un preu especial de 140\u20ac (estalviant-te 40\u20ac en la teva inscripci\u00f3).<\/b><\/p>\n<p><span style=\"font-weight: 400;\">D\u2019altra banda, recorda afegir a la teva cistella un Mapa Emocional en cas que vulguis aprofitar la formaci\u00f3 per adquirir aquest recurs sense haver de pagar despeses d\u2019enviament.<\/span><\/p>\n","protected":false},"featured_media":11584,"comment_status":"open","ping_status":"closed","template":"","meta":[],"product_brand":[],"product_cat":[193],"product_tag":[],"class_list":{"0":"post-11569","1":"product","2":"type-product","3":"status-publish","4":"has-post-thumbnail","6":"product_cat-formacio","8":"first","9":"instock","10":"virtual","11":"taxable","12":"purchasable","13":"product-type-simple"},"yoast_head":"<!-- This site is optimized with the Yoast SEO plugin v27.4 - https:\/\/yoast.com\/product\/yoast-seo-wordpress\/ -->\n<title>C\u00e0psules 1 i 2: Promoure un bon clima de grup i Reparar situacions de conflicte - SEER<\/title>\n<meta name=\"robots\" content=\"index, follow, max-snippet:-1, max-image-preview:large, max-video-preview:-1\" \/>\n<link rel=\"canonical\" href=\"https:\/\/salutieducacioemocional.com\/ca\/producte\/capsules-promoure-bon-clima-grup-reparar-situacions-conflicte\/\" \/>\n<meta property=\"og:locale\" content=\"ca_ES\" \/>\n<meta property=\"og:type\" content=\"article\" \/>\n<meta property=\"og:title\" content=\"C\u00e0psules 1 i 2: Promoure un bon clima de grup i Reparar situacions de conflicte - SEER\" \/>\n<meta property=\"og:description\" content=\"Aquest estiu, us apropem dues noves c\u00e0psules formatives presencials que us dotaran de recursos i estrat\u00e8gies per a l\u2019acompanyament a grups.  C\u00e0psula 1. Promoure un bon clima de grup: estrat\u00e8gies per a l\u2019acompanyament a grups  Una formaci\u00f3 que, des d\u2019una mirada preventiva, et dotar\u00e0 d\u2019eines i recursos per afavorir el benestar i la conviv\u00e8ncia en els grups que acompanyes.  Aquesta c\u00e0psula t\u00e9 una durada de 3 hores i s\u2019impartir\u00e0 el dilluns 1 de juliol, en horari de 10 a 13h a la Sala Origen de SEER, a Barcelona.  C\u00e0psula 2. Reparar situacions de conflicte: estrat\u00e8gies per a l\u2019acompanyament a grups  Una formaci\u00f3 que posa la mirada en com acompanyem un grup que ha viscut una situaci\u00f3 de conflicte, no nom\u00e9s mirant de resoldre el conflicte en termes de negociaci\u00f3 i pactes, sin\u00f3 sobretot reparant el dolor emocional que la situaci\u00f3 hagi pogut generar.  Aquesta c\u00e0psula t\u00e9 una durada de 3 hores i s\u2019impartir\u00e0 el dimarts 2 de juliol, en horari de 10 a 13h a la Sala Origen de SEER, a Barcelona.  Cadascuna d\u2019aquestes c\u00e0psules formatives t\u00e9 un preu de 90\u20ac, en cas que decideixis cursar-les totes dues, podr\u00e0s gaudir d\u2019un preu especial de 140\u20ac (estalviant-te 40\u20ac en la teva inscripci\u00f3).  D\u2019altra banda, recorda afegir a la teva cistella un Mapa Emocional en cas que vulguis aprofitar la formaci\u00f3 per adquirir aquest recurs sense haver de pagar despeses d\u2019enviament.\" \/>\n<meta property=\"og:url\" content=\"https:\/\/salutieducacioemocional.com\/ca\/producte\/capsules-promoure-bon-clima-grup-reparar-situacions-conflicte\/\" \/>\n<meta property=\"og:site_name\" content=\"SEER\" \/>\n<meta property=\"article:publisher\" content=\"https:\/\/www.facebook.com\/equipseer\" \/>\n<meta property=\"article:modified_time\" content=\"2024-06-04T07:14:21+00:00\" \/>\n<meta property=\"og:image\" content=\"https:\/\/salutieducacioemocional.com\/wp-content\/uploads\/2024\/05\/2.png\" \/>\n\t<meta property=\"og:image:width\" content=\"1080\" \/>\n\t<meta property=\"og:image:height\" content=\"1080\" \/>\n\t<meta property=\"og:image:type\" content=\"image\/png\" \/>\n<meta name=\"twitter:card\" content=\"summary_large_image\" \/>\n<meta name=\"twitter:site\" content=\"@equipseer\" \/>\n<script type=\"application\/ld+json\" class=\"yoast-schema-graph\">{\"@context\":\"https:\\\/\\\/schema.org\",\"@graph\":[{\"@type\":\"WebPage\",\"@id\":\"https:\\\/\\\/salutieducacioemocional.com\\\/ca\\\/producte\\\/capsules-promoure-bon-clima-grup-reparar-situacions-conflicte\\\/\",\"url\":\"https:\\\/\\\/salutieducacioemocional.com\\\/ca\\\/producte\\\/capsules-promoure-bon-clima-grup-reparar-situacions-conflicte\\\/\",\"name\":\"C\u00e0psules 1 i 2: Promoure un bon clima de grup i Reparar situacions de conflicte - SEER\",\"isPartOf\":{\"@id\":\"https:\\\/\\\/salutieducacioemocional.com\\\/#website\"},\"primaryImageOfPage\":{\"@id\":\"https:\\\/\\\/salutieducacioemocional.com\\\/ca\\\/producte\\\/capsules-promoure-bon-clima-grup-reparar-situacions-conflicte\\\/#primaryimage\"},\"image\":{\"@id\":\"https:\\\/\\\/salutieducacioemocional.com\\\/ca\\\/producte\\\/capsules-promoure-bon-clima-grup-reparar-situacions-conflicte\\\/#primaryimage\"},\"thumbnailUrl\":\"https:\\\/\\\/salutieducacioemocional.com\\\/wp-content\\\/uploads\\\/2024\\\/05\\\/2.png\",\"datePublished\":\"2024-06-03T17:47:38+00:00\",\"dateModified\":\"2024-06-04T07:14:21+00:00\",\"breadcrumb\":{\"@id\":\"https:\\\/\\\/salutieducacioemocional.com\\\/ca\\\/producte\\\/capsules-promoure-bon-clima-grup-reparar-situacions-conflicte\\\/#breadcrumb\"},\"inLanguage\":\"ca\",\"potentialAction\":[{\"@type\":\"ReadAction\",\"target\":[\"https:\\\/\\\/salutieducacioemocional.com\\\/ca\\\/producte\\\/capsules-promoure-bon-clima-grup-reparar-situacions-conflicte\\\/\"]}]},{\"@type\":\"ImageObject\",\"inLanguage\":\"ca\",\"@id\":\"https:\\\/\\\/salutieducacioemocional.com\\\/ca\\\/producte\\\/capsules-promoure-bon-clima-grup-reparar-situacions-conflicte\\\/#primaryimage\",\"url\":\"https:\\\/\\\/salutieducacioemocional.com\\\/wp-content\\\/uploads\\\/2024\\\/05\\\/2.png\",\"contentUrl\":\"https:\\\/\\\/salutieducacioemocional.com\\\/wp-content\\\/uploads\\\/2024\\\/05\\\/2.png\",\"width\":1080,\"height\":1080},{\"@type\":\"BreadcrumbList\",\"@id\":\"https:\\\/\\\/salutieducacioemocional.com\\\/ca\\\/producte\\\/capsules-promoure-bon-clima-grup-reparar-situacions-conflicte\\\/#breadcrumb\",\"itemListElement\":[{\"@type\":\"ListItem\",\"position\":1,\"name\":\"Portada\",\"item\":\"https:\\\/\\\/salutieducacioemocional.com\\\/\"},{\"@type\":\"ListItem\",\"position\":2,\"name\":\"Tienda\",\"item\":\"https:\\\/\\\/salutieducacioemocional.com\\\/ca\\\/botiga\\\/\"},{\"@type\":\"ListItem\",\"position\":3,\"name\":\"C\u00e0psules 1 i 2: Promoure un bon clima de grup i Reparar situacions de conflicte\"}]},{\"@type\":\"WebSite\",\"@id\":\"https:\\\/\\\/salutieducacioemocional.com\\\/#website\",\"url\":\"https:\\\/\\\/salutieducacioemocional.com\\\/\",\"name\":\"SEER\",\"description\":\"Salut i Educaci\u00f3 Emocional\",\"publisher\":{\"@id\":\"https:\\\/\\\/salutieducacioemocional.com\\\/#organization\"},\"potentialAction\":[{\"@type\":\"SearchAction\",\"target\":{\"@type\":\"EntryPoint\",\"urlTemplate\":\"https:\\\/\\\/salutieducacioemocional.com\\\/?s={search_term_string}\"},\"query-input\":{\"@type\":\"PropertyValueSpecification\",\"valueRequired\":true,\"valueName\":\"search_term_string\"}}],\"inLanguage\":\"ca\"},{\"@type\":\"Organization\",\"@id\":\"https:\\\/\\\/salutieducacioemocional.com\\\/#organization\",\"name\":\"Salut i Educaci\u00f3 Emocional S.L\",\"alternateName\":\"SEER\",\"url\":\"https:\\\/\\\/salutieducacioemocional.com\\\/\",\"logo\":{\"@type\":\"ImageObject\",\"inLanguage\":\"ca\",\"@id\":\"https:\\\/\\\/salutieducacioemocional.com\\\/#\\\/schema\\\/logo\\\/image\\\/\",\"url\":\"https:\\\/\\\/salutieducacioemocional.com\\\/wp-content\\\/uploads\\\/2018\\\/12\\\/cropped-educacion-emocional-seer-e1545471861400.png\",\"contentUrl\":\"https:\\\/\\\/salutieducacioemocional.com\\\/wp-content\\\/uploads\\\/2018\\\/12\\\/cropped-educacion-emocional-seer-e1545471861400.png\",\"width\":200,\"height\":78,\"caption\":\"Salut i Educaci\u00f3 Emocional S.L\"},\"image\":{\"@id\":\"https:\\\/\\\/salutieducacioemocional.com\\\/#\\\/schema\\\/logo\\\/image\\\/\"},\"sameAs\":[\"https:\\\/\\\/www.facebook.com\\\/equipseer\",\"https:\\\/\\\/x.com\\\/equipseer\",\"https:\\\/\\\/www.instagram.com\\\/equipseer\\\/\",\"https:\\\/\\\/www.linkedin.com\\\/company\\\/9231569\\\/admin\\\/\",\"https:\\\/\\\/www.youtube.com\\\/@equipseer\",\"https:\\\/\\\/t.me\\\/seer_info\"]}]}<\/script>\n<!-- \/ Yoast SEO plugin. -->","yoast_head_json":{"title":"C\u00e0psules 1 i 2: Promoure un bon clima de grup i Reparar situacions de conflicte - SEER","robots":{"index":"index","follow":"follow","max-snippet":"max-snippet:-1","max-image-preview":"max-image-preview:large","max-video-preview":"max-video-preview:-1"},"canonical":"https:\/\/salutieducacioemocional.com\/ca\/producte\/capsules-promoure-bon-clima-grup-reparar-situacions-conflicte\/","og_locale":"ca_ES","og_type":"article","og_title":"C\u00e0psules 1 i 2: Promoure un bon clima de grup i Reparar situacions de conflicte - SEER","og_description":"Aquest estiu, us apropem dues noves c\u00e0psules formatives presencials que us dotaran de recursos i estrat\u00e8gies per a l\u2019acompanyament a grups.  C\u00e0psula 1. Promoure un bon clima de grup: estrat\u00e8gies per a l\u2019acompanyament a grups  Una formaci\u00f3 que, des d\u2019una mirada preventiva, et dotar\u00e0 d\u2019eines i recursos per afavorir el benestar i la conviv\u00e8ncia en els grups que acompanyes.  Aquesta c\u00e0psula t\u00e9 una durada de 3 hores i s\u2019impartir\u00e0 el dilluns 1 de juliol, en horari de 10 a 13h a la Sala Origen de SEER, a Barcelona.  C\u00e0psula 2. Reparar situacions de conflicte: estrat\u00e8gies per a l\u2019acompanyament a grups  Una formaci\u00f3 que posa la mirada en com acompanyem un grup que ha viscut una situaci\u00f3 de conflicte, no nom\u00e9s mirant de resoldre el conflicte en termes de negociaci\u00f3 i pactes, sin\u00f3 sobretot reparant el dolor emocional que la situaci\u00f3 hagi pogut generar.  Aquesta c\u00e0psula t\u00e9 una durada de 3 hores i s\u2019impartir\u00e0 el dimarts 2 de juliol, en horari de 10 a 13h a la Sala Origen de SEER, a Barcelona.  Cadascuna d\u2019aquestes c\u00e0psules formatives t\u00e9 un preu de 90\u20ac, en cas que decideixis cursar-les totes dues, podr\u00e0s gaudir d\u2019un preu especial de 140\u20ac (estalviant-te 40\u20ac en la teva inscripci\u00f3).  D\u2019altra banda, recorda afegir a la teva cistella un Mapa Emocional en cas que vulguis aprofitar la formaci\u00f3 per adquirir aquest recurs sense haver de pagar despeses d\u2019enviament.","og_url":"https:\/\/salutieducacioemocional.com\/ca\/producte\/capsules-promoure-bon-clima-grup-reparar-situacions-conflicte\/","og_site_name":"SEER","article_publisher":"https:\/\/www.facebook.com\/equipseer","article_modified_time":"2024-06-04T07:14:21+00:00","og_image":[{"width":1080,"height":1080,"url":"https:\/\/salutieducacioemocional.com\/wp-content\/uploads\/2024\/05\/2.png","type":"image\/png"}],"twitter_card":"summary_large_image","twitter_site":"@equipseer","schema":{"@context":"https:\/\/schema.org","@graph":[{"@type":"WebPage","@id":"https:\/\/salutieducacioemocional.com\/ca\/producte\/capsules-promoure-bon-clima-grup-reparar-situacions-conflicte\/","url":"https:\/\/salutieducacioemocional.com\/ca\/producte\/capsules-promoure-bon-clima-grup-reparar-situacions-conflicte\/","name":"C\u00e0psules 1 i 2: Promoure un bon clima de grup i Reparar situacions de conflicte - SEER","isPartOf":{"@id":"https:\/\/salutieducacioemocional.com\/#website"},"primaryImageOfPage":{"@id":"https:\/\/salutieducacioemocional.com\/ca\/producte\/capsules-promoure-bon-clima-grup-reparar-situacions-conflicte\/#primaryimage"},"image":{"@id":"https:\/\/salutieducacioemocional.com\/ca\/producte\/capsules-promoure-bon-clima-grup-reparar-situacions-conflicte\/#primaryimage"},"thumbnailUrl":"https:\/\/salutieducacioemocional.com\/wp-content\/uploads\/2024\/05\/2.png","datePublished":"2024-06-03T17:47:38+00:00","dateModified":"2024-06-04T07:14:21+00:00","breadcrumb":{"@id":"https:\/\/salutieducacioemocional.com\/ca\/producte\/capsules-promoure-bon-clima-grup-reparar-situacions-conflicte\/#breadcrumb"},"inLanguage":"ca","potentialAction":[{"@type":"ReadAction","target":["https:\/\/salutieducacioemocional.com\/ca\/producte\/capsules-promoure-bon-clima-grup-reparar-situacions-conflicte\/"]}]},{"@type":"ImageObject","inLanguage":"ca","@id":"https:\/\/salutieducacioemocional.com\/ca\/producte\/capsules-promoure-bon-clima-grup-reparar-situacions-conflicte\/#primaryimage","url":"https:\/\/salutieducacioemocional.com\/wp-content\/uploads\/2024\/05\/2.png","contentUrl":"https:\/\/salutieducacioemocional.com\/wp-content\/uploads\/2024\/05\/2.png","width":1080,"height":1080},{"@type":"BreadcrumbList","@id":"https:\/\/salutieducacioemocional.com\/ca\/producte\/capsules-promoure-bon-clima-grup-reparar-situacions-conflicte\/#breadcrumb","itemListElement":[{"@type":"ListItem","position":1,"name":"Portada","item":"https:\/\/salutieducacioemocional.com\/"},{"@type":"ListItem","position":2,"name":"Tienda","item":"https:\/\/salutieducacioemocional.com\/ca\/botiga\/"},{"@type":"ListItem","position":3,"name":"C\u00e0psules 1 i 2: Promoure un bon clima de grup i Reparar situacions de conflicte"}]},{"@type":"WebSite","@id":"https:\/\/salutieducacioemocional.com\/#website","url":"https:\/\/salutieducacioemocional.com\/","name":"SEER","description":"Salut i Educaci\u00f3 Emocional","publisher":{"@id":"https:\/\/salutieducacioemocional.com\/#organization"},"potentialAction":[{"@type":"SearchAction","target":{"@type":"EntryPoint","urlTemplate":"https:\/\/salutieducacioemocional.com\/?s={search_term_string}"},"query-input":{"@type":"PropertyValueSpecification","valueRequired":true,"valueName":"search_term_string"}}],"inLanguage":"ca"},{"@type":"Organization","@id":"https:\/\/salutieducacioemocional.com\/#organization","name":"Salut i Educaci\u00f3 Emocional S.L","alternateName":"SEER","url":"https:\/\/salutieducacioemocional.com\/","logo":{"@type":"ImageObject","inLanguage":"ca","@id":"https:\/\/salutieducacioemocional.com\/#\/schema\/logo\/image\/","url":"https:\/\/salutieducacioemocional.com\/wp-content\/uploads\/2018\/12\/cropped-educacion-emocional-seer-e1545471861400.png","contentUrl":"https:\/\/salutieducacioemocional.com\/wp-content\/uploads\/2018\/12\/cropped-educacion-emocional-seer-e1545471861400.png","width":200,"height":78,"caption":"Salut i Educaci\u00f3 Emocional S.L"},"image":{"@id":"https:\/\/salutieducacioemocional.com\/#\/schema\/logo\/image\/"},"sameAs":["https:\/\/www.facebook.com\/equipseer","https:\/\/x.com\/equipseer","https:\/\/www.instagram.com\/equipseer\/","https:\/\/www.linkedin.com\/company\/9231569\/admin\/","https:\/\/www.youtube.com\/@equipseer","https:\/\/t.me\/seer_info"]}]}},"_links":{"self":[{"href":"https:\/\/salutieducacioemocional.com\/ca\/wp-json\/wp\/v2\/product\/11569","targetHints":{"allow":["GET"]}}],"collection":[{"href":"https:\/\/salutieducacioemocional.com\/ca\/wp-json\/wp\/v2\/product"}],"about":[{"href":"https:\/\/salutieducacioemocional.com\/ca\/wp-json\/wp\/v2\/types\/product"}],"replies":[{"embeddable":true,"href":"https:\/\/salutieducacioemocional.com\/ca\/wp-json\/wp\/v2\/comments?post=11569"}],"wp:featuredmedia":[{"embeddable":true,"href":"https:\/\/salutieducacioemocional.com\/ca\/wp-json\/wp\/v2\/media\/11584"}],"wp:attachment":[{"href":"https:\/\/salutieducacioemocional.com\/ca\/wp-json\/wp\/v2\/media?parent=11569"}],"wp:term":[{"taxonomy":"product_brand","embeddable":true,"href":"https:\/\/salutieducacioemocional.com\/ca\/wp-json\/wp\/v2\/product_brand?post=11569"},{"taxonomy":"product_cat","embeddable":true,"href":"https:\/\/salutieducacioemocional.com\/ca\/wp-json\/wp\/v2\/product_cat?post=11569"},{"taxonomy":"product_tag","embeddable":true,"href":"https:\/\/salutieducacioemocional.com\/ca\/wp-json\/wp\/v2\/product_tag?post=11569"}],"curies":[{"name":"wp","href":"https:\/\/api.w.org\/{rel}","templated":true}]}}