{"id":2558,"date":"2019-01-06T09:20:57","date_gmt":"2019-01-06T09:20:57","guid":{"rendered":"https:\/\/salutieducacioemocional.com\/?post_type=product&#038;p=2558"},"modified":"2025-07-28T11:15:56","modified_gmt":"2025-07-28T11:15:56","slug":"mapes-emocionals","status":"publish","type":"product","link":"https:\/\/salutieducacioemocional.com\/ca\/producte\/mapes-emocionals\/","title":{"rendered":"Mapes Emocionals"},"content":{"rendered":"<p>El Mapa Emocional\u00ae \u00e9s el material pedag\u00f2gic desenvolupat per SEER\u00ae on es recullen emocions, sentiments i estats d\u2019\u00e0nim dins un mateix recurs. Neix d\u2019una acurada observaci\u00f3 de la dimensi\u00f3 sentida de l\u2019\u00e9sser hum\u00e0 i acull 10 fam\u00edlies b\u00e0siques d\u2019emocions que es poden treballar a qualsevol edat.<\/p>\n<p>Realitzar diferents propostes d\u2019activitats i din\u00e0miques per treballar el Desenvolupament Socioemocional des de qualsevol mirada pedag\u00f2gica. Recomanat per:<br \/>\n&#8211; Ampliar el vocabulari emocional (consci\u00e8ncia del sentir).<br \/>\n&#8211; Realitzar activitats d\u2019educaci\u00f3 emocional.<br \/>\n&#8211; Comprendre la pr\u00f2pia dimensi\u00f3 emocional.<br \/>\n&#8211; Entrenar habilitats socioemocionals.<br \/>\n&#8211; Mapejar realitats emocionals simples i complexes.<br \/>\n&#8211; [\u2026]<\/p>\n<p>Dins la capsa trobareu diferents paraules que donen suport a l\u2019acompanyament (targetes blanques i turqueses) per tal que us ajudi a poder sostenir processos, tant des d\u2019una tutoria individualitzada com dins d\u2019un acompanyament terap\u00e8utic. Tamb\u00e9 trobareu \u201csentiments primitius\u201d (targetes grises), paraules claus que ajuden a treballar la reactivitat (control<br \/>\nemocional) i la resposta (gesti\u00f3 d\u2019emocions).<\/p>\n<p>CONTINGUT<\/p>\n<p>&#8211; 93 targetes d\u2019emocions, sentiments i estats d\u2019\u00e0nim<br \/>\n&#8211; 11 targetes de sentiments potencialment reactius<br \/>\n&#8211; 10 targetes d\u2019habilitats<br \/>\n&#8211; 23 targetes de suport pedag\u00f2gic<\/p>\n<p>DESTINATARIS\/ES:<br \/>\n&#8211; \u00das a partir de 7 anys.<br \/>\n&#8211; En companyia d\u2019un adult a partir de 3 anys.<\/p>\n<p>Pensat per a l\u2019\u00fas educatiu:<br \/>\n&#8211; Professionals de l\u2019Educaci\u00f3.<br \/>\n&#8211; Fam\u00edlies.<br \/>\n&#8211; Professionals de la psicologia.<br \/>\n&#8211; Professional de l\u2019\u00e0mbit social i comunitari.<br \/>\n&#8211; Professionals de la salut.<br \/>\n&#8211; Directors\/es de cine (comprensi\u00f3 dels personatges).<br \/>\n&#8211; [&#8230;]<\/p>\n<p>***<\/p>\n<p><strong>Botigues Oficials Autoritzades per comprar-lo f\u00edsicament:<\/strong><\/p>\n<p>Librer\u00eda la 2 de Viladrich &#8211; <a tabindex=\"0\" href=\"https:\/\/www.google.com\/maps\/place\/\/data=!4m2!3m1!1s0x12a0e4a6e8411cdf:0xa3f42c920801f3ac?sa=X&amp;ved=1t:8290&amp;ictx=111\" data-url=\"\/maps\/place\/\/data=!4m2!3m1!1s0x12a0e4a6e8411cdf:0xa3f42c920801f3ac?sa=X&amp;ved=2ahUKEwiE-IijoYGKAxX4T6QEHYSrPW8Q4kB6BAgJEAA\">Carrer Crist\u00f2fol Despuig, 22, 43500 Tortosa, Tarragona<\/a><\/p>\n<p>ALIBRI Librer\u00eda &#8211; <a tabindex=\"0\" href=\"https:\/\/www.google.com\/maps\/place\/\/data=!4m2!3m1!1s0x12a4a2f32d774ded:0x1eed0276a5c0d75f?sa=X&amp;ved=1t:8290&amp;ictx=111\" data-url=\"\/maps\/place\/\/data=!4m2!3m1!1s0x12a4a2f32d774ded:0x1eed0276a5c0d75f?sa=X&amp;ved=2ahUKEwip_c24oYGKAxW8TaQEHajVFBEQ4kB6BAgIEAA\">Carrer de Balmes, 26, L&#8217;Eixample, 08007 Barcelona<\/a><\/p>\n","protected":false},"excerpt":{"rendered":"<p>* Pots escollir entre la versi\u00f3 del producte en catal\u00e0 i la versi\u00f3 en castell\u00e0.<\/p>\n<p>* (IVA incl\u00f2s. Cost de transport 5,99\u202f\u20ac).<\/p>\n<p>* Si necessites factura, si us plau, fes-nos-ho saber en el quadre de &#8220;Notes de la comanda&#8221; de la p\u00e0gina de confirmaci\u00f3 de la comanda.<\/p>\n","protected":false},"featured_media":3132,"comment_status":"open","ping_status":"closed","template":"","meta":[],"product_brand":[],"product_cat":[175],"product_tag":[],"class_list":{"0":"post-2558","1":"product","2":"type-product","3":"status-publish","4":"has-post-thumbnail","6":"product_cat-mapes-emocionals","8":"first","9":"instock","10":"taxable","11":"shipping-taxable","12":"purchasable","13":"product-type-variable"},"yoast_head":"<!-- This site is optimized with the Yoast SEO plugin v27.3 - https:\/\/yoast.com\/product\/yoast-seo-wordpress\/ -->\n<title>Mapes Emocionals - SEER<\/title>\n<meta name=\"description\" content=\"Material pedag\u00f2gic de SEER on es recullen emocions, sentiments i estats d\u2019\u00e0nim dins un mateix recurs. Acull 10 fam\u00edlies b\u00e0siques d\u2019emocions.\" \/>\n<meta name=\"robots\" content=\"index, follow, max-snippet:-1, max-image-preview:large, max-video-preview:-1\" \/>\n<link rel=\"canonical\" href=\"https:\/\/salutieducacioemocional.com\/ca\/producte\/mapes-emocionals\/\" \/>\n<meta property=\"og:locale\" content=\"ca_ES\" \/>\n<meta property=\"og:type\" content=\"article\" \/>\n<meta property=\"og:title\" content=\"Mapes Emocionals - SEER\" \/>\n<meta property=\"og:description\" content=\"Material pedag\u00f2gic de SEER on es recullen emocions, sentiments i estats d\u2019\u00e0nim dins un mateix recurs. Acull 10 fam\u00edlies b\u00e0siques d\u2019emocions.\" \/>\n<meta property=\"og:url\" content=\"https:\/\/salutieducacioemocional.com\/ca\/producte\/mapes-emocionals\/\" \/>\n<meta property=\"og:site_name\" content=\"SEER\" \/>\n<meta property=\"article:publisher\" content=\"https:\/\/www.facebook.com\/equipseer\" \/>\n<meta property=\"article:modified_time\" content=\"2025-07-28T11:15:56+00:00\" \/>\n<meta property=\"og:image\" content=\"https:\/\/salutieducacioemocional.com\/wp-content\/uploads\/2019\/01\/mapes-emocionals-seer.jpeg\" \/>\n\t<meta property=\"og:image:width\" content=\"550\" \/>\n\t<meta property=\"og:image:height\" content=\"550\" \/>\n\t<meta property=\"og:image:type\" content=\"image\/jpeg\" \/>\n<meta name=\"twitter:card\" content=\"summary_large_image\" \/>\n<meta name=\"twitter:site\" content=\"@equipseer\" \/>\n<script type=\"application\/ld+json\" class=\"yoast-schema-graph\">{\"@context\":\"https:\\\/\\\/schema.org\",\"@graph\":[{\"@type\":\"WebPage\",\"@id\":\"https:\\\/\\\/salutieducacioemocional.com\\\/ca\\\/producte\\\/mapes-emocionals\\\/\",\"url\":\"https:\\\/\\\/salutieducacioemocional.com\\\/ca\\\/producte\\\/mapes-emocionals\\\/\",\"name\":\"Mapes Emocionals - SEER\",\"isPartOf\":{\"@id\":\"https:\\\/\\\/salutieducacioemocional.com\\\/#website\"},\"primaryImageOfPage\":{\"@id\":\"https:\\\/\\\/salutieducacioemocional.com\\\/ca\\\/producte\\\/mapes-emocionals\\\/#primaryimage\"},\"image\":{\"@id\":\"https:\\\/\\\/salutieducacioemocional.com\\\/ca\\\/producte\\\/mapes-emocionals\\\/#primaryimage\"},\"thumbnailUrl\":\"https:\\\/\\\/salutieducacioemocional.com\\\/wp-content\\\/uploads\\\/2019\\\/01\\\/mapes-emocionals-seer.jpeg\",\"datePublished\":\"2019-01-06T09:20:57+00:00\",\"dateModified\":\"2025-07-28T11:15:56+00:00\",\"description\":\"Material pedag\u00f2gic de SEER on es recullen emocions, sentiments i estats d\u2019\u00e0nim dins un mateix recurs. Acull 10 fam\u00edlies b\u00e0siques d\u2019emocions.\",\"breadcrumb\":{\"@id\":\"https:\\\/\\\/salutieducacioemocional.com\\\/ca\\\/producte\\\/mapes-emocionals\\\/#breadcrumb\"},\"inLanguage\":\"ca\",\"potentialAction\":[{\"@type\":\"ReadAction\",\"target\":[\"https:\\\/\\\/salutieducacioemocional.com\\\/ca\\\/producte\\\/mapes-emocionals\\\/\"]}]},{\"@type\":\"ImageObject\",\"inLanguage\":\"ca\",\"@id\":\"https:\\\/\\\/salutieducacioemocional.com\\\/ca\\\/producte\\\/mapes-emocionals\\\/#primaryimage\",\"url\":\"https:\\\/\\\/salutieducacioemocional.com\\\/wp-content\\\/uploads\\\/2019\\\/01\\\/mapes-emocionals-seer.jpeg\",\"contentUrl\":\"https:\\\/\\\/salutieducacioemocional.com\\\/wp-content\\\/uploads\\\/2019\\\/01\\\/mapes-emocionals-seer.jpeg\",\"width\":550,\"height\":550,\"caption\":\"Mapa emocional SEER\"},{\"@type\":\"BreadcrumbList\",\"@id\":\"https:\\\/\\\/salutieducacioemocional.com\\\/ca\\\/producte\\\/mapes-emocionals\\\/#breadcrumb\",\"itemListElement\":[{\"@type\":\"ListItem\",\"position\":1,\"name\":\"Portada\",\"item\":\"https:\\\/\\\/salutieducacioemocional.com\\\/\"},{\"@type\":\"ListItem\",\"position\":2,\"name\":\"Tienda\",\"item\":\"https:\\\/\\\/salutieducacioemocional.com\\\/ca\\\/botiga\\\/\"},{\"@type\":\"ListItem\",\"position\":3,\"name\":\"Mapes Emocionals\"}]},{\"@type\":\"WebSite\",\"@id\":\"https:\\\/\\\/salutieducacioemocional.com\\\/#website\",\"url\":\"https:\\\/\\\/salutieducacioemocional.com\\\/\",\"name\":\"SEER\",\"description\":\"Salut i Educaci\u00f3 Emocional\",\"publisher\":{\"@id\":\"https:\\\/\\\/salutieducacioemocional.com\\\/#organization\"},\"potentialAction\":[{\"@type\":\"SearchAction\",\"target\":{\"@type\":\"EntryPoint\",\"urlTemplate\":\"https:\\\/\\\/salutieducacioemocional.com\\\/?s={search_term_string}\"},\"query-input\":{\"@type\":\"PropertyValueSpecification\",\"valueRequired\":true,\"valueName\":\"search_term_string\"}}],\"inLanguage\":\"ca\"},{\"@type\":\"Organization\",\"@id\":\"https:\\\/\\\/salutieducacioemocional.com\\\/#organization\",\"name\":\"Salut i Educaci\u00f3 Emocional S.L\",\"alternateName\":\"SEER\",\"url\":\"https:\\\/\\\/salutieducacioemocional.com\\\/\",\"logo\":{\"@type\":\"ImageObject\",\"inLanguage\":\"ca\",\"@id\":\"https:\\\/\\\/salutieducacioemocional.com\\\/#\\\/schema\\\/logo\\\/image\\\/\",\"url\":\"https:\\\/\\\/salutieducacioemocional.com\\\/wp-content\\\/uploads\\\/2018\\\/12\\\/cropped-educacion-emocional-seer-e1545471861400.png\",\"contentUrl\":\"https:\\\/\\\/salutieducacioemocional.com\\\/wp-content\\\/uploads\\\/2018\\\/12\\\/cropped-educacion-emocional-seer-e1545471861400.png\",\"width\":200,\"height\":78,\"caption\":\"Salut i Educaci\u00f3 Emocional S.L\"},\"image\":{\"@id\":\"https:\\\/\\\/salutieducacioemocional.com\\\/#\\\/schema\\\/logo\\\/image\\\/\"},\"sameAs\":[\"https:\\\/\\\/www.facebook.com\\\/equipseer\",\"https:\\\/\\\/x.com\\\/equipseer\",\"https:\\\/\\\/www.instagram.com\\\/equipseer\\\/\",\"https:\\\/\\\/www.linkedin.com\\\/company\\\/9231569\\\/admin\\\/\",\"https:\\\/\\\/www.youtube.com\\\/@equipseer\",\"https:\\\/\\\/t.me\\\/seer_info\"]}]}<\/script>\n<!-- \/ Yoast SEO plugin. -->","yoast_head_json":{"title":"Mapes Emocionals - SEER","description":"Material pedag\u00f2gic de SEER on es recullen emocions, sentiments i estats d\u2019\u00e0nim dins un mateix recurs. Acull 10 fam\u00edlies b\u00e0siques d\u2019emocions.","robots":{"index":"index","follow":"follow","max-snippet":"max-snippet:-1","max-image-preview":"max-image-preview:large","max-video-preview":"max-video-preview:-1"},"canonical":"https:\/\/salutieducacioemocional.com\/ca\/producte\/mapes-emocionals\/","og_locale":"ca_ES","og_type":"article","og_title":"Mapes Emocionals - SEER","og_description":"Material pedag\u00f2gic de SEER on es recullen emocions, sentiments i estats d\u2019\u00e0nim dins un mateix recurs. Acull 10 fam\u00edlies b\u00e0siques d\u2019emocions.","og_url":"https:\/\/salutieducacioemocional.com\/ca\/producte\/mapes-emocionals\/","og_site_name":"SEER","article_publisher":"https:\/\/www.facebook.com\/equipseer","article_modified_time":"2025-07-28T11:15:56+00:00","og_image":[{"width":550,"height":550,"url":"https:\/\/salutieducacioemocional.com\/wp-content\/uploads\/2019\/01\/mapes-emocionals-seer.jpeg","type":"image\/jpeg"}],"twitter_card":"summary_large_image","twitter_site":"@equipseer","schema":{"@context":"https:\/\/schema.org","@graph":[{"@type":"WebPage","@id":"https:\/\/salutieducacioemocional.com\/ca\/producte\/mapes-emocionals\/","url":"https:\/\/salutieducacioemocional.com\/ca\/producte\/mapes-emocionals\/","name":"Mapes Emocionals - SEER","isPartOf":{"@id":"https:\/\/salutieducacioemocional.com\/#website"},"primaryImageOfPage":{"@id":"https:\/\/salutieducacioemocional.com\/ca\/producte\/mapes-emocionals\/#primaryimage"},"image":{"@id":"https:\/\/salutieducacioemocional.com\/ca\/producte\/mapes-emocionals\/#primaryimage"},"thumbnailUrl":"https:\/\/salutieducacioemocional.com\/wp-content\/uploads\/2019\/01\/mapes-emocionals-seer.jpeg","datePublished":"2019-01-06T09:20:57+00:00","dateModified":"2025-07-28T11:15:56+00:00","description":"Material pedag\u00f2gic de SEER on es recullen emocions, sentiments i estats d\u2019\u00e0nim dins un mateix recurs. Acull 10 fam\u00edlies b\u00e0siques d\u2019emocions.","breadcrumb":{"@id":"https:\/\/salutieducacioemocional.com\/ca\/producte\/mapes-emocionals\/#breadcrumb"},"inLanguage":"ca","potentialAction":[{"@type":"ReadAction","target":["https:\/\/salutieducacioemocional.com\/ca\/producte\/mapes-emocionals\/"]}]},{"@type":"ImageObject","inLanguage":"ca","@id":"https:\/\/salutieducacioemocional.com\/ca\/producte\/mapes-emocionals\/#primaryimage","url":"https:\/\/salutieducacioemocional.com\/wp-content\/uploads\/2019\/01\/mapes-emocionals-seer.jpeg","contentUrl":"https:\/\/salutieducacioemocional.com\/wp-content\/uploads\/2019\/01\/mapes-emocionals-seer.jpeg","width":550,"height":550,"caption":"Mapa emocional SEER"},{"@type":"BreadcrumbList","@id":"https:\/\/salutieducacioemocional.com\/ca\/producte\/mapes-emocionals\/#breadcrumb","itemListElement":[{"@type":"ListItem","position":1,"name":"Portada","item":"https:\/\/salutieducacioemocional.com\/"},{"@type":"ListItem","position":2,"name":"Tienda","item":"https:\/\/salutieducacioemocional.com\/ca\/botiga\/"},{"@type":"ListItem","position":3,"name":"Mapes Emocionals"}]},{"@type":"WebSite","@id":"https:\/\/salutieducacioemocional.com\/#website","url":"https:\/\/salutieducacioemocional.com\/","name":"SEER","description":"Salut i Educaci\u00f3 Emocional","publisher":{"@id":"https:\/\/salutieducacioemocional.com\/#organization"},"potentialAction":[{"@type":"SearchAction","target":{"@type":"EntryPoint","urlTemplate":"https:\/\/salutieducacioemocional.com\/?s={search_term_string}"},"query-input":{"@type":"PropertyValueSpecification","valueRequired":true,"valueName":"search_term_string"}}],"inLanguage":"ca"},{"@type":"Organization","@id":"https:\/\/salutieducacioemocional.com\/#organization","name":"Salut i Educaci\u00f3 Emocional S.L","alternateName":"SEER","url":"https:\/\/salutieducacioemocional.com\/","logo":{"@type":"ImageObject","inLanguage":"ca","@id":"https:\/\/salutieducacioemocional.com\/#\/schema\/logo\/image\/","url":"https:\/\/salutieducacioemocional.com\/wp-content\/uploads\/2018\/12\/cropped-educacion-emocional-seer-e1545471861400.png","contentUrl":"https:\/\/salutieducacioemocional.com\/wp-content\/uploads\/2018\/12\/cropped-educacion-emocional-seer-e1545471861400.png","width":200,"height":78,"caption":"Salut i Educaci\u00f3 Emocional S.L"},"image":{"@id":"https:\/\/salutieducacioemocional.com\/#\/schema\/logo\/image\/"},"sameAs":["https:\/\/www.facebook.com\/equipseer","https:\/\/x.com\/equipseer","https:\/\/www.instagram.com\/equipseer\/","https:\/\/www.linkedin.com\/company\/9231569\/admin\/","https:\/\/www.youtube.com\/@equipseer","https:\/\/t.me\/seer_info"]}]}},"_links":{"self":[{"href":"https:\/\/salutieducacioemocional.com\/ca\/wp-json\/wp\/v2\/product\/2558","targetHints":{"allow":["GET"]}}],"collection":[{"href":"https:\/\/salutieducacioemocional.com\/ca\/wp-json\/wp\/v2\/product"}],"about":[{"href":"https:\/\/salutieducacioemocional.com\/ca\/wp-json\/wp\/v2\/types\/product"}],"replies":[{"embeddable":true,"href":"https:\/\/salutieducacioemocional.com\/ca\/wp-json\/wp\/v2\/comments?post=2558"}],"wp:featuredmedia":[{"embeddable":true,"href":"https:\/\/salutieducacioemocional.com\/ca\/wp-json\/wp\/v2\/media\/3132"}],"wp:attachment":[{"href":"https:\/\/salutieducacioemocional.com\/ca\/wp-json\/wp\/v2\/media?parent=2558"}],"wp:term":[{"taxonomy":"product_brand","embeddable":true,"href":"https:\/\/salutieducacioemocional.com\/ca\/wp-json\/wp\/v2\/product_brand?post=2558"},{"taxonomy":"product_cat","embeddable":true,"href":"https:\/\/salutieducacioemocional.com\/ca\/wp-json\/wp\/v2\/product_cat?post=2558"},{"taxonomy":"product_tag","embeddable":true,"href":"https:\/\/salutieducacioemocional.com\/ca\/wp-json\/wp\/v2\/product_tag?post=2558"}],"curies":[{"name":"wp","href":"https:\/\/api.w.org\/{rel}","templated":true}]}}